{"id":2612,"date":"2023-12-13T11:13:06","date_gmt":"2023-12-13T11:13:06","guid":{"rendered":"https:\/\/enraizarte.es\/1700055206209\/?page_id=2612"},"modified":"2026-01-14T11:37:55","modified_gmt":"2026-01-14T11:37:55","slug":"nosotros","status":"publish","type":"page","link":"https:\/\/enraizarte.es\/en\/nosotros\/","title":{"rendered":"Us"},"content":{"rendered":"<div data-elementor-type=\"wp-page\" data-elementor-id=\"2612\" class=\"elementor elementor-2612\" data-elementor-post-type=\"page\">\n\t\t\t\t<div class=\"elementor-element elementor-element-07e2e75 e-flex e-con-boxed e-con e-parent\" data-id=\"07e2e75\" data-element_type=\"container\" data-e-type=\"container\">\n\t\t\t\t\t<div class=\"e-con-inner\">\n\t\t\t\t<div class=\"elementor-element elementor-element-a4f9d0c elementor-widget elementor-widget-heading\" data-id=\"a4f9d0c\" data-element_type=\"widget\" data-e-type=\"widget\" data-widget_type=\"heading.default\">\n\t\t\t\t<div class=\"elementor-widget-container\">\n\t\t\t\t\t<h1 class=\"elementor-heading-title elementor-size-default\">Mexican artisans<\/h1>\t\t\t\t<\/div>\n\t\t\t\t<\/div>\n\t\t\t\t<div class=\"elementor-element elementor-element-13344e2 elementor-widget elementor-widget-text-editor\" data-id=\"13344e2\" data-element_type=\"widget\" data-e-type=\"widget\" data-widget_type=\"text-editor.default\">\n\t\t\t\t<div class=\"elementor-widget-container\">\n\t\t\t\t\t\t\t\t\t<p>We are passionate about the craftsmanship of our country and we love sharing the history and context of the pieces we bring. All carefully selected by Daniela, Mexican artist and initiator of this project.<\/p>\t\t\t\t\t\t\t\t<\/div>\n\t\t\t\t<\/div>\n\t\t\t\t<div class=\"elementor-element elementor-element-866fa7d elementor-widget-divider--view-line elementor-widget elementor-widget-divider\" data-id=\"866fa7d\" data-element_type=\"widget\" data-e-type=\"widget\" data-widget_type=\"divider.default\">\n\t\t\t\t<div class=\"elementor-widget-container\">\n\t\t\t\t\t\t\t<div class=\"elementor-divider\">\n\t\t\t<span class=\"elementor-divider-separator\">\n\t\t\t\t\t\t<\/span>\n\t\t<\/div>\n\t\t\t\t\t\t<\/div>\n\t\t\t\t<\/div>\n\t\t\t\t\t<\/div>\n\t\t\t\t<\/div>\n\t\t<div class=\"elementor-element elementor-element-1970bbc e-flex e-con-boxed e-con e-parent\" data-id=\"1970bbc\" data-element_type=\"container\" data-e-type=\"container\">\n\t\t\t\t\t<div class=\"e-con-inner\">\n\t\t<div class=\"elementor-element elementor-element-8479eac e-con-full e-flex e-con e-child\" data-id=\"8479eac\" data-element_type=\"container\" data-e-type=\"container\">\n\t\t\t\t<div class=\"elementor-element elementor-element-cbe4b5e elementor-widget elementor-widget-heading\" data-id=\"cbe4b5e\" data-element_type=\"widget\" data-e-type=\"widget\" data-widget_type=\"heading.default\">\n\t\t\t\t<div class=\"elementor-widget-container\">\n\t\t\t\t\t<h2 class=\"elementor-heading-title elementor-size-default\">Daniela Flores Mag\u00f3n<\/h2>\t\t\t\t<\/div>\n\t\t\t\t<\/div>\n\t\t\t\t<div class=\"elementor-element elementor-element-62d6f97 elementor-widget elementor-widget-text-editor\" data-id=\"62d6f97\" data-element_type=\"widget\" data-e-type=\"widget\" data-widget_type=\"text-editor.default\">\n\t\t\t\t<div class=\"elementor-widget-container\">\n\t\t\t\t\t\t\t\t\t<p>Project mother<\/p>\t\t\t\t\t\t\t\t<\/div>\n\t\t\t\t<\/div>\n\t\t\t\t<div class=\"elementor-element elementor-element-2a0a946 elementor-widget elementor-widget-text-editor\" data-id=\"2a0a946\" data-element_type=\"widget\" data-e-type=\"widget\" data-widget_type=\"text-editor.default\">\n\t\t\t\t<div class=\"elementor-widget-container\">\n\t\t\t\t\t\t\t\t\t<p>Since her childhood, Daniela has been fascinated by the rich craftsmanship and distinctive aesthetics of Mexico. Her professional career has taken her from a biologist to an artist, with a deep knowledge of Mexican artisan traditions. His talent extends to painting and cardboard, disciplines in which he has gained international recognition, exhibiting his work and giving workshops in countries such as Mexico, Holland, Singapore and Spain. In addition, Daniela has a passion for traditional music, standing out as a performer and dancer of Son Jarocho.<\/p><p>The idea for Enraizarte arose during a sleepless night in the hot summer of Madrid. Motivated by this vision, Daniela has dedicated herself tirelessly to research, establishing connections with local artisans and artists, and carefully selecting artisan works for the project. As artistic director of Enraizarte, Daniela sets the aesthetic vision and guides the creative direction, ensuring that each piece reflects the authenticity and cultural value of Mexican craftsmanship.<\/p>\t\t\t\t\t\t\t\t<\/div>\n\t\t\t\t<\/div>\n\t\t\t\t<\/div>\n\t\t\t\t<div class=\"elementor-element elementor-element-a432c8a elementor-widget elementor-widget-image\" data-id=\"a432c8a\" data-element_type=\"widget\" data-e-type=\"widget\" data-widget_type=\"image.default\">\n\t\t\t\t<div class=\"elementor-widget-container\">\n\t\t\t\t\t\t\t\t\t\t\t\t\t\t\t<img loading=\"lazy\" decoding=\"async\" width=\"800\" height=\"933\" src=\"https:\/\/enraizarte.es\/wp-content\/uploads\/Daniela-Flores-878x1024.webp\" class=\"attachment-large size-large wp-image-2995\" alt=\"Daniela Flores artesanos mexicanos\" srcset=\"https:\/\/enraizarte.es\/wp-content\/uploads\/Daniela-Flores-878x1024.webp 878w, https:\/\/enraizarte.es\/wp-content\/uploads\/Daniela-Flores-257x300.webp 257w, https:\/\/enraizarte.es\/wp-content\/uploads\/Daniela-Flores-129x150.webp 129w, https:\/\/enraizarte.es\/wp-content\/uploads\/Daniela-Flores-768x896.webp 768w, https:\/\/enraizarte.es\/wp-content\/uploads\/Daniela-Flores-1316x1536.webp 1316w, https:\/\/enraizarte.es\/wp-content\/uploads\/Daniela-Flores-1755x2048.webp 1755w, https:\/\/enraizarte.es\/wp-content\/uploads\/Daniela-Flores-300x350.webp 300w, https:\/\/enraizarte.es\/wp-content\/uploads\/Daniela-Flores-600x700.webp 600w\" sizes=\"auto, (max-width: 800px) 100vw, 800px\" \/>\t\t\t\t\t\t\t\t\t\t\t\t\t\t\t<\/div>\n\t\t\t\t<\/div>\n\t\t\t\t\t<\/div>\n\t\t\t\t<\/div>\n\t\t<div class=\"elementor-element elementor-element-1756e53 e-flex e-con-boxed e-con e-parent\" data-id=\"1756e53\" data-element_type=\"container\" data-e-type=\"container\">\n\t\t\t\t\t<div class=\"e-con-inner\">\n\t\t\t\t<div class=\"elementor-element elementor-element-62f9912 elementor-widget elementor-widget-image\" data-id=\"62f9912\" data-element_type=\"widget\" data-e-type=\"widget\" data-widget_type=\"image.default\">\n\t\t\t\t<div class=\"elementor-widget-container\">\n\t\t\t\t\t\t\t\t\t\t\t\t\t\t\t<img loading=\"lazy\" decoding=\"async\" width=\"800\" height=\"933\" src=\"https:\/\/enraizarte.es\/wp-content\/uploads\/Oscar-878x1024.webp\" class=\"attachment-large size-large wp-image-2996\" alt=\"oscar Enriquez artesanos mexicanos\" srcset=\"https:\/\/enraizarte.es\/wp-content\/uploads\/Oscar-878x1024.webp 878w, https:\/\/enraizarte.es\/wp-content\/uploads\/Oscar-257x300.webp 257w, https:\/\/enraizarte.es\/wp-content\/uploads\/Oscar-129x150.webp 129w, https:\/\/enraizarte.es\/wp-content\/uploads\/Oscar-768x896.webp 768w, https:\/\/enraizarte.es\/wp-content\/uploads\/Oscar-1316x1536.webp 1316w, https:\/\/enraizarte.es\/wp-content\/uploads\/Oscar-1755x2048.webp 1755w, https:\/\/enraizarte.es\/wp-content\/uploads\/Oscar-300x350.webp 300w, https:\/\/enraizarte.es\/wp-content\/uploads\/Oscar-600x700.webp 600w\" sizes=\"auto, (max-width: 800px) 100vw, 800px\" \/>\t\t\t\t\t\t\t\t\t\t\t\t\t\t\t<\/div>\n\t\t\t\t<\/div>\n\t\t<div class=\"elementor-element elementor-element-a21228d e-con-full e-flex e-con e-child\" data-id=\"a21228d\" data-element_type=\"container\" data-e-type=\"container\">\n\t\t\t\t<div class=\"elementor-element elementor-element-a72f866 elementor-widget elementor-widget-heading\" data-id=\"a72f866\" data-element_type=\"widget\" data-e-type=\"widget\" data-widget_type=\"heading.default\">\n\t\t\t\t<div class=\"elementor-widget-container\">\n\t\t\t\t\t<h2 class=\"elementor-heading-title elementor-size-default\">Oscar Enriquez<\/h2>\t\t\t\t<\/div>\n\t\t\t\t<\/div>\n\t\t\t\t<div class=\"elementor-element elementor-element-ffb7330 elementor-widget elementor-widget-text-editor\" data-id=\"ffb7330\" data-element_type=\"widget\" data-e-type=\"widget\" data-widget_type=\"text-editor.default\">\n\t\t\t\t<div class=\"elementor-widget-container\">\n\t\t\t\t\t\t\t\t\t<p>Project Caretaker<\/p>\t\t\t\t\t\t\t\t<\/div>\n\t\t\t\t<\/div>\n\t\t\t\t<div class=\"elementor-element elementor-element-0ec5aca elementor-widget elementor-widget-text-editor\" data-id=\"0ec5aca\" data-element_type=\"widget\" data-e-type=\"widget\" data-widget_type=\"text-editor.default\">\n\t\t\t\t<div class=\"elementor-widget-container\">\n\t\t\t\t\t\t\t\t\t<p>Oscar, whose training as an engineer complements his talents as a percussionist and woodworking enthusiast, has played a crucial role in the development of the Enraizarte project from the beginning. Their collaboration began the morning Daniela shared her visionary idea with him. As a fundamental pillar of the team, Oscar directs the management and logistics of the project. His passion for carpentry is not only a hobby, but has also contributed significantly to Enraizarte, where he has designed and built several pieces of furniture that enrich the space, fusing functionality with art.<\/p>\t\t\t\t\t\t\t\t<\/div>\n\t\t\t\t<\/div>\n\t\t\t\t<\/div>\n\t\t\t\t\t<\/div>\n\t\t\t\t<\/div>\n\t\t<div class=\"elementor-element elementor-element-3f8b029 e-flex e-con-boxed e-con e-parent\" data-id=\"3f8b029\" data-element_type=\"container\" data-e-type=\"container\">\n\t\t\t\t\t<div class=\"e-con-inner\">\n\t\t<div class=\"elementor-element elementor-element-6f35fd7 e-flex e-con-boxed e-con e-child\" data-id=\"6f35fd7\" data-element_type=\"container\" data-e-type=\"container\">\n\t\t\t\t\t<div class=\"e-con-inner\">\n\t\t<div class=\"elementor-element elementor-element-00cdd62 e-con-full e-flex e-con e-child\" data-id=\"00cdd62\" data-element_type=\"container\" data-e-type=\"container\">\n\t\t\t\t<div class=\"elementor-element elementor-element-8a96a7e elementor-widget elementor-widget-heading\" data-id=\"8a96a7e\" data-element_type=\"widget\" data-e-type=\"widget\" data-widget_type=\"heading.default\">\n\t\t\t\t<div class=\"elementor-widget-container\">\n\t\t\t\t\t<h2 class=\"elementor-heading-title elementor-size-default\">Together we are enraizarte<\/h2>\t\t\t\t<\/div>\n\t\t\t\t<\/div>\n\t\t\t\t<div class=\"elementor-element elementor-element-59ffa62 elementor-widget elementor-widget-text-editor\" data-id=\"59ffa62\" data-element_type=\"widget\" data-e-type=\"widget\" data-widget_type=\"text-editor.default\">\n\t\t\t\t<div class=\"elementor-widget-container\">\n\t\t\t\t\t\t\t\t\t<p>We are passionate about Madrid, our home since 2016. We are in the historic and beautiful Barrio de las Letras, surrounded by other shops and small businesses that give life and character to the neighborhood.<\/p>\t\t\t\t\t\t\t\t<\/div>\n\t\t\t\t<\/div>\n\t\t\t\t<div class=\"elementor-element elementor-element-389664c elementor-widget__width-inherit elementor-widget elementor-widget-text-editor\" data-id=\"389664c\" data-element_type=\"widget\" data-e-type=\"widget\" data-widget_type=\"text-editor.default\">\n\t\t\t\t<div class=\"elementor-widget-container\">\n\t\t\t\t\t\t\t\t\t<p>Here you can also discover what <strong>Time Out<\/strong> says about us.\u00a0 <span style=\"text-decoration: underline;\"><a href=\"https:\/\/www.timeout.es\/madrid\/es\/tiendas\/enraizarte\"><strong>Read more<\/strong><\/a><\/span><\/p>\t\t\t\t\t\t\t\t<\/div>\n\t\t\t\t<\/div>\n\t\t\t\t<\/div>\n\t\t\t\t\t<\/div>\n\t\t\t\t<\/div>\n\t\t\t\t\t<\/div>\n\t\t\t\t<\/div>\n\t\t<div class=\"elementor-element elementor-element-23d0599 e-flex e-con-boxed e-con e-parent\" data-id=\"23d0599\" data-element_type=\"container\" data-e-type=\"container\" data-settings=\"{&quot;background_background&quot;:&quot;classic&quot;}\">\n\t\t\t\t\t<div class=\"e-con-inner\">\n\t\t<div class=\"elementor-element elementor-element-50d915f e-con-full e-flex e-con e-child\" data-id=\"50d915f\" data-element_type=\"container\" data-e-type=\"container\">\n\t\t\t\t<div class=\"elementor-element elementor-element-6255b82 elementor-widget__width-initial elementor-widget elementor-widget-heading\" data-id=\"6255b82\" data-element_type=\"widget\" data-e-type=\"widget\" data-widget_type=\"heading.default\">\n\t\t\t\t<div class=\"elementor-widget-container\">\n\t\t\t\t\t<h2 class=\"elementor-heading-title elementor-size-default\">Our store, a COLORFUL WORLD<\/h2>\t\t\t\t<\/div>\n\t\t\t\t<\/div>\n\t\t\t\t<div class=\"elementor-element elementor-element-fca6af9 elementor-widget__width-initial elementor-widget elementor-widget-text-editor\" data-id=\"fca6af9\" data-element_type=\"widget\" data-e-type=\"widget\" data-widget_type=\"text-editor.default\">\n\t\t\t\t<div class=\"elementor-widget-container\">\n\t\t\t\t\t\t\t\t\t<p>Our store is a party of color that evokes the joy we feel when entering a Mexican market. Here you will find a wide variety of works made with various techniques, which have been found on our travels, traveling thousands of kilometers to visit artists&#039; workshops, creating direct and trusting relationships, since we began to build this project in 2016. Always We are looking for more interesting objects to bring and share, that are made by people who are masters in their techniques, the result of a deep-rooted tradition or with a novel creative proposal.<\/p><p>Enraizarte is also a place to meet, sit around a table and create in company through the artisan techniques workshops that we organize and teach.<\/p>\t\t\t\t\t\t\t\t<\/div>\n\t\t\t\t<\/div>\n\t\t\t\t<div class=\"elementor-element elementor-element-71cc25d elementor-align-left elementor-widget__width-initial elementor-widget elementor-widget-button\" data-id=\"71cc25d\" data-element_type=\"widget\" data-e-type=\"widget\" data-widget_type=\"button.default\">\n\t\t\t\t<div class=\"elementor-widget-container\">\n\t\t\t\t\t\t\t\t\t<div class=\"elementor-button-wrapper\">\n\t\t\t\t\t<a class=\"elementor-button elementor-button-link elementor-size-sm\" href=\"\/en\/contacto\/\" target=\"_blank\">\n\t\t\t\t\t\t<span class=\"elementor-button-content-wrapper\">\n\t\t\t\t\t\t\t\t\t<span class=\"elementor-button-text\">Contact us<\/span>\n\t\t\t\t\t<\/span>\n\t\t\t\t\t<\/a>\n\t\t\t\t<\/div>\n\t\t\t\t\t\t\t\t<\/div>\n\t\t\t\t<\/div>\n\t\t\t\t<\/div>\n\t\t<div class=\"elementor-element elementor-element-de2414a e-con-full e-flex e-con e-child\" data-id=\"de2414a\" data-element_type=\"container\" data-e-type=\"container\">\n\t\t\t\t<div class=\"elementor-element elementor-element-66d52f9 elementor-widget elementor-widget-image\" data-id=\"66d52f9\" data-element_type=\"widget\" data-e-type=\"widget\" data-widget_type=\"image.default\">\n\t\t\t\t<div class=\"elementor-widget-container\">\n\t\t\t\t\t\t\t\t\t\t\t\t\t\t\t<img loading=\"lazy\" decoding=\"async\" width=\"800\" height=\"800\" src=\"https:\/\/enraizarte.es\/wp-content\/uploads\/tienda-de-artesania-mexicana-madrid-1024x1024.webp\" class=\"attachment-large size-large wp-image-2997\" alt=\"Tienda de artesan\u00eda mexicana de Enraizarte en Madrid\" srcset=\"https:\/\/enraizarte.es\/wp-content\/uploads\/tienda-de-artesania-mexicana-madrid-1024x1024.webp 1024w, https:\/\/enraizarte.es\/wp-content\/uploads\/tienda-de-artesania-mexicana-madrid-300x300.webp 300w, https:\/\/enraizarte.es\/wp-content\/uploads\/tienda-de-artesania-mexicana-madrid-150x150.webp 150w, https:\/\/enraizarte.es\/wp-content\/uploads\/tienda-de-artesania-mexicana-madrid-768x768.webp 768w, https:\/\/enraizarte.es\/wp-content\/uploads\/tienda-de-artesania-mexicana-madrid-600x600.webp 600w, https:\/\/enraizarte.es\/wp-content\/uploads\/tienda-de-artesania-mexicana-madrid-100x100.webp 100w, https:\/\/enraizarte.es\/wp-content\/uploads\/tienda-de-artesania-mexicana-madrid.webp 1500w\" sizes=\"auto, (max-width: 800px) 100vw, 800px\" \/>\t\t\t\t\t\t\t\t\t\t\t\t\t\t\t<\/div>\n\t\t\t\t<\/div>\n\t\t\t\t<\/div>\n\t\t\t\t\t<\/div>\n\t\t\t\t<\/div>\n\t\t\t\t<\/div>","protected":false},"excerpt":{"rendered":"<p>Somos Nos apasiona la artesan\u00eda de nuestro pa\u00eds y nos encanta compartir la historia y el contexto de las piezas traemos. Todas seleccionadas con mimo por Daniela, artista mexicana e iniciadora de este proyecto. Daniela Flores Mag\u00f3n Madre del proyecto Desde su infancia, Daniela ha estado fascinada por la rica artesan\u00eda y la est\u00e9tica distintiva [&hellip;]<\/p>\n","protected":false},"author":45,"featured_media":2995,"parent":0,"menu_order":0,"comment_status":"closed","ping_status":"closed","template":"","meta":{"footnotes":""},"class_list":["post-2612","page","type-page","status-publish","has-post-thumbnail","hentry"],"yoast_head":"<!-- This site is optimized with the Yoast SEO plugin v27.4 - https:\/\/yoast.com\/product\/yoast-seo-wordpress\/ -->\n<title>Artesanos Mexicanos - Enraizarte<\/title>\n<meta name=\"description\" content=\"Somos artesanos mexicanos que nos apasiona el arte de nuestro pa\u00eds y compartir la historia y el contexto de las piezas que traemos.\" \/>\n<meta name=\"robots\" content=\"index, follow, max-snippet:-1, max-image-preview:large, max-video-preview:-1\" \/>\n<link rel=\"canonical\" href=\"https:\/\/enraizarte.es\/en\/nosotros\/\" \/>\n<meta property=\"og:locale\" content=\"en_GB\" \/>\n<meta property=\"og:type\" content=\"article\" \/>\n<meta property=\"og:title\" content=\"Artesanos Mexicanos - Enraizarte\" \/>\n<meta property=\"og:description\" content=\"Somos artesanos mexicanos que nos apasiona el arte de nuestro pa\u00eds y compartir la historia y el contexto de las piezas que traemos.\" \/>\n<meta property=\"og:url\" content=\"https:\/\/enraizarte.es\/en\/nosotros\/\" \/>\n<meta property=\"og:site_name\" content=\"Enraizarte\" \/>\n<meta property=\"article:publisher\" content=\"https:\/\/www.facebook.com\/enraizartemex\" \/>\n<meta property=\"article:modified_time\" content=\"2026-01-14T11:37:55+00:00\" \/>\n<meta property=\"og:image\" content=\"https:\/\/enraizarte.es\/wp-content\/uploads\/Daniela-Flores-scaled.webp\" \/>\n\t<meta property=\"og:image:width\" content=\"2194\" \/>\n\t<meta property=\"og:image:height\" content=\"2560\" \/>\n\t<meta property=\"og:image:type\" content=\"image\/webp\" \/>\n<meta name=\"twitter:card\" content=\"summary_large_image\" \/>\n<meta name=\"twitter:label1\" content=\"Estimated reading time\" \/>\n\t<meta name=\"twitter:data1\" content=\"3 minutes\" \/>\n<script type=\"application\/ld+json\" class=\"yoast-schema-graph\">{\"@context\":\"https:\\\/\\\/schema.org\",\"@graph\":[{\"@type\":\"WebPage\",\"@id\":\"https:\\\/\\\/enraizarte.es\\\/nosotros\\\/\",\"url\":\"https:\\\/\\\/enraizarte.es\\\/nosotros\\\/\",\"name\":\"Artesanos Mexicanos - Enraizarte\",\"isPartOf\":{\"@id\":\"https:\\\/\\\/enraizarte.es\\\/#website\"},\"primaryImageOfPage\":{\"@id\":\"https:\\\/\\\/enraizarte.es\\\/nosotros\\\/#primaryimage\"},\"image\":{\"@id\":\"https:\\\/\\\/enraizarte.es\\\/nosotros\\\/#primaryimage\"},\"thumbnailUrl\":\"https:\\\/\\\/enraizarte.es\\\/wp-content\\\/uploads\\\/Daniela-Flores-scaled.webp\",\"datePublished\":\"2023-12-13T11:13:06+00:00\",\"dateModified\":\"2026-01-14T11:37:55+00:00\",\"description\":\"Somos artesanos mexicanos que nos apasiona el arte de nuestro pa\u00eds y compartir la historia y el contexto de las piezas que traemos.\",\"breadcrumb\":{\"@id\":\"https:\\\/\\\/enraizarte.es\\\/nosotros\\\/#breadcrumb\"},\"inLanguage\":\"en-GB\",\"potentialAction\":[{\"@type\":\"ReadAction\",\"target\":[\"https:\\\/\\\/enraizarte.es\\\/nosotros\\\/\"]}]},{\"@type\":\"ImageObject\",\"inLanguage\":\"en-GB\",\"@id\":\"https:\\\/\\\/enraizarte.es\\\/nosotros\\\/#primaryimage\",\"url\":\"https:\\\/\\\/enraizarte.es\\\/wp-content\\\/uploads\\\/Daniela-Flores-scaled.webp\",\"contentUrl\":\"https:\\\/\\\/enraizarte.es\\\/wp-content\\\/uploads\\\/Daniela-Flores-scaled.webp\",\"width\":2194,\"height\":2560,\"caption\":\"Daniela Flores artesanos mexicanos\"},{\"@type\":\"BreadcrumbList\",\"@id\":\"https:\\\/\\\/enraizarte.es\\\/nosotros\\\/#breadcrumb\",\"itemListElement\":[{\"@type\":\"ListItem\",\"position\":1,\"name\":\"Portada\",\"item\":\"https:\\\/\\\/enraizarte.es\\\/\"},{\"@type\":\"ListItem\",\"position\":2,\"name\":\"Nosotros\"}]},{\"@type\":\"WebSite\",\"@id\":\"https:\\\/\\\/enraizarte.es\\\/#website\",\"url\":\"https:\\\/\\\/enraizarte.es\\\/\",\"name\":\"Enraizarte\",\"description\":\"Artesan\u00eda mexicana, talleres de artesan\u00eda y regalos originales\",\"publisher\":{\"@id\":\"https:\\\/\\\/enraizarte.es\\\/#organization\"},\"potentialAction\":[{\"@type\":\"SearchAction\",\"target\":{\"@type\":\"EntryPoint\",\"urlTemplate\":\"https:\\\/\\\/enraizarte.es\\\/?s={search_term_string}\"},\"query-input\":{\"@type\":\"PropertyValueSpecification\",\"valueRequired\":true,\"valueName\":\"search_term_string\"}}],\"inLanguage\":\"en-GB\"},{\"@type\":\"Organization\",\"@id\":\"https:\\\/\\\/enraizarte.es\\\/#organization\",\"name\":\"Enraizarte Tienda de artesan\u00eda mexicana en Madrir\",\"url\":\"https:\\\/\\\/enraizarte.es\\\/\",\"logo\":{\"@type\":\"ImageObject\",\"inLanguage\":\"en-GB\",\"@id\":\"https:\\\/\\\/enraizarte.es\\\/#\\\/schema\\\/logo\\\/image\\\/\",\"url\":\"https:\\\/\\\/enraizarte.es\\\/wp-content\\\/uploads\\\/enraizarte-artesania-mexicana.svg\",\"contentUrl\":\"https:\\\/\\\/enraizarte.es\\\/wp-content\\\/uploads\\\/enraizarte-artesania-mexicana.svg\",\"width\":406,\"height\":111,\"caption\":\"Enraizarte Tienda de artesan\u00eda mexicana en Madrir\"},\"image\":{\"@id\":\"https:\\\/\\\/enraizarte.es\\\/#\\\/schema\\\/logo\\\/image\\\/\"},\"sameAs\":[\"https:\\\/\\\/www.facebook.com\\\/enraizartemex\",\"https:\\\/\\\/www.instagram.com\\\/enraizartemex\\\/\"]}]}<\/script>\n<!-- \/ Yoast SEO plugin. -->","yoast_head_json":{"title":"Mexican Artisans - Take Root","description":"We are Mexican artisans passionate about the art of our country and sharing the history and context of the pieces we bring.","robots":{"index":"index","follow":"follow","max-snippet":"max-snippet:-1","max-image-preview":"max-image-preview:large","max-video-preview":"max-video-preview:-1"},"canonical":"https:\/\/enraizarte.es\/en\/nosotros\/","og_locale":"en_GB","og_type":"article","og_title":"Artesanos Mexicanos - Enraizarte","og_description":"Somos artesanos mexicanos que nos apasiona el arte de nuestro pa\u00eds y compartir la historia y el contexto de las piezas que traemos.","og_url":"https:\/\/enraizarte.es\/en\/nosotros\/","og_site_name":"Enraizarte","article_publisher":"https:\/\/www.facebook.com\/enraizartemex","article_modified_time":"2026-01-14T11:37:55+00:00","og_image":[{"width":2194,"height":2560,"url":"https:\/\/enraizarte.es\/wp-content\/uploads\/Daniela-Flores-scaled.webp","type":"image\/webp"}],"twitter_card":"summary_large_image","twitter_misc":{"Estimated reading time":"3 minutes"},"schema":{"@context":"https:\/\/schema.org","@graph":[{"@type":"WebPage","@id":"https:\/\/enraizarte.es\/nosotros\/","url":"https:\/\/enraizarte.es\/nosotros\/","name":"Mexican Artisans - Take Root","isPartOf":{"@id":"https:\/\/enraizarte.es\/#website"},"primaryImageOfPage":{"@id":"https:\/\/enraizarte.es\/nosotros\/#primaryimage"},"image":{"@id":"https:\/\/enraizarte.es\/nosotros\/#primaryimage"},"thumbnailUrl":"https:\/\/enraizarte.es\/wp-content\/uploads\/Daniela-Flores-scaled.webp","datePublished":"2023-12-13T11:13:06+00:00","dateModified":"2026-01-14T11:37:55+00:00","description":"We are Mexican artisans passionate about the art of our country and sharing the history and context of the pieces we bring.","breadcrumb":{"@id":"https:\/\/enraizarte.es\/nosotros\/#breadcrumb"},"inLanguage":"en-GB","potentialAction":[{"@type":"ReadAction","target":["https:\/\/enraizarte.es\/nosotros\/"]}]},{"@type":"ImageObject","inLanguage":"en-GB","@id":"https:\/\/enraizarte.es\/nosotros\/#primaryimage","url":"https:\/\/enraizarte.es\/wp-content\/uploads\/Daniela-Flores-scaled.webp","contentUrl":"https:\/\/enraizarte.es\/wp-content\/uploads\/Daniela-Flores-scaled.webp","width":2194,"height":2560,"caption":"Daniela Flores artesanos mexicanos"},{"@type":"BreadcrumbList","@id":"https:\/\/enraizarte.es\/nosotros\/#breadcrumb","itemListElement":[{"@type":"ListItem","position":1,"name":"Portada","item":"https:\/\/enraizarte.es\/"},{"@type":"ListItem","position":2,"name":"Nosotros"}]},{"@type":"WebSite","@id":"https:\/\/enraizarte.es\/#website","url":"https:\/\/enraizarte.es\/","name":"Enraizarte","description":"Mexican crafts, craft workshops and original gifts","publisher":{"@id":"https:\/\/enraizarte.es\/#organization"},"potentialAction":[{"@type":"SearchAction","target":{"@type":"EntryPoint","urlTemplate":"https:\/\/enraizarte.es\/?s={search_term_string}"},"query-input":{"@type":"PropertyValueSpecification","valueRequired":true,"valueName":"search_term_string"}}],"inLanguage":"en-GB"},{"@type":"Organization","@id":"https:\/\/enraizarte.es\/#organization","name":"Enraizarte Mexican crafts store in Madrid","url":"https:\/\/enraizarte.es\/","logo":{"@type":"ImageObject","inLanguage":"en-GB","@id":"https:\/\/enraizarte.es\/#\/schema\/logo\/image\/","url":"https:\/\/enraizarte.es\/wp-content\/uploads\/enraizarte-artesania-mexicana.svg","contentUrl":"https:\/\/enraizarte.es\/wp-content\/uploads\/enraizarte-artesania-mexicana.svg","width":406,"height":111,"caption":"Enraizarte Tienda de artesan\u00eda mexicana en Madrir"},"image":{"@id":"https:\/\/enraizarte.es\/#\/schema\/logo\/image\/"},"sameAs":["https:\/\/www.facebook.com\/enraizartemex","https:\/\/www.instagram.com\/enraizartemex\/"]}]}},"_links":{"self":[{"href":"https:\/\/enraizarte.es\/en\/wp-json\/wp\/v2\/pages\/2612","targetHints":{"allow":["GET"]}}],"collection":[{"href":"https:\/\/enraizarte.es\/en\/wp-json\/wp\/v2\/pages"}],"about":[{"href":"https:\/\/enraizarte.es\/en\/wp-json\/wp\/v2\/types\/page"}],"author":[{"embeddable":true,"href":"https:\/\/enraizarte.es\/en\/wp-json\/wp\/v2\/users\/45"}],"replies":[{"embeddable":true,"href":"https:\/\/enraizarte.es\/en\/wp-json\/wp\/v2\/comments?post=2612"}],"version-history":[{"count":0,"href":"https:\/\/enraizarte.es\/en\/wp-json\/wp\/v2\/pages\/2612\/revisions"}],"wp:featuredmedia":[{"embeddable":true,"href":"https:\/\/enraizarte.es\/en\/wp-json\/wp\/v2\/media\/2995"}],"wp:attachment":[{"href":"https:\/\/enraizarte.es\/en\/wp-json\/wp\/v2\/media?parent=2612"}],"curies":[{"name":"wp","href":"https:\/\/api.w.org\/{rel}","templated":true}]}}