{"id":2790,"date":"2023-12-14T12:42:10","date_gmt":"2023-12-14T12:42:10","guid":{"rendered":"https:\/\/enraizarte.es\/1700055206209\/?page_id=2790"},"modified":"2024-03-11T09:16:12","modified_gmt":"2024-03-11T09:16:12","slug":"aviso-legal","status":"publish","type":"page","link":"https:\/\/enraizarte.es\/en\/aviso-legal\/","title":{"rendered":"Legal warning"},"content":{"rendered":"<div data-elementor-type=\"wp-page\" data-elementor-id=\"2790\" class=\"elementor elementor-2790\" data-elementor-post-type=\"page\">\n\t\t\t\t<div class=\"elementor-element elementor-element-891bc24 e-flex e-con-boxed e-con e-parent\" data-id=\"891bc24\" data-element_type=\"container\" data-e-type=\"container\">\n\t\t\t\t\t<div class=\"e-con-inner\">\n\t\t\t\t<div class=\"elementor-element elementor-element-b8d00cd elementor-widget elementor-widget-heading\" data-id=\"b8d00cd\" data-element_type=\"widget\" data-e-type=\"widget\" data-widget_type=\"heading.default\">\n\t\t\t\t<div class=\"elementor-widget-container\">\n\t\t\t\t\t<h2 class=\"elementor-heading-title elementor-size-default\">Legal warning<\/h2>\t\t\t\t<\/div>\n\t\t\t\t<\/div>\n\t\t\t\t<div class=\"elementor-element elementor-element-b600c50 elementor-widget elementor-widget-text-editor\" data-id=\"b600c50\" data-element_type=\"widget\" data-e-type=\"widget\" data-widget_type=\"text-editor.default\">\n\t\t\t\t<div class=\"elementor-widget-container\">\n\t\t\t\t\t\t\t\t\t<p>I. GENERAL INFORMATION<\/p>\t\t\t\t\t\t\t\t<\/div>\n\t\t\t\t<\/div>\n\t\t\t\t<div class=\"elementor-element elementor-element-d1845bb elementor-widget elementor-widget-text-editor\" data-id=\"d1845bb\" data-element_type=\"widget\" data-e-type=\"widget\" data-widget_type=\"text-editor.default\">\n\t\t\t\t<div class=\"elementor-widget-container\">\n\t\t\t\t\t\t\t\t\t<p>In compliance with the duty of information provided in Law 34\/2002 on Information Society Services and Electronic Commerce (LSSI-CE) of July 11, the following general information data on this website is provided below. :<\/p><p>The ownership of this website, enraizarte.es, (hereinafter, Website) is held by: , provided with NIF: and registered in: with the following registration information: , whose representative is: Daniela Flores Magon Bustamante, and whose contact are:<\/p><p>Address: Calle de Lope de Vega, 3, 28014 Madrid<\/p><p>Telephone contact:<\/p><p>Contact email: enraizarte.madrid@gmail.com<\/p>\t\t\t\t\t\t\t\t<\/div>\n\t\t\t\t<\/div>\n\t\t\t\t<div class=\"elementor-element elementor-element-a5e0718 elementor-widget elementor-widget-text-editor\" data-id=\"a5e0718\" data-element_type=\"widget\" data-e-type=\"widget\" data-widget_type=\"text-editor.default\">\n\t\t\t\t<div class=\"elementor-widget-container\">\n\t\t\t\t\t\t\t\t\t<p>II. GENERAL TERMS AND CONDITIONS OF USE<br \/>The object of the conditions: The Website<\/p>\t\t\t\t\t\t\t\t<\/div>\n\t\t\t\t<\/div>\n\t\t\t\t<div class=\"elementor-element elementor-element-aede1fb elementor-widget elementor-widget-text-editor\" data-id=\"aede1fb\" data-element_type=\"widget\" data-e-type=\"widget\" data-widget_type=\"text-editor.default\">\n\t\t\t\t<div class=\"elementor-widget-container\">\n\t\t\t\t\t\t\t\t\t<p><\/p><section class=\"cuerpo-politicas\"><p>The purpose of these General Conditions of Use (hereinafter, Conditions) is to regulate access and use of the Website. For the purposes of these Conditions, the Website will be understood as: the external appearance of the screen interfaces, both statically and dynamically, that is, the navigation tree; and all the elements integrated in both the screen interfaces and the navigation tree (hereinafter, Contents) and all those online services or resources that it offers to Users (hereinafter, Services).<\/p><p>Enraizarte reserves the right to modify, at any time, and without prior notice, the presentation and configuration of the Website and the Content and Services that may be incorporated therein. The User acknowledges and accepts that at any time Enraizarte may interrupt, deactivate and\/or cancel any of these elements that are integrated into the Website or access to them.<\/p><p>Access to the Website by the User is free and, as a general rule, is free without the User having to provide any compensation to be able to enjoy it, except in relation to the cost of connection through the telecommunications network provided. by the access provider that the User has contracted.<\/p><p>The use of any of the Content or Services of the Website may be done through the User&#039;s prior subscription or registration.<\/p><\/section><p><\/p>\t\t\t\t\t\t\t\t<\/div>\n\t\t\t\t<\/div>\n\t\t\t\t<div class=\"elementor-element elementor-element-3ed85a6 elementor-widget elementor-widget-text-editor\" data-id=\"3ed85a6\" data-element_type=\"widget\" data-e-type=\"widget\" data-widget_type=\"text-editor.default\">\n\t\t\t\t<div class=\"elementor-widget-container\">\n\t\t\t\t\t\t\t\t\t<p>The user<\/p>\t\t\t\t\t\t\t\t<\/div>\n\t\t\t\t<\/div>\n\t\t\t\t<div class=\"elementor-element elementor-element-a3e54c6 elementor-widget elementor-widget-text-editor\" data-id=\"a3e54c6\" data-element_type=\"widget\" data-e-type=\"widget\" data-widget_type=\"text-editor.default\">\n\t\t\t\t<div class=\"elementor-widget-container\">\n\t\t\t\t\t\t\t\t\t<p>Access, navigation and use of the Website, as well as the spaces enabled to interact between Users, and the User and Enraizarte, such as comments and\/or blogging spaces, confer the status of User, so they are accepted , from the moment you begin browsing the Website, all the Conditions established here, as well as their subsequent modifications, without prejudice to the application of the corresponding mandatory legal regulations as the case may be. Given the relevance of the above, the User is recommended to read them every time they visit the Website.<\/p><p>The Enraizarte Website provides a wide variety of information, services and data. The User assumes responsibility for correct use of the Website. This responsibility will extend to:<\/p><ul><li>A use of the information, Content and\/or Services and data offered by Enraizarte without it being contrary to the provisions of these Conditions, the Law, morality or public order, or that in any other way may involve injury to rights. of third parties or the operation of the Website itself.<\/li><li>The veracity and legality of the information provided by the User in the forms issued by Enraizarte for access to certain Content or Services offered by the Website. In any case, the User will immediately notify Enraizarte about any fact that allows the improper use of the information registered in said forms, such as, but not only, theft, loss, or unauthorized access to identifiers and\/or or passwords, in order to proceed to their immediate cancellation.<br \/>In any case, Enraizarte will not be responsible for the opinions expressed by Users through comments or other blogging or participation tools that may exist.<\/li><\/ul><p>Mere access to this Website does not imply establishing any type of commercial relationship between Enraizarte and the User.<\/p><p>Always in compliance with current legislation, this Enraizarte Website is aimed at all people, regardless of age, who can access and\/or browse the pages of the Website.<\/p>\t\t\t\t\t\t\t\t<\/div>\n\t\t\t\t<\/div>\n\t\t\t\t<div class=\"elementor-element elementor-element-600deff elementor-widget elementor-widget-text-editor\" data-id=\"600deff\" data-element_type=\"widget\" data-e-type=\"widget\" data-widget_type=\"text-editor.default\">\n\t\t\t\t<div class=\"elementor-widget-container\">\n\t\t\t\t\t\t\t\t\t<p>III. ACCESS AND NAVIGATION ON THE WEBSITE: EXCLUSION OF WARRANTIES AND LIABILITY<\/p>\t\t\t\t\t\t\t\t<\/div>\n\t\t\t\t<\/div>\n\t\t\t\t<div class=\"elementor-element elementor-element-46e1950 elementor-widget elementor-widget-text-editor\" data-id=\"46e1950\" data-element_type=\"widget\" data-e-type=\"widget\" data-widget_type=\"text-editor.default\">\n\t\t\t\t<div class=\"elementor-widget-container\">\n\t\t\t\t\t\t\t\t\t<p>Enraizarte does not guarantee the continuity, availability and usefulness of the Website, nor the Contents or Services. Enraizarte will do everything possible to ensure the proper functioning of the Website, however, it is not responsible or guarantees that access to this Website will not be uninterrupted or that it will be error-free.<\/p><p>Nor is it responsible or guaranteed that the content or software that can be accessed through this Website is free of error or causes damage to the User&#039;s computer system (software and hardware). Under no circumstances will Enraizarte be responsible for losses, damages or losses of any kind arising from access, navigation and use of the Website, including, but not limited to, those caused to computer systems or those caused by the introduction of virus.<\/p><p>Enraizarte is also not responsible for any damage that may be caused to users due to improper use of this Website. In particular, it is not responsible in any way for any telecommunications drops, interruptions, lack or defect that may occur.<\/p>\t\t\t\t\t\t\t\t<\/div>\n\t\t\t\t<\/div>\n\t\t\t\t<div class=\"elementor-element elementor-element-5fabdef elementor-widget elementor-widget-text-editor\" data-id=\"5fabdef\" data-element_type=\"widget\" data-e-type=\"widget\" data-widget_type=\"text-editor.default\">\n\t\t\t\t<div class=\"elementor-widget-container\">\n\t\t\t\t\t\t\t\t\t<p>IV. LINK POLICY<\/p>\t\t\t\t\t\t\t\t<\/div>\n\t\t\t\t<\/div>\n\t\t\t\t<div class=\"elementor-element elementor-element-16890e1 elementor-widget elementor-widget-text-editor\" data-id=\"16890e1\" data-element_type=\"widget\" data-e-type=\"widget\" data-widget_type=\"text-editor.default\">\n\t\t\t\t<div class=\"elementor-widget-container\">\n\t\t\t\t\t\t\t\t\t<p>Enraizarte does not offer or market, by itself or through third parties, the products and\/or services available on said linked sites.<\/p><p>The User or third party who makes a hyperlink from a web page of another, different, website to the Enraizarte Website must know that:<\/p><p>Reproduction \u2013 in whole or in part \u2013 of any of the Contents and\/or Services of the Website is not permitted without express authorization from Enraizarte.<\/p><p>Nor is any false, inaccurate or incorrect statement permitted regarding the Enraizarte Website, nor its Contents and\/or Services.<\/p><p>With the exception of the hyperlink, the website on which said hyperlink is established will not contain any element of this Website, protected as intellectual property by the Spanish legal system, unless expressly authorized by Enraizarte.<\/p><p>The establishment of the hyperlink will not imply the existence of relations between Enraizarte and the owner of the website from which it is made, nor the knowledge and acceptance by Enraizarte of the contents, services and\/or activities offered on said website, and vice versa.<\/p>\t\t\t\t\t\t\t\t<\/div>\n\t\t\t\t<\/div>\n\t\t\t\t<div class=\"elementor-element elementor-element-b65335f elementor-widget elementor-widget-text-editor\" data-id=\"b65335f\" data-element_type=\"widget\" data-e-type=\"widget\" data-widget_type=\"text-editor.default\">\n\t\t\t\t<div class=\"elementor-widget-container\">\n\t\t\t\t\t\t\t\t\t<p>V. INTELLECTUAL AND INDUSTRIAL PROPERTY<\/p>\t\t\t\t\t\t\t\t<\/div>\n\t\t\t\t<\/div>\n\t\t\t\t<div class=\"elementor-element elementor-element-7e27edb elementor-widget elementor-widget-text-editor\" data-id=\"7e27edb\" data-element_type=\"widget\" data-e-type=\"widget\" data-widget_type=\"text-editor.default\">\n\t\t\t\t<div class=\"elementor-widget-container\">\n\t\t\t\t\t\t\t\t\t<p>Enraizarte itself or as an assignee, is the owner of all intellectual and industrial property rights of the Website, as well as the elements contained therein (by way of example and not exhaustive, images, sound, audio, video, software or texts, brands or logos, color combinations, structure and design, selection of materials used, computer programs necessary for its operation, access and use, etc.). They will, therefore, be works protected as intellectual property by the Spanish legal system, with both Spanish and Community regulations in this field, as well as international treaties related to the matter and signed by Spain, being applicable to them.<\/p><p>All rights reserved. By virtue of the provisions of the Intellectual Property Law, the reproduction, distribution and public communication, including the method of making available, of all or part of the contents of this website, for commercial purposes, are expressly prohibited. on any medium and by any technical means, without the authorization of Enraizarte.<\/p><p>The User agrees to respect the intellectual and industrial property rights of Enraizarte. You may view the elements of the Website or even print, copy and store them on the hard drive of your computer or on any other physical medium as long as it is exclusively for your personal use. The User, however, may not delete, alter, or manipulate any protection device or security system that was installed on the Website.<\/p><p>In the event that the User or third party considers that any of the Contents of the Website constitutes a violation of the intellectual property protection rights, they must immediately notify Enraizarte through the contact information in the GENERAL INFORMATION section of this Notice. Legal and General Conditions of Use.<\/p>\t\t\t\t\t\t\t\t<\/div>\n\t\t\t\t<\/div>\n\t\t\t\t<div class=\"elementor-element elementor-element-34a2dff elementor-widget elementor-widget-text-editor\" data-id=\"34a2dff\" data-element_type=\"widget\" data-e-type=\"widget\" data-widget_type=\"text-editor.default\">\n\t\t\t\t<div class=\"elementor-widget-container\">\n\t\t\t\t\t\t\t\t\t<p>SAW. LEGAL ACTIONS, APPLICABLE LAW AND JURISDICTION<\/p>\t\t\t\t\t\t\t\t<\/div>\n\t\t\t\t<\/div>\n\t\t\t\t<div class=\"elementor-element elementor-element-8fd4eb8 elementor-widget elementor-widget-text-editor\" data-id=\"8fd4eb8\" data-element_type=\"widget\" data-e-type=\"widget\" data-widget_type=\"text-editor.default\">\n\t\t\t\t<div class=\"elementor-widget-container\">\n\t\t\t\t\t\t\t\t\t<p>Enraizarte reserves the right to file civil or criminal actions that it deems necessary for improper use of the Website and Contents, or for non-compliance with these Conditions.<\/p><p>The relationship between the User and Enraizarte will be governed by the regulations in force and applicable in Spanish territory. If any controversy arises in relation to the interpretation and\/or application of these Conditions, the parties will submit their conflicts to ordinary jurisdiction, submitting to the corresponding judges and courts in accordance with law.<\/p><p>This Legal Notice and General Conditions of Use document for the website has been created using the online legal notice and conditions of use template generator on 07\/16\/2021.<\/p>\t\t\t\t\t\t\t\t<\/div>\n\t\t\t\t<\/div>\n\t\t\t\t\t<\/div>\n\t\t\t\t<\/div>\n\t\t\t\t<\/div>","protected":false},"excerpt":{"rendered":"<p>Aviso legal I. INFORMACI\u00d3N GENERAL En cumplimiento con el deber de informaci\u00f3n dispuesto en la Ley 34\/2002 de Servicios de la Sociedad de la Informaci\u00f3n y el Comercio Electr\u00f3nico (LSSI-CE) de 11 de julio, se facilitan a continuaci\u00f3n los siguientes datos de informaci\u00f3n general de este sitio web: La titularidad de este sitio web, enraizarte.es, [&hellip;]<\/p>\n","protected":false},"author":45,"featured_media":0,"parent":0,"menu_order":0,"comment_status":"closed","ping_status":"closed","template":"","meta":{"footnotes":""},"class_list":["post-2790","page","type-page","status-publish","hentry"],"yoast_head":"<!-- This site is optimized with the Yoast SEO plugin v27.3 - https:\/\/yoast.com\/product\/yoast-seo-wordpress\/ -->\n<title>Aviso legal - Enraizarte<\/title>\n<meta name=\"robots\" content=\"noindex, nofollow\" \/>\n<meta property=\"og:locale\" content=\"en_GB\" \/>\n<meta property=\"og:type\" content=\"article\" \/>\n<meta property=\"og:title\" content=\"Aviso legal - Enraizarte\" \/>\n<meta property=\"og:description\" content=\"Aviso legal I. INFORMACI\u00d3N GENERAL En cumplimiento con el deber de informaci\u00f3n dispuesto en la Ley 34\/2002 de Servicios de la Sociedad de la Informaci\u00f3n y el Comercio Electr\u00f3nico (LSSI-CE) de 11 de julio, se facilitan a continuaci\u00f3n los siguientes datos de informaci\u00f3n general de este sitio web: La titularidad de este sitio web, enraizarte.es, [&hellip;]\" \/>\n<meta property=\"og:url\" content=\"https:\/\/enraizarte.es\/en\/aviso-legal\/\" \/>\n<meta property=\"og:site_name\" content=\"Enraizarte\" \/>\n<meta property=\"article:publisher\" content=\"https:\/\/www.facebook.com\/enraizartemex\" \/>\n<meta property=\"article:modified_time\" content=\"2024-03-11T09:16:12+00:00\" \/>\n<meta name=\"twitter:card\" content=\"summary_large_image\" \/>\n<meta name=\"twitter:label1\" content=\"Estimated reading time\" \/>\n\t<meta name=\"twitter:data1\" content=\"7 minutes\" \/>\n<script type=\"application\/ld+json\" class=\"yoast-schema-graph\">{\"@context\":\"https:\\\/\\\/schema.org\",\"@graph\":[{\"@type\":\"WebPage\",\"@id\":\"https:\\\/\\\/enraizarte.es\\\/aviso-legal\\\/\",\"url\":\"https:\\\/\\\/enraizarte.es\\\/aviso-legal\\\/\",\"name\":\"Aviso legal - Enraizarte\",\"isPartOf\":{\"@id\":\"https:\\\/\\\/enraizarte.es\\\/#website\"},\"datePublished\":\"2023-12-14T12:42:10+00:00\",\"dateModified\":\"2024-03-11T09:16:12+00:00\",\"breadcrumb\":{\"@id\":\"https:\\\/\\\/enraizarte.es\\\/aviso-legal\\\/#breadcrumb\"},\"inLanguage\":\"en-GB\",\"potentialAction\":[{\"@type\":\"ReadAction\",\"target\":[\"https:\\\/\\\/enraizarte.es\\\/aviso-legal\\\/\"]}]},{\"@type\":\"BreadcrumbList\",\"@id\":\"https:\\\/\\\/enraizarte.es\\\/aviso-legal\\\/#breadcrumb\",\"itemListElement\":[{\"@type\":\"ListItem\",\"position\":1,\"name\":\"Portada\",\"item\":\"https:\\\/\\\/enraizarte.es\\\/\"},{\"@type\":\"ListItem\",\"position\":2,\"name\":\"Aviso legal\"}]},{\"@type\":\"WebSite\",\"@id\":\"https:\\\/\\\/enraizarte.es\\\/#website\",\"url\":\"https:\\\/\\\/enraizarte.es\\\/\",\"name\":\"Enraizarte\",\"description\":\"Artesan\u00eda mexicana, talleres de artesan\u00eda y regalos originales\",\"publisher\":{\"@id\":\"https:\\\/\\\/enraizarte.es\\\/#organization\"},\"potentialAction\":[{\"@type\":\"SearchAction\",\"target\":{\"@type\":\"EntryPoint\",\"urlTemplate\":\"https:\\\/\\\/enraizarte.es\\\/?s={search_term_string}\"},\"query-input\":{\"@type\":\"PropertyValueSpecification\",\"valueRequired\":true,\"valueName\":\"search_term_string\"}}],\"inLanguage\":\"en-GB\"},{\"@type\":\"Organization\",\"@id\":\"https:\\\/\\\/enraizarte.es\\\/#organization\",\"name\":\"Enraizarte Tienda de artesan\u00eda mexicana en Madrir\",\"url\":\"https:\\\/\\\/enraizarte.es\\\/\",\"logo\":{\"@type\":\"ImageObject\",\"inLanguage\":\"en-GB\",\"@id\":\"https:\\\/\\\/enraizarte.es\\\/#\\\/schema\\\/logo\\\/image\\\/\",\"url\":\"https:\\\/\\\/enraizarte.es\\\/wp-content\\\/uploads\\\/enraizarte-artesania-mexicana.svg\",\"contentUrl\":\"https:\\\/\\\/enraizarte.es\\\/wp-content\\\/uploads\\\/enraizarte-artesania-mexicana.svg\",\"width\":406,\"height\":111,\"caption\":\"Enraizarte Tienda de artesan\u00eda mexicana en Madrir\"},\"image\":{\"@id\":\"https:\\\/\\\/enraizarte.es\\\/#\\\/schema\\\/logo\\\/image\\\/\"},\"sameAs\":[\"https:\\\/\\\/www.facebook.com\\\/enraizartemex\",\"https:\\\/\\\/www.instagram.com\\\/enraizartemex\\\/\"]}]}<\/script>\n<!-- \/ Yoast SEO plugin. -->","yoast_head_json":{"title":"Legal Notice - Enraizarte","robots":{"index":"noindex","follow":"nofollow"},"og_locale":"en_GB","og_type":"article","og_title":"Aviso legal - Enraizarte","og_description":"Aviso legal I. INFORMACI\u00d3N GENERAL En cumplimiento con el deber de informaci\u00f3n dispuesto en la Ley 34\/2002 de Servicios de la Sociedad de la Informaci\u00f3n y el Comercio Electr\u00f3nico (LSSI-CE) de 11 de julio, se facilitan a continuaci\u00f3n los siguientes datos de informaci\u00f3n general de este sitio web: La titularidad de este sitio web, enraizarte.es, [&hellip;]","og_url":"https:\/\/enraizarte.es\/en\/aviso-legal\/","og_site_name":"Enraizarte","article_publisher":"https:\/\/www.facebook.com\/enraizartemex","article_modified_time":"2024-03-11T09:16:12+00:00","twitter_card":"summary_large_image","twitter_misc":{"Estimated reading time":"7 minutes"},"schema":{"@context":"https:\/\/schema.org","@graph":[{"@type":"WebPage","@id":"https:\/\/enraizarte.es\/aviso-legal\/","url":"https:\/\/enraizarte.es\/aviso-legal\/","name":"Legal Notice - Enraizarte","isPartOf":{"@id":"https:\/\/enraizarte.es\/#website"},"datePublished":"2023-12-14T12:42:10+00:00","dateModified":"2024-03-11T09:16:12+00:00","breadcrumb":{"@id":"https:\/\/enraizarte.es\/aviso-legal\/#breadcrumb"},"inLanguage":"en-GB","potentialAction":[{"@type":"ReadAction","target":["https:\/\/enraizarte.es\/aviso-legal\/"]}]},{"@type":"BreadcrumbList","@id":"https:\/\/enraizarte.es\/aviso-legal\/#breadcrumb","itemListElement":[{"@type":"ListItem","position":1,"name":"Portada","item":"https:\/\/enraizarte.es\/"},{"@type":"ListItem","position":2,"name":"Aviso legal"}]},{"@type":"WebSite","@id":"https:\/\/enraizarte.es\/#website","url":"https:\/\/enraizarte.es\/","name":"Enraizarte","description":"Mexican crafts, craft workshops and original gifts","publisher":{"@id":"https:\/\/enraizarte.es\/#organization"},"potentialAction":[{"@type":"SearchAction","target":{"@type":"EntryPoint","urlTemplate":"https:\/\/enraizarte.es\/?s={search_term_string}"},"query-input":{"@type":"PropertyValueSpecification","valueRequired":true,"valueName":"search_term_string"}}],"inLanguage":"en-GB"},{"@type":"Organization","@id":"https:\/\/enraizarte.es\/#organization","name":"Enraizarte Mexican crafts store in Madrid","url":"https:\/\/enraizarte.es\/","logo":{"@type":"ImageObject","inLanguage":"en-GB","@id":"https:\/\/enraizarte.es\/#\/schema\/logo\/image\/","url":"https:\/\/enraizarte.es\/wp-content\/uploads\/enraizarte-artesania-mexicana.svg","contentUrl":"https:\/\/enraizarte.es\/wp-content\/uploads\/enraizarte-artesania-mexicana.svg","width":406,"height":111,"caption":"Enraizarte Tienda de artesan\u00eda mexicana en Madrir"},"image":{"@id":"https:\/\/enraizarte.es\/#\/schema\/logo\/image\/"},"sameAs":["https:\/\/www.facebook.com\/enraizartemex","https:\/\/www.instagram.com\/enraizartemex\/"]}]}},"_links":{"self":[{"href":"https:\/\/enraizarte.es\/en\/wp-json\/wp\/v2\/pages\/2790","targetHints":{"allow":["GET"]}}],"collection":[{"href":"https:\/\/enraizarte.es\/en\/wp-json\/wp\/v2\/pages"}],"about":[{"href":"https:\/\/enraizarte.es\/en\/wp-json\/wp\/v2\/types\/page"}],"author":[{"embeddable":true,"href":"https:\/\/enraizarte.es\/en\/wp-json\/wp\/v2\/users\/45"}],"replies":[{"embeddable":true,"href":"https:\/\/enraizarte.es\/en\/wp-json\/wp\/v2\/comments?post=2790"}],"version-history":[{"count":0,"href":"https:\/\/enraizarte.es\/en\/wp-json\/wp\/v2\/pages\/2790\/revisions"}],"wp:attachment":[{"href":"https:\/\/enraizarte.es\/en\/wp-json\/wp\/v2\/media?parent=2790"}],"curies":[{"name":"wp","href":"https:\/\/api.w.org\/{rel}","templated":true}]}}