{"id":2808,"date":"2023-12-14T13:00:01","date_gmt":"2023-12-14T13:00:01","guid":{"rendered":"https:\/\/enraizarte.es\/1700055206209\/?page_id=2808"},"modified":"2024-12-27T17:51:48","modified_gmt":"2024-12-27T17:51:48","slug":"accesibilidad-2","status":"publish","type":"page","link":"https:\/\/enraizarte.es\/en\/accesibilidad-2\/","title":{"rendered":"Accessibility"},"content":{"rendered":"<style>\/*! elementor - v3.19.0 - 07-02-2024 *\/\n.elementor-heading-title{padding:0;margin:0;line-height:1}.elementor-widget-heading .elementor-heading-title[class*=elementor-size-]>a{color:inherit;font-size:inherit;line-height:inherit}.elementor-widget-heading .elementor-heading-title.elementor-size-small{font-size:15px}.elementor-widget-heading .elementor-heading-title.elementor-size-medium{font-size:19px}.elementor-widget-heading .elementor-heading-title.elementor-size-large{font-size:29px}.elementor-widget-heading .elementor-heading-title.elementor-size-xl{font-size:39px}.elementor-widget-heading .elementor-heading-title.elementor-size-xxl{font-size:59px}<\/style>\n<h2>Accesibilidad<\/h2>\n<p>COMPROMISO DE ACCESIBILIDAD<\/p>\n<p>Enraizarte se ha comprometido a hacer accesible su sitio web, de conformidad con el Real Decreto 1112\/2018, de 7 de septiembre, sobre accesibilidad de los sitios web y aplicaciones para dispositivos m\u00f3viles.<\/p>\n<p>La presente declaraci\u00f3n de accesibilidad se aplica al sitio web https:\/\/enraizarte.es\/<\/p>\n<p>Este sitio web es plenamente conforme con RD 1112\/2018.<\/p>\n<p>Ya que cumple con los siguientes requisitos:<\/p>\n<ul>\n<li>El sitio web es accesible para sus personas usuarias y, en particular, para las personas mayores y personas con discapacidad, de modo que los contenidos son perceptibles, operables, comprensibles y robustos teniendo en cuenta las normas del art\u00edculo 6.<\/li>\n<li>La accesibilidad se ha tenido presente de forma integral en el proceso de dise\u00f1o, gesti\u00f3n, mantenimiento y actualizaci\u00f3n de contenidos del sitio web.<\/li>\n<li>El sitio web ha adoptado medidas para aumentar la accesibilidad respecto del nivel m\u00ednimo de accesibilidad que deba cumplirse en cada momento.<\/li>\n<\/ul>\n<p>FALTA DE CONFORMIDAD CON EL RD 1112\/2018<\/p>\n<p>Enraizarte est\u00e1 conforme con el RD 1112\/2018.<\/p>\n<p>CARGA DESPROPORCIONADA<\/p>\n<p>No se considera que exista carga desproporcionada.<\/p>\n<p>A fin de evaluar en qu\u00e9 medida el cumplimiento de los requisitos de accesibilidad previstos en este real decreto impone una carga desproporcionada, hemos tenido en cuenta las siguientes circunstancias:<\/p>\n<p>a)\u2003El tama\u00f1o, los recursos y la naturaleza del sujeto concreto obligado.<\/p>\n<p>b)\u2003Los costes y beneficios estimados para el mismo, en relaci\u00f3n con los beneficios estimados para las personas con discapacidad y las personas mayores, teniendo en cuenta la frecuencia y la duraci\u00f3n del uso del sitio web o aplicaci\u00f3n para dispositivos m\u00f3viles en especial.<\/p>\n<p>EL CONTENIDO NO ENTRA DENTRO DEL \u00c1MBITO DE LA LEGISLACI\u00d3N APLICABLE<\/p>\n<p>n\/a<\/p>\n<p>PREPARACI\u00d3N PARA LA SIGUIENTE DECLARACI\u00d3N DE ACCESIBILIDAD<\/p>\n<p>La presente declaraci\u00f3n fue preparada el 4 de enero de 2024.<\/p>\n<p>El m\u00e9todo empleado para preparar la declaraci\u00f3n ha sido una autoevaluaci\u00f3n llevada a cabo por el propio organismo.<\/p>\n<p>OBSERVACIONES Y DATOS DE CONTACTO<\/p>\n<ul>\n<li>Puede realizar comunicaciones sobre requisitos de accesibilidad (art\u00edculo 10.2.a del RD 1112\/2018) como, por ejemplo: Informar sobre cualquier posible incumplimiento por parte de este sitio web, transmitir otras dificultades de acceso al contenido, formular cualquier otra consulta o sugerencia de mejora relativa a la accesibilidad del sitio web a trav\u00e9s del correo electr\u00f3nico enraizarte.madrid@gmail.com o a trav\u00e9s del n\u00famero de tel\u00e9fono<\/li>\n<li>Puede presentar:Queja relativa al cumplimiento de los requisitos del RD 1112\/2018 o solicitud de Informaci\u00f3n accesible relativa a:<\/li>\n<li>Contenidos que est\u00e1n excluidos del \u00e1mbito de aplicaci\u00f3n del RD 1112\/2018 seg\u00fan lo establecido por el art\u00edculo 3, apartado 4.<\/li>\n<li>Contenidos que est\u00e1n exentos del cumplimiento de los requisitos de accesibilidad por imponer una carga desproporcionada.<\/li>\n<\/ul>\n<p>En la Solicitud de informaci\u00f3n accesible, se debe concretar, con toda claridad, los hechos, razones y petici\u00f3n que permitan constatar que se trata de una solicitud razonable y leg\u00edtima.<\/p>\n<p>Las quejas y reclamaciones sobre informaci\u00f3n accesible se realizar\u00e1n a trav\u00e9s del correo electr\u00f3nico enraizarte.madrid@gmail.com que ser\u00e1n recibidas y tratadas por Enraizarte.<\/p>\n","protected":false},"excerpt":{"rendered":"<p>Accesibilidad COMPROMISO DE ACCESIBILIDAD Enraizarte se ha comprometido a hacer accesible su sitio web, de conformidad con el Real Decreto 1112\/2018, de 7 de septiembre, sobre accesibilidad de los sitios web y aplicaciones para dispositivos m\u00f3viles. La presente declaraci\u00f3n de accesibilidad se aplica al sitio web https:\/\/enraizarte.es\/ Este sitio web es plenamente conforme con RD [&hellip;]<\/p>\n","protected":false},"author":45,"featured_media":0,"parent":0,"menu_order":0,"comment_status":"closed","ping_status":"closed","template":"","meta":{"footnotes":""},"class_list":["post-2808","page","type-page","status-publish","hentry"],"yoast_head":"<!-- This site is optimized with the Yoast SEO plugin v27.3 - https:\/\/yoast.com\/product\/yoast-seo-wordpress\/ -->\n<title>Accesibilidad - Enraizarte<\/title>\n<meta name=\"robots\" content=\"noindex, nofollow\" \/>\n<meta property=\"og:locale\" content=\"en_GB\" \/>\n<meta property=\"og:type\" content=\"article\" \/>\n<meta property=\"og:title\" content=\"Accesibilidad - Enraizarte\" \/>\n<meta property=\"og:description\" content=\"Accesibilidad COMPROMISO DE ACCESIBILIDAD Enraizarte se ha comprometido a hacer accesible su sitio web, de conformidad con el Real Decreto 1112\/2018, de 7 de septiembre, sobre accesibilidad de los sitios web y aplicaciones para dispositivos m\u00f3viles. La presente declaraci\u00f3n de accesibilidad se aplica al sitio web https:\/\/enraizarte.es\/ Este sitio web es plenamente conforme con RD [&hellip;]\" \/>\n<meta property=\"og:url\" content=\"https:\/\/enraizarte.es\/en\/accesibilidad-2\/\" \/>\n<meta property=\"og:site_name\" content=\"Enraizarte\" \/>\n<meta property=\"article:publisher\" content=\"https:\/\/www.facebook.com\/enraizartemex\" \/>\n<meta property=\"article:modified_time\" content=\"2024-12-27T17:51:48+00:00\" \/>\n<meta name=\"twitter:card\" content=\"summary_large_image\" \/>\n<meta name=\"twitter:label1\" content=\"Estimated reading time\" \/>\n\t<meta name=\"twitter:data1\" content=\"3 minutes\" \/>\n<script type=\"application\/ld+json\" class=\"yoast-schema-graph\">{\"@context\":\"https:\\\/\\\/schema.org\",\"@graph\":[{\"@type\":\"WebPage\",\"@id\":\"https:\\\/\\\/enraizarte.es\\\/accesibilidad-2\\\/\",\"url\":\"https:\\\/\\\/enraizarte.es\\\/accesibilidad-2\\\/\",\"name\":\"Accesibilidad - Enraizarte\",\"isPartOf\":{\"@id\":\"https:\\\/\\\/enraizarte.es\\\/#website\"},\"datePublished\":\"2023-12-14T13:00:01+00:00\",\"dateModified\":\"2024-12-27T17:51:48+00:00\",\"breadcrumb\":{\"@id\":\"https:\\\/\\\/enraizarte.es\\\/accesibilidad-2\\\/#breadcrumb\"},\"inLanguage\":\"en-GB\",\"potentialAction\":[{\"@type\":\"ReadAction\",\"target\":[\"https:\\\/\\\/enraizarte.es\\\/accesibilidad-2\\\/\"]}]},{\"@type\":\"BreadcrumbList\",\"@id\":\"https:\\\/\\\/enraizarte.es\\\/accesibilidad-2\\\/#breadcrumb\",\"itemListElement\":[{\"@type\":\"ListItem\",\"position\":1,\"name\":\"Portada\",\"item\":\"https:\\\/\\\/enraizarte.es\\\/\"},{\"@type\":\"ListItem\",\"position\":2,\"name\":\"Accesibilidad\"}]},{\"@type\":\"WebSite\",\"@id\":\"https:\\\/\\\/enraizarte.es\\\/#website\",\"url\":\"https:\\\/\\\/enraizarte.es\\\/\",\"name\":\"Enraizarte\",\"description\":\"Artesan\u00eda mexicana, talleres de artesan\u00eda y regalos originales\",\"publisher\":{\"@id\":\"https:\\\/\\\/enraizarte.es\\\/#organization\"},\"potentialAction\":[{\"@type\":\"SearchAction\",\"target\":{\"@type\":\"EntryPoint\",\"urlTemplate\":\"https:\\\/\\\/enraizarte.es\\\/?s={search_term_string}\"},\"query-input\":{\"@type\":\"PropertyValueSpecification\",\"valueRequired\":true,\"valueName\":\"search_term_string\"}}],\"inLanguage\":\"en-GB\"},{\"@type\":\"Organization\",\"@id\":\"https:\\\/\\\/enraizarte.es\\\/#organization\",\"name\":\"Enraizarte Tienda de artesan\u00eda mexicana en Madrir\",\"url\":\"https:\\\/\\\/enraizarte.es\\\/\",\"logo\":{\"@type\":\"ImageObject\",\"inLanguage\":\"en-GB\",\"@id\":\"https:\\\/\\\/enraizarte.es\\\/#\\\/schema\\\/logo\\\/image\\\/\",\"url\":\"https:\\\/\\\/enraizarte.es\\\/wp-content\\\/uploads\\\/enraizarte-artesania-mexicana.svg\",\"contentUrl\":\"https:\\\/\\\/enraizarte.es\\\/wp-content\\\/uploads\\\/enraizarte-artesania-mexicana.svg\",\"width\":406,\"height\":111,\"caption\":\"Enraizarte Tienda de artesan\u00eda mexicana en Madrir\"},\"image\":{\"@id\":\"https:\\\/\\\/enraizarte.es\\\/#\\\/schema\\\/logo\\\/image\\\/\"},\"sameAs\":[\"https:\\\/\\\/www.facebook.com\\\/enraizartemex\",\"https:\\\/\\\/www.instagram.com\\\/enraizartemex\\\/\"]}]}<\/script>\n<!-- \/ Yoast SEO plugin. -->","yoast_head_json":{"title":"Accessibility - Take Root","robots":{"index":"noindex","follow":"nofollow"},"og_locale":"en_GB","og_type":"article","og_title":"Accesibilidad - Enraizarte","og_description":"Accesibilidad COMPROMISO DE ACCESIBILIDAD Enraizarte se ha comprometido a hacer accesible su sitio web, de conformidad con el Real Decreto 1112\/2018, de 7 de septiembre, sobre accesibilidad de los sitios web y aplicaciones para dispositivos m\u00f3viles. La presente declaraci\u00f3n de accesibilidad se aplica al sitio web https:\/\/enraizarte.es\/ Este sitio web es plenamente conforme con RD [&hellip;]","og_url":"https:\/\/enraizarte.es\/en\/accesibilidad-2\/","og_site_name":"Enraizarte","article_publisher":"https:\/\/www.facebook.com\/enraizartemex","article_modified_time":"2024-12-27T17:51:48+00:00","twitter_card":"summary_large_image","twitter_misc":{"Estimated reading time":"3 minutes"},"schema":{"@context":"https:\/\/schema.org","@graph":[{"@type":"WebPage","@id":"https:\/\/enraizarte.es\/accesibilidad-2\/","url":"https:\/\/enraizarte.es\/accesibilidad-2\/","name":"Accessibility - Take Root","isPartOf":{"@id":"https:\/\/enraizarte.es\/#website"},"datePublished":"2023-12-14T13:00:01+00:00","dateModified":"2024-12-27T17:51:48+00:00","breadcrumb":{"@id":"https:\/\/enraizarte.es\/accesibilidad-2\/#breadcrumb"},"inLanguage":"en-GB","potentialAction":[{"@type":"ReadAction","target":["https:\/\/enraizarte.es\/accesibilidad-2\/"]}]},{"@type":"BreadcrumbList","@id":"https:\/\/enraizarte.es\/accesibilidad-2\/#breadcrumb","itemListElement":[{"@type":"ListItem","position":1,"name":"Portada","item":"https:\/\/enraizarte.es\/"},{"@type":"ListItem","position":2,"name":"Accesibilidad"}]},{"@type":"WebSite","@id":"https:\/\/enraizarte.es\/#website","url":"https:\/\/enraizarte.es\/","name":"Enraizarte","description":"Mexican crafts, craft workshops and original gifts","publisher":{"@id":"https:\/\/enraizarte.es\/#organization"},"potentialAction":[{"@type":"SearchAction","target":{"@type":"EntryPoint","urlTemplate":"https:\/\/enraizarte.es\/?s={search_term_string}"},"query-input":{"@type":"PropertyValueSpecification","valueRequired":true,"valueName":"search_term_string"}}],"inLanguage":"en-GB"},{"@type":"Organization","@id":"https:\/\/enraizarte.es\/#organization","name":"Enraizarte Mexican crafts store in Madrid","url":"https:\/\/enraizarte.es\/","logo":{"@type":"ImageObject","inLanguage":"en-GB","@id":"https:\/\/enraizarte.es\/#\/schema\/logo\/image\/","url":"https:\/\/enraizarte.es\/wp-content\/uploads\/enraizarte-artesania-mexicana.svg","contentUrl":"https:\/\/enraizarte.es\/wp-content\/uploads\/enraizarte-artesania-mexicana.svg","width":406,"height":111,"caption":"Enraizarte Tienda de artesan\u00eda mexicana en Madrir"},"image":{"@id":"https:\/\/enraizarte.es\/#\/schema\/logo\/image\/"},"sameAs":["https:\/\/www.facebook.com\/enraizartemex","https:\/\/www.instagram.com\/enraizartemex\/"]}]}},"_links":{"self":[{"href":"https:\/\/enraizarte.es\/en\/wp-json\/wp\/v2\/pages\/2808","targetHints":{"allow":["GET"]}}],"collection":[{"href":"https:\/\/enraizarte.es\/en\/wp-json\/wp\/v2\/pages"}],"about":[{"href":"https:\/\/enraizarte.es\/en\/wp-json\/wp\/v2\/types\/page"}],"author":[{"embeddable":true,"href":"https:\/\/enraizarte.es\/en\/wp-json\/wp\/v2\/users\/45"}],"replies":[{"embeddable":true,"href":"https:\/\/enraizarte.es\/en\/wp-json\/wp\/v2\/comments?post=2808"}],"version-history":[{"count":0,"href":"https:\/\/enraizarte.es\/en\/wp-json\/wp\/v2\/pages\/2808\/revisions"}],"wp:attachment":[{"href":"https:\/\/enraizarte.es\/en\/wp-json\/wp\/v2\/media?parent=2808"}],"curies":[{"name":"wp","href":"https:\/\/api.w.org\/{rel}","templated":true}]}}