{"id":4065,"date":"2024-05-17T20:30:05","date_gmt":"2024-05-17T20:30:05","guid":{"rendered":"https:\/\/enraizarte.es\/?page_id=4065"},"modified":"2026-04-09T13:17:32","modified_gmt":"2026-04-09T13:17:32","slug":"calendario-talleres-artesania","status":"publish","type":"page","link":"https:\/\/enraizarte.es\/en\/calendario-talleres-artesania\/","title":{"rendered":"Craft workshop calendar"},"content":{"rendered":"<div data-elementor-type=\"wp-page\" data-elementor-id=\"4065\" class=\"elementor elementor-4065\" data-elementor-post-type=\"page\">\n\t\t\t\t<div class=\"elementor-element elementor-element-9e5c1bb e-flex e-con-boxed e-con e-parent\" data-id=\"9e5c1bb\" data-element_type=\"container\" data-e-type=\"container\" data-settings=\"{&quot;background_background&quot;:&quot;classic&quot;}\">\n\t\t\t\t\t<div class=\"e-con-inner\">\n\t\t\t\t<div class=\"elementor-element elementor-element-54de345 elementor-widget__width-initial elementor-widget-mobile__width-inherit elementor-widget elementor-widget-heading\" data-id=\"54de345\" data-element_type=\"widget\" data-e-type=\"widget\" data-widget_type=\"heading.default\">\n\t\t\t\t<div class=\"elementor-widget-container\">\n\t\t\t\t\t<h2 class=\"elementor-heading-title elementor-size-default\"><i>Calendar of<\/i> WORKSHOPS<\/h2>\t\t\t\t<\/div>\n\t\t\t\t<\/div>\n\t\t\t\t<div class=\"elementor-element elementor-element-ae398ec elementor-widget__width-initial elementor-widget-mobile__width-inherit elementor-widget elementor-widget-text-editor\" data-id=\"ae398ec\" data-element_type=\"widget\" data-e-type=\"widget\" data-widget_type=\"text-editor.default\">\n\t\t\t\t<div class=\"elementor-widget-container\">\n\t\t\t\t\t\t\t\t\t<p>We don&#039;t want you to miss the workshops you like the most! So we leave you the next dates.\u00a0<\/p>\t\t\t\t\t\t\t\t<\/div>\n\t\t\t\t<\/div>\n\t\t<div class=\"elementor-element elementor-element-383e5d8 e-con-full elementor-hidden-tablet e-flex e-con e-child\" data-id=\"383e5d8\" data-element_type=\"container\" data-e-type=\"container\">\n\t\t<div class=\"elementor-element elementor-element-50355d8 e-con-full e-flex e-con e-child\" data-id=\"50355d8\" data-element_type=\"container\" data-e-type=\"container\">\n\t\t<div class=\"elementor-element elementor-element-7170463 e-con-full e-flex e-con e-child\" data-id=\"7170463\" data-element_type=\"container\" data-e-type=\"container\">\n\t\t\t\t<div class=\"elementor-element elementor-element-38fa343 elementor-widget__width-inherit elementor-widget elementor-widget-text-editor\" data-id=\"38fa343\" data-element_type=\"widget\" data-e-type=\"widget\" data-widget_type=\"text-editor.default\">\n\t\t\t\t<div class=\"elementor-widget-container\">\n\t\t\t\t\t\t\t\t\t<p><strong>SATURDAY 11.04.2026<\/strong><br \/>Mexican altars<\/p>\t\t\t\t\t\t\t\t<\/div>\n\t\t\t\t<\/div>\n\t\t\t\t<\/div>\n\t\t<div class=\"elementor-element elementor-element-b09caff e-con-full e-flex e-con e-child\" data-id=\"b09caff\" data-element_type=\"container\" data-e-type=\"container\">\n\t\t\t\t<div class=\"elementor-element elementor-element-5ee2bba elementor-widget__width-inherit elementor-widget elementor-widget-text-editor\" data-id=\"5ee2bba\" data-element_type=\"widget\" data-e-type=\"widget\" data-widget_type=\"text-editor.default\">\n\t\t\t\t<div class=\"elementor-widget-container\">\n\t\t\t\t\t\t\t\t\t<p>10:30 \u2013 14:00h<\/p>\t\t\t\t\t\t\t\t<\/div>\n\t\t\t\t<\/div>\n\t\t\t\t<\/div>\n\t\t<div class=\"elementor-element elementor-element-bf2cb4a e-con-full e-flex e-con e-child\" data-id=\"bf2cb4a\" data-element_type=\"container\" data-e-type=\"container\">\n\t\t\t\t<\/div>\n\t\t\t\t<\/div>\n\t\t<div class=\"elementor-element elementor-element-8733e2f e-con-full e-flex e-con e-child\" data-id=\"8733e2f\" data-element_type=\"container\" data-e-type=\"container\">\n\t\t<div class=\"elementor-element elementor-element-51293c2 e-con-full e-flex e-con e-child\" data-id=\"51293c2\" data-element_type=\"container\" data-e-type=\"container\">\n\t\t\t\t<div class=\"elementor-element elementor-element-5aab329 elementor-widget__width-inherit elementor-widget elementor-widget-text-editor\" data-id=\"5aab329\" data-element_type=\"widget\" data-e-type=\"widget\" data-widget_type=\"text-editor.default\">\n\t\t\t\t<div class=\"elementor-widget-container\">\n\t\t\t\t\t\t\t\t\t<p><strong>SATURDAY 25.04.2026<\/strong><br \/>Paint your &#039;Lupita&#039;\u2018<\/p>\t\t\t\t\t\t\t\t<\/div>\n\t\t\t\t<\/div>\n\t\t\t\t<\/div>\n\t\t<div class=\"elementor-element elementor-element-a6d9e33 e-con-full e-flex e-con e-child\" data-id=\"a6d9e33\" data-element_type=\"container\" data-e-type=\"container\">\n\t\t\t\t<div class=\"elementor-element elementor-element-05c6397 elementor-widget__width-inherit elementor-widget elementor-widget-text-editor\" data-id=\"05c6397\" data-element_type=\"widget\" data-e-type=\"widget\" data-widget_type=\"text-editor.default\">\n\t\t\t\t<div class=\"elementor-widget-container\">\n\t\t\t\t\t\t\t\t\t<p>11:00 \u2013 14:00h<\/p>\t\t\t\t\t\t\t\t<\/div>\n\t\t\t\t<\/div>\n\t\t\t\t<\/div>\n\t\t<div class=\"elementor-element elementor-element-7a14544 e-con-full e-flex e-con e-child\" data-id=\"7a14544\" data-element_type=\"container\" data-e-type=\"container\">\n\t\t\t\t<div class=\"elementor-element elementor-element-ebc12b1 elementor-align-justify elementor-widget__width-initial elementor-widget elementor-widget-button\" data-id=\"ebc12b1\" data-element_type=\"widget\" data-e-type=\"widget\" data-widget_type=\"button.default\">\n\t\t\t\t<div class=\"elementor-widget-container\">\n\t\t\t\t\t\t\t\t\t<div class=\"elementor-button-wrapper\">\n\t\t\t\t\t<a class=\"elementor-button elementor-button-link elementor-size-sm\" href=\"https:\/\/enraizarte.es\/en\/product\/pinta-tu-lupita-sabado-25-04-2026\/\">\n\t\t\t\t\t\t<span class=\"elementor-button-content-wrapper\">\n\t\t\t\t\t\t\t\t\t<span class=\"elementor-button-text\">Register<\/span>\n\t\t\t\t\t<\/span>\n\t\t\t\t\t<\/a>\n\t\t\t\t<\/div>\n\t\t\t\t\t\t\t\t<\/div>\n\t\t\t\t<\/div>\n\t\t\t\t<\/div>\n\t\t\t\t<\/div>\n\t\t<div class=\"elementor-element elementor-element-8705aa9 e-con-full e-flex e-con e-child\" data-id=\"8705aa9\" data-element_type=\"container\" data-e-type=\"container\">\n\t\t<div class=\"elementor-element elementor-element-7bdec31 e-con-full e-flex e-con e-child\" data-id=\"7bdec31\" data-element_type=\"container\" data-e-type=\"container\">\n\t\t\t\t<div class=\"elementor-element elementor-element-aa465aa elementor-widget__width-inherit elementor-widget elementor-widget-text-editor\" data-id=\"aa465aa\" data-element_type=\"widget\" data-e-type=\"widget\" data-widget_type=\"text-editor.default\">\n\t\t\t\t<div class=\"elementor-widget-container\">\n\t\t\t\t\t\t\t\t\t<p><strong>SATURDAY 09.05.2026<\/strong><br \/>Mexican miracles<\/p>\t\t\t\t\t\t\t\t<\/div>\n\t\t\t\t<\/div>\n\t\t\t\t<\/div>\n\t\t<div class=\"elementor-element elementor-element-b1b05ac e-con-full e-flex e-con e-child\" data-id=\"b1b05ac\" data-element_type=\"container\" data-e-type=\"container\">\n\t\t\t\t<div class=\"elementor-element elementor-element-4868cea elementor-widget__width-inherit elementor-widget elementor-widget-text-editor\" data-id=\"4868cea\" data-element_type=\"widget\" data-e-type=\"widget\" data-widget_type=\"text-editor.default\">\n\t\t\t\t<div class=\"elementor-widget-container\">\n\t\t\t\t\t\t\t\t\t<p>10:30 \u2013 14:00h<\/p>\t\t\t\t\t\t\t\t<\/div>\n\t\t\t\t<\/div>\n\t\t\t\t<\/div>\n\t\t<div class=\"elementor-element elementor-element-388b7f8 e-con-full e-flex e-con e-child\" data-id=\"388b7f8\" data-element_type=\"container\" data-e-type=\"container\">\n\t\t\t\t<div class=\"elementor-element elementor-element-6920643 elementor-align-justify elementor-widget__width-initial elementor-widget elementor-widget-button\" data-id=\"6920643\" data-element_type=\"widget\" data-e-type=\"widget\" data-widget_type=\"button.default\">\n\t\t\t\t<div class=\"elementor-widget-container\">\n\t\t\t\t\t\t\t\t\t<div class=\"elementor-button-wrapper\">\n\t\t\t\t\t<a class=\"elementor-button elementor-button-link elementor-size-sm\" href=\"https:\/\/enraizarte.es\/en\/product\/taller-milagritos-ex-votossabado-09-05-2026\/\">\n\t\t\t\t\t\t<span class=\"elementor-button-content-wrapper\">\n\t\t\t\t\t\t\t\t\t<span class=\"elementor-button-text\">Register<\/span>\n\t\t\t\t\t<\/span>\n\t\t\t\t\t<\/a>\n\t\t\t\t<\/div>\n\t\t\t\t\t\t\t\t<\/div>\n\t\t\t\t<\/div>\n\t\t\t\t<\/div>\n\t\t\t\t<\/div>\n\t\t<div class=\"elementor-element elementor-element-4aeeda3 e-con-full e-flex e-con e-child\" data-id=\"4aeeda3\" data-element_type=\"container\" data-e-type=\"container\">\n\t\t<div class=\"elementor-element elementor-element-741e0ca e-con-full e-flex e-con e-child\" data-id=\"741e0ca\" data-element_type=\"container\" data-e-type=\"container\">\n\t\t\t\t<div class=\"elementor-element elementor-element-888efd6 elementor-widget__width-inherit elementor-widget elementor-widget-text-editor\" data-id=\"888efd6\" data-element_type=\"widget\" data-e-type=\"widget\" data-widget_type=\"text-editor.default\">\n\t\t\t\t<div class=\"elementor-widget-container\">\n\t\t\t\t\t\t\t\t\t<p><strong>SATURDAY 23.05.2026<\/strong><br \/>Mexican embroidery<\/p>\t\t\t\t\t\t\t\t<\/div>\n\t\t\t\t<\/div>\n\t\t\t\t<\/div>\n\t\t<div class=\"elementor-element elementor-element-3e112d8 e-con-full e-flex e-con e-child\" data-id=\"3e112d8\" data-element_type=\"container\" data-e-type=\"container\">\n\t\t\t\t<div class=\"elementor-element elementor-element-d38152c elementor-widget__width-inherit elementor-widget elementor-widget-text-editor\" data-id=\"d38152c\" data-element_type=\"widget\" data-e-type=\"widget\" data-widget_type=\"text-editor.default\">\n\t\t\t\t<div class=\"elementor-widget-container\">\n\t\t\t\t\t\t\t\t\t<p>11:00 \u2013 14:30h<\/p>\t\t\t\t\t\t\t\t<\/div>\n\t\t\t\t<\/div>\n\t\t\t\t<\/div>\n\t\t<div class=\"elementor-element elementor-element-c44d345 e-con-full e-flex e-con e-child\" data-id=\"c44d345\" data-element_type=\"container\" data-e-type=\"container\">\n\t\t\t\t<div class=\"elementor-element elementor-element-60133ce elementor-align-justify elementor-widget__width-initial elementor-widget elementor-widget-button\" data-id=\"60133ce\" data-element_type=\"widget\" data-e-type=\"widget\" data-widget_type=\"button.default\">\n\t\t\t\t<div class=\"elementor-widget-container\">\n\t\t\t\t\t\t\t\t\t<div class=\"elementor-button-wrapper\">\n\t\t\t\t\t<a class=\"elementor-button elementor-button-link elementor-size-sm\" href=\"https:\/\/enraizarte.es\/en\/product\/taller-bordados-mexicanossabado-23-05-2026\/\">\n\t\t\t\t\t\t<span class=\"elementor-button-content-wrapper\">\n\t\t\t\t\t\t\t\t\t<span class=\"elementor-button-text\">Register<\/span>\n\t\t\t\t\t<\/span>\n\t\t\t\t\t<\/a>\n\t\t\t\t<\/div>\n\t\t\t\t\t\t\t\t<\/div>\n\t\t\t\t<\/div>\n\t\t\t\t<\/div>\n\t\t\t\t<\/div>\n\t\t<div class=\"elementor-element elementor-element-6a27339 e-con-full e-flex e-con e-child\" data-id=\"6a27339\" data-element_type=\"container\" data-e-type=\"container\">\n\t\t<div class=\"elementor-element elementor-element-296a484 e-con-full e-flex e-con e-child\" data-id=\"296a484\" data-element_type=\"container\" data-e-type=\"container\">\n\t\t\t\t<div class=\"elementor-element elementor-element-ba1465f elementor-widget__width-inherit elementor-widget elementor-widget-text-editor\" data-id=\"ba1465f\" data-element_type=\"widget\" data-e-type=\"widget\" data-widget_type=\"text-editor.default\">\n\t\t\t\t<div class=\"elementor-widget-container\">\n\t\t\t\t\t\t\t\t\t<p><strong>SATURDAY 06.06.2026<\/strong><br \/>Paint your canvas<\/p>\t\t\t\t\t\t\t\t<\/div>\n\t\t\t\t<\/div>\n\t\t\t\t<\/div>\n\t\t<div class=\"elementor-element elementor-element-b10c5c4 e-con-full e-flex e-con e-child\" data-id=\"b10c5c4\" data-element_type=\"container\" data-e-type=\"container\">\n\t\t\t\t<div class=\"elementor-element elementor-element-f79ab5f elementor-widget__width-inherit elementor-widget elementor-widget-text-editor\" data-id=\"f79ab5f\" data-element_type=\"widget\" data-e-type=\"widget\" data-widget_type=\"text-editor.default\">\n\t\t\t\t<div class=\"elementor-widget-container\">\n\t\t\t\t\t\t\t\t\t<p>10:30 \u2013 14:30h<\/p>\t\t\t\t\t\t\t\t<\/div>\n\t\t\t\t<\/div>\n\t\t\t\t<\/div>\n\t\t<div class=\"elementor-element elementor-element-d7cb5f2 e-con-full e-flex e-con e-child\" data-id=\"d7cb5f2\" data-element_type=\"container\" data-e-type=\"container\">\n\t\t\t\t<div class=\"elementor-element elementor-element-6478fc8 elementor-align-justify elementor-widget__width-initial elementor-widget elementor-widget-button\" data-id=\"6478fc8\" data-element_type=\"widget\" data-e-type=\"widget\" data-widget_type=\"button.default\">\n\t\t\t\t<div class=\"elementor-widget-container\">\n\t\t\t\t\t\t\t\t\t<div class=\"elementor-button-wrapper\">\n\t\t\t\t\t<a class=\"elementor-button elementor-button-link elementor-size-sm\" href=\"https:\/\/enraizarte.es\/en\/product\/pinta-tu-lienzo-sabado-06-06-2026\/\">\n\t\t\t\t\t\t<span class=\"elementor-button-content-wrapper\">\n\t\t\t\t\t\t\t\t\t<span class=\"elementor-button-text\">Register<\/span>\n\t\t\t\t\t<\/span>\n\t\t\t\t\t<\/a>\n\t\t\t\t<\/div>\n\t\t\t\t\t\t\t\t<\/div>\n\t\t\t\t<\/div>\n\t\t\t\t<\/div>\n\t\t\t\t<\/div>\n\t\t<div class=\"elementor-element elementor-element-e516bfa e-con-full e-flex e-con e-child\" data-id=\"e516bfa\" data-element_type=\"container\" data-e-type=\"container\">\n\t\t<div class=\"elementor-element elementor-element-15cb2fe e-con-full e-flex e-con e-child\" data-id=\"15cb2fe\" data-element_type=\"container\" data-e-type=\"container\">\n\t\t\t\t<div class=\"elementor-element elementor-element-94eb8d4 elementor-widget__width-inherit elementor-widget elementor-widget-text-editor\" data-id=\"94eb8d4\" data-element_type=\"widget\" data-e-type=\"widget\" data-widget_type=\"text-editor.default\">\n\t\t\t\t<div class=\"elementor-widget-container\">\n\t\t\t\t\t\t\t\t\t<p><strong>SATURDAY 27.06.2026<\/strong><br \/>Mexican altars<\/p>\t\t\t\t\t\t\t\t<\/div>\n\t\t\t\t<\/div>\n\t\t\t\t<\/div>\n\t\t<div class=\"elementor-element elementor-element-16952ec e-con-full e-flex e-con e-child\" data-id=\"16952ec\" data-element_type=\"container\" data-e-type=\"container\">\n\t\t\t\t<div class=\"elementor-element elementor-element-508c468 elementor-widget__width-inherit elementor-widget elementor-widget-text-editor\" data-id=\"508c468\" data-element_type=\"widget\" data-e-type=\"widget\" data-widget_type=\"text-editor.default\">\n\t\t\t\t<div class=\"elementor-widget-container\">\n\t\t\t\t\t\t\t\t\t<p>10:30 \u2013 14:00h<\/p>\t\t\t\t\t\t\t\t<\/div>\n\t\t\t\t<\/div>\n\t\t\t\t<\/div>\n\t\t<div class=\"elementor-element elementor-element-2d7e13d e-con-full e-flex e-con e-child\" data-id=\"2d7e13d\" data-element_type=\"container\" data-e-type=\"container\">\n\t\t\t\t<div class=\"elementor-element elementor-element-bb2d84c elementor-align-justify elementor-widget__width-initial elementor-widget elementor-widget-button\" data-id=\"bb2d84c\" data-element_type=\"widget\" data-e-type=\"widget\" data-widget_type=\"button.default\">\n\t\t\t\t<div class=\"elementor-widget-container\">\n\t\t\t\t\t\t\t\t\t<div class=\"elementor-button-wrapper\">\n\t\t\t\t\t<a class=\"elementor-button elementor-button-link elementor-size-sm\" href=\"https:\/\/enraizarte.es\/en\/product\/taller-altarcitos-mexicanos-sabado-27-06-2026\/\">\n\t\t\t\t\t\t<span class=\"elementor-button-content-wrapper\">\n\t\t\t\t\t\t\t\t\t<span class=\"elementor-button-text\">Register<\/span>\n\t\t\t\t\t<\/span>\n\t\t\t\t\t<\/a>\n\t\t\t\t<\/div>\n\t\t\t\t\t\t\t\t<\/div>\n\t\t\t\t<\/div>\n\t\t\t\t<\/div>\n\t\t\t\t<\/div>\n\t\t<div class=\"elementor-element elementor-element-dceb6cd e-con-full e-flex e-con e-child\" data-id=\"dceb6cd\" data-element_type=\"container\" data-e-type=\"container\">\n\t\t<div class=\"elementor-element elementor-element-1bb6bb4 e-con-full e-flex e-con e-child\" data-id=\"1bb6bb4\" data-element_type=\"container\" data-e-type=\"container\">\n\t\t\t\t<div class=\"elementor-element elementor-element-9fb68eb elementor-widget__width-inherit elementor-widget elementor-widget-text-editor\" data-id=\"9fb68eb\" data-element_type=\"widget\" data-e-type=\"widget\" data-widget_type=\"text-editor.default\">\n\t\t\t\t<div class=\"elementor-widget-container\">\n\t\t\t\t\t\t\t\t\t<p><strong>FRIDAY 03.07.2026<\/strong><br \/>Tenango embroidery<\/p>\t\t\t\t\t\t\t\t<\/div>\n\t\t\t\t<\/div>\n\t\t\t\t<\/div>\n\t\t<div class=\"elementor-element elementor-element-79d5dff e-con-full e-flex e-con e-child\" data-id=\"79d5dff\" data-element_type=\"container\" data-e-type=\"container\">\n\t\t\t\t<div class=\"elementor-element elementor-element-cd44d25 elementor-widget__width-inherit elementor-widget elementor-widget-text-editor\" data-id=\"cd44d25\" data-element_type=\"widget\" data-e-type=\"widget\" data-widget_type=\"text-editor.default\">\n\t\t\t\t<div class=\"elementor-widget-container\">\n\t\t\t\t\t\t\t\t\t<p>5:30 PM \u2013 9:00 PM<\/p>\t\t\t\t\t\t\t\t<\/div>\n\t\t\t\t<\/div>\n\t\t\t\t<\/div>\n\t\t<div class=\"elementor-element elementor-element-b52ce00 e-con-full e-flex e-con e-child\" data-id=\"b52ce00\" data-element_type=\"container\" data-e-type=\"container\">\n\t\t\t\t<div class=\"elementor-element elementor-element-222806b elementor-align-justify elementor-widget__width-initial elementor-widget elementor-widget-button\" data-id=\"222806b\" data-element_type=\"widget\" data-e-type=\"widget\" data-widget_type=\"button.default\">\n\t\t\t\t<div class=\"elementor-widget-container\">\n\t\t\t\t\t\t\t\t\t<div class=\"elementor-button-wrapper\">\n\t\t\t\t\t<a class=\"elementor-button elementor-button-link elementor-size-sm\" href=\"https:\/\/enraizarte.es\/en\/product\/taller-bordado-tenangosabado-03-07-2026\/\">\n\t\t\t\t\t\t<span class=\"elementor-button-content-wrapper\">\n\t\t\t\t\t\t\t\t\t<span class=\"elementor-button-text\">Register<\/span>\n\t\t\t\t\t<\/span>\n\t\t\t\t\t<\/a>\n\t\t\t\t<\/div>\n\t\t\t\t\t\t\t\t<\/div>\n\t\t\t\t<\/div>\n\t\t\t\t<\/div>\n\t\t\t\t<\/div>\n\t\t\t\t<\/div>\n\t\t\t\t\t<\/div>\n\t\t\t\t<\/div>\n\t\t\t\t<\/div>","protected":false},"excerpt":{"rendered":"<p>Calendario de TALLERES \u00a1No queremos que te pierdas los talleres que m\u00e1s te gustan! As\u00ed que te dejamos las pr\u00f3ximas fechas.\u00a0 S\u00c1BADO 11.04.2026Altarcitos mexicanos 10:30 &#8211; 14:00h Inscribirse S\u00c1BADO 25.04.2026Pinta tu &#8216;Lupita&#8217; 11:00 &#8211; 14:00h Inscribirse S\u00c1BADO 09.05.2026Milagritos mexicanos 10:30 &#8211; 14:00h Inscribirse S\u00c1BADO 23.05.2026Bordados mexicanos 11:00 &#8211; 14:30h Inscribirse S\u00c1BADO 06.06.2026Pinta tu lienzo 10:30 [&hellip;]<\/p>\n","protected":false},"author":42,"featured_media":0,"parent":0,"menu_order":0,"comment_status":"closed","ping_status":"closed","template":"","meta":{"footnotes":""},"class_list":["post-4065","page","type-page","status-publish","hentry"],"yoast_head":"<!-- This site is optimized with the Yoast SEO plugin v27.4 - https:\/\/yoast.com\/product\/yoast-seo-wordpress\/ -->\n<title>Talleres de artesan\u00eda | Calendario \u2013 Enraizarte<\/title>\n<meta name=\"description\" content=\"Descubre nuestro calendario de talleres de artesan\u00eda: fechas, horarios y experiencias creativas para aprender t\u00e9cnicas tradicionales.\" \/>\n<meta name=\"robots\" content=\"index, follow, max-snippet:-1, max-image-preview:large, max-video-preview:-1\" \/>\n<link rel=\"canonical\" href=\"https:\/\/enraizarte.es\/en\/calendario-talleres-artesania\/\" \/>\n<meta property=\"og:locale\" content=\"en_GB\" \/>\n<meta property=\"og:type\" content=\"article\" \/>\n<meta property=\"og:title\" content=\"Talleres de artesan\u00eda | Calendario \u2013 Enraizarte\" \/>\n<meta property=\"og:description\" content=\"Descubre nuestro calendario de talleres de artesan\u00eda: fechas, horarios y experiencias creativas para aprender t\u00e9cnicas tradicionales.\" \/>\n<meta property=\"og:url\" content=\"https:\/\/enraizarte.es\/en\/calendario-talleres-artesania\/\" \/>\n<meta property=\"og:site_name\" content=\"Enraizarte\" \/>\n<meta property=\"article:publisher\" content=\"https:\/\/www.facebook.com\/enraizartemex\" \/>\n<meta property=\"article:modified_time\" content=\"2026-04-09T13:17:32+00:00\" \/>\n<meta name=\"twitter:card\" content=\"summary_large_image\" \/>\n<meta name=\"twitter:label1\" content=\"Estimated reading time\" \/>\n\t<meta name=\"twitter:data1\" content=\"1 minute\" \/>\n<script type=\"application\/ld+json\" class=\"yoast-schema-graph\">{\"@context\":\"https:\\\/\\\/schema.org\",\"@graph\":[{\"@type\":\"WebPage\",\"@id\":\"https:\\\/\\\/enraizarte.es\\\/calendario-talleres-artesania\\\/\",\"url\":\"https:\\\/\\\/enraizarte.es\\\/calendario-talleres-artesania\\\/\",\"name\":\"Talleres de artesan\u00eda | Calendario \u2013 Enraizarte\",\"isPartOf\":{\"@id\":\"https:\\\/\\\/enraizarte.es\\\/#website\"},\"datePublished\":\"2024-05-17T20:30:05+00:00\",\"dateModified\":\"2026-04-09T13:17:32+00:00\",\"description\":\"Descubre nuestro calendario de talleres de artesan\u00eda: fechas, horarios y experiencias creativas para aprender t\u00e9cnicas tradicionales.\",\"breadcrumb\":{\"@id\":\"https:\\\/\\\/enraizarte.es\\\/calendario-talleres-artesania\\\/#breadcrumb\"},\"inLanguage\":\"en-GB\",\"potentialAction\":[{\"@type\":\"ReadAction\",\"target\":[\"https:\\\/\\\/enraizarte.es\\\/calendario-talleres-artesania\\\/\"]}]},{\"@type\":\"BreadcrumbList\",\"@id\":\"https:\\\/\\\/enraizarte.es\\\/calendario-talleres-artesania\\\/#breadcrumb\",\"itemListElement\":[{\"@type\":\"ListItem\",\"position\":1,\"name\":\"Portada\",\"item\":\"https:\\\/\\\/enraizarte.es\\\/\"},{\"@type\":\"ListItem\",\"position\":2,\"name\":\"Calendario de talleres de artesan\u00eda\"}]},{\"@type\":\"WebSite\",\"@id\":\"https:\\\/\\\/enraizarte.es\\\/#website\",\"url\":\"https:\\\/\\\/enraizarte.es\\\/\",\"name\":\"Enraizarte\",\"description\":\"Artesan\u00eda mexicana, talleres de artesan\u00eda y regalos originales\",\"publisher\":{\"@id\":\"https:\\\/\\\/enraizarte.es\\\/#organization\"},\"potentialAction\":[{\"@type\":\"SearchAction\",\"target\":{\"@type\":\"EntryPoint\",\"urlTemplate\":\"https:\\\/\\\/enraizarte.es\\\/?s={search_term_string}\"},\"query-input\":{\"@type\":\"PropertyValueSpecification\",\"valueRequired\":true,\"valueName\":\"search_term_string\"}}],\"inLanguage\":\"en-GB\"},{\"@type\":\"Organization\",\"@id\":\"https:\\\/\\\/enraizarte.es\\\/#organization\",\"name\":\"Enraizarte Tienda de artesan\u00eda mexicana en Madrir\",\"url\":\"https:\\\/\\\/enraizarte.es\\\/\",\"logo\":{\"@type\":\"ImageObject\",\"inLanguage\":\"en-GB\",\"@id\":\"https:\\\/\\\/enraizarte.es\\\/#\\\/schema\\\/logo\\\/image\\\/\",\"url\":\"https:\\\/\\\/enraizarte.es\\\/wp-content\\\/uploads\\\/enraizarte-artesania-mexicana.svg\",\"contentUrl\":\"https:\\\/\\\/enraizarte.es\\\/wp-content\\\/uploads\\\/enraizarte-artesania-mexicana.svg\",\"width\":406,\"height\":111,\"caption\":\"Enraizarte Tienda de artesan\u00eda mexicana en Madrir\"},\"image\":{\"@id\":\"https:\\\/\\\/enraizarte.es\\\/#\\\/schema\\\/logo\\\/image\\\/\"},\"sameAs\":[\"https:\\\/\\\/www.facebook.com\\\/enraizartemex\",\"https:\\\/\\\/www.instagram.com\\\/enraizartemex\\\/\"]}]}<\/script>\n<!-- \/ Yoast SEO plugin. -->","yoast_head_json":{"title":"Talleres de artesan\u00eda | Calendario \u2013 Enraizarte","description":"Descubre nuestro calendario de talleres de artesan\u00eda: fechas, horarios y experiencias creativas para aprender t\u00e9cnicas tradicionales.","robots":{"index":"index","follow":"follow","max-snippet":"max-snippet:-1","max-image-preview":"max-image-preview:large","max-video-preview":"max-video-preview:-1"},"canonical":"https:\/\/enraizarte.es\/en\/calendario-talleres-artesania\/","og_locale":"en_GB","og_type":"article","og_title":"Talleres de artesan\u00eda | Calendario \u2013 Enraizarte","og_description":"Descubre nuestro calendario de talleres de artesan\u00eda: fechas, horarios y experiencias creativas para aprender t\u00e9cnicas tradicionales.","og_url":"https:\/\/enraizarte.es\/en\/calendario-talleres-artesania\/","og_site_name":"Enraizarte","article_publisher":"https:\/\/www.facebook.com\/enraizartemex","article_modified_time":"2026-04-09T13:17:32+00:00","twitter_card":"summary_large_image","twitter_misc":{"Estimated reading time":"1 minute"},"schema":{"@context":"https:\/\/schema.org","@graph":[{"@type":"WebPage","@id":"https:\/\/enraizarte.es\/calendario-talleres-artesania\/","url":"https:\/\/enraizarte.es\/calendario-talleres-artesania\/","name":"Talleres de artesan\u00eda | Calendario \u2013 Enraizarte","isPartOf":{"@id":"https:\/\/enraizarte.es\/#website"},"datePublished":"2024-05-17T20:30:05+00:00","dateModified":"2026-04-09T13:17:32+00:00","description":"Descubre nuestro calendario de talleres de artesan\u00eda: fechas, horarios y experiencias creativas para aprender t\u00e9cnicas tradicionales.","breadcrumb":{"@id":"https:\/\/enraizarte.es\/calendario-talleres-artesania\/#breadcrumb"},"inLanguage":"en-GB","potentialAction":[{"@type":"ReadAction","target":["https:\/\/enraizarte.es\/calendario-talleres-artesania\/"]}]},{"@type":"BreadcrumbList","@id":"https:\/\/enraizarte.es\/calendario-talleres-artesania\/#breadcrumb","itemListElement":[{"@type":"ListItem","position":1,"name":"Portada","item":"https:\/\/enraizarte.es\/"},{"@type":"ListItem","position":2,"name":"Calendario de talleres de artesan\u00eda"}]},{"@type":"WebSite","@id":"https:\/\/enraizarte.es\/#website","url":"https:\/\/enraizarte.es\/","name":"Enraizarte","description":"Mexican crafts, craft workshops and original gifts","publisher":{"@id":"https:\/\/enraizarte.es\/#organization"},"potentialAction":[{"@type":"SearchAction","target":{"@type":"EntryPoint","urlTemplate":"https:\/\/enraizarte.es\/?s={search_term_string}"},"query-input":{"@type":"PropertyValueSpecification","valueRequired":true,"valueName":"search_term_string"}}],"inLanguage":"en-GB"},{"@type":"Organization","@id":"https:\/\/enraizarte.es\/#organization","name":"Enraizarte Mexican crafts store in Madrid","url":"https:\/\/enraizarte.es\/","logo":{"@type":"ImageObject","inLanguage":"en-GB","@id":"https:\/\/enraizarte.es\/#\/schema\/logo\/image\/","url":"https:\/\/enraizarte.es\/wp-content\/uploads\/enraizarte-artesania-mexicana.svg","contentUrl":"https:\/\/enraizarte.es\/wp-content\/uploads\/enraizarte-artesania-mexicana.svg","width":406,"height":111,"caption":"Enraizarte Tienda de artesan\u00eda mexicana en Madrir"},"image":{"@id":"https:\/\/enraizarte.es\/#\/schema\/logo\/image\/"},"sameAs":["https:\/\/www.facebook.com\/enraizartemex","https:\/\/www.instagram.com\/enraizartemex\/"]}]}},"_links":{"self":[{"href":"https:\/\/enraizarte.es\/en\/wp-json\/wp\/v2\/pages\/4065","targetHints":{"allow":["GET"]}}],"collection":[{"href":"https:\/\/enraizarte.es\/en\/wp-json\/wp\/v2\/pages"}],"about":[{"href":"https:\/\/enraizarte.es\/en\/wp-json\/wp\/v2\/types\/page"}],"author":[{"embeddable":true,"href":"https:\/\/enraizarte.es\/en\/wp-json\/wp\/v2\/users\/42"}],"replies":[{"embeddable":true,"href":"https:\/\/enraizarte.es\/en\/wp-json\/wp\/v2\/comments?post=4065"}],"version-history":[{"count":0,"href":"https:\/\/enraizarte.es\/en\/wp-json\/wp\/v2\/pages\/4065\/revisions"}],"wp:attachment":[{"href":"https:\/\/enraizarte.es\/en\/wp-json\/wp\/v2\/media?parent=4065"}],"curies":[{"name":"wp","href":"https:\/\/api.w.org\/{rel}","templated":true}]}}