{"id":689,"date":"2021-09-16T14:16:51","date_gmt":"2021-09-16T14:16:51","guid":{"rendered":"http:\/\/scoremarketing.es\/maquetaenraizarte\/?page_id=689"},"modified":"2024-03-11T11:02:47","modified_gmt":"2024-03-11T11:02:47","slug":"transporte-y-gastos-de-envio","status":"publish","type":"page","link":"https:\/\/enraizarte.es\/en\/transporte-y-gastos-de-envio\/","title":{"rendered":"Transportation and shipping costs"},"content":{"rendered":"<section class=\"intro-gastosenvio\">\r\n  <h1>TRANSPORTATION AND SHIPPING COSTS<\/h1>\r\n  <div class=\"texto-izq\">\r\n    <h3>PRICES<\/h3>\r\n    <p>Item prices do not include shipping costs. These will be added at checkout. We have a fixed shipping cost policy depending on the country, shown in the list below. This way you can know from the beginning what shipping your purchase will cost. It is also possible to select \u201cstore pickup\u201d at no additional cost.<\/p>\r\n    <h3 class=\"margen\">DELICATE PARTS<\/h3>\r\n    <p>For large ceramic pieces, due to their delicacy, we quote shipping individually, pack them with great care, and take out additional insurance to protect your items. We will inform you of the shipping cost before confirming and finalizing your purchase.<\/p>\r\n    <h3 class=\"margen\">IF IT&#039;S NOT ON THE LIST...<\/h3>\r\n    <p>If you live in the Canary Islands, Ceuta, Melilla, Formentera or a country that is not on the list, we will gladly send you your order. You can contact us by email or WhatsApp and we will quote the best messaging option. (info@enraizarte.es, +34 661 851 133).<\/p>\r\n  <\/div>\r\n  <div class=\"caja-der\">\r\n    <div class=\"tira cabecera\">\r\n      <div class=\"cont\">\r\n        <h4>COUNTRY<\/h4>\r\n      <\/div>\r\n      <div class=\"cont\">\r\n        <h4>COST<\/h4>\r\n      <\/div>\r\n    <\/div>\r\n    <div class=\"tira\">\r\n      <div class=\"cont\">\r\n        <p>Spain: Peninsula and Balearic Islands (except Formentera)<\/p>\r\n      <\/div>\r\n      <div class=\"cont semibold\">\r\n        <p>5,50 \u20ac<\/p>\r\n      <\/div>\r\n    <\/div>\r\n    <div class=\"tira\">\r\n      <div class=\"cont\">\r\n        <p>Portugal<\/p>\r\n      <\/div>\r\n      <div class=\"cont semibold\">\r\n        <p>7,50 \u20ac<\/p>\r\n      <\/div>\r\n    <\/div>\r\n    <div class=\"tira\">\r\n      <div class=\"cont\">\r\n        <p>Germany, France, Italy, Belgium, Netherlands, Luxembourg, Austria, Czech Republic<\/p>\r\n      <\/div>\r\n      <div class=\"cont semibold\">\r\n        <p>17 \u20ac<\/p>\r\n      <\/div>\r\n    <\/div>\r\n    <div class=\"tira\">\r\n      <div class=\"cont\">\r\n        <p>Denmark, Poland, Slovakia, Slovenia<\/p>\r\n      <\/div>\r\n      <div class=\"cont semibold\">\r\n        <p>20 \u20ac<\/p>\r\n      <\/div>\r\n    <\/div>\r\n    <div class=\"tira\">\r\n      <div class=\"cont\">\r\n        <p>United Kingdom, Bulgaria, Croatia, Romania, Hungary, Lithuania, Latvia, Estonia<\/p>\r\n      <\/div>\r\n      <div class=\"cont semibold\">\r\n        <p>25 \u20ac<\/p>\r\n      <\/div>\r\n    <\/div>\r\n    <div class=\"tira\">\r\n      <div class=\"cont\">\r\n        <p>Sweden, Norway, Finland<\/p>\r\n      <\/div>\r\n      <div class=\"cont semibold\">\r\n        <p>34 \u20ac<\/p>\r\n      <\/div>\r\n    <\/div>\r\n    <div class=\"tira\">\r\n      <div class=\"cont\">\r\n        <p>Greece, Malta, Cyprus, Iceland<\/p>\r\n      <\/div>\r\n      <div class=\"cont semibold\">\r\n        <p>37 \u20ac<\/p>\r\n      <\/div>\r\n    <\/div>\r\n  <\/div>\r\n  <p class=\"final\">Purchases made (with confirmed payment) from Monday to Thursday, before 8 p.m., are shipped the next day. Orders placed on Friday ship out on Monday, and orders placed on Saturday and Sunday ship out on Tuesday morning.<\/p>\r\n<\/section>","protected":false},"excerpt":{"rendered":"<p>TRANSPORTE Y GASTOS DE ENV\u00cdO LOS PRECIOS Los precios de los art\u00edculos no incluyen gastos de env\u00edo. Estos ser\u00e1n a\u00f1adidos al finalizar el pedido. Tenemos una pol\u00edtica de costos de env\u00edos fijos seg\u00fan el pa\u00eds, mostrados en la lista a continuaci\u00f3n. As\u00ed puedes saber desde el inicio lo que costar\u00e1 el env\u00edo de tu compra. [&hellip;]<\/p>\n","protected":false},"author":51,"featured_media":0,"parent":0,"menu_order":0,"comment_status":"closed","ping_status":"closed","template":"","meta":{"footnotes":""},"class_list":["post-689","page","type-page","status-publish","hentry"],"yoast_head":"<!-- This site is optimized with the Yoast SEO plugin v27.3 - https:\/\/yoast.com\/product\/yoast-seo-wordpress\/ -->\n<title>Transporte y gastos de env\u00edo - Enraizarte<\/title>\n<meta name=\"robots\" content=\"noindex, nofollow\" \/>\n<meta property=\"og:locale\" content=\"en_GB\" \/>\n<meta property=\"og:type\" content=\"article\" \/>\n<meta property=\"og:title\" content=\"Transporte y gastos de env\u00edo - Enraizarte\" \/>\n<meta property=\"og:description\" content=\"TRANSPORTE Y GASTOS DE ENV\u00cdO LOS PRECIOS Los precios de los art\u00edculos no incluyen gastos de env\u00edo. Estos ser\u00e1n a\u00f1adidos al finalizar el pedido. Tenemos una pol\u00edtica de costos de env\u00edos fijos seg\u00fan el pa\u00eds, mostrados en la lista a continuaci\u00f3n. As\u00ed puedes saber desde el inicio lo que costar\u00e1 el env\u00edo de tu compra. [&hellip;]\" \/>\n<meta property=\"og:url\" content=\"https:\/\/enraizarte.es\/en\/transporte-y-gastos-de-envio\/\" \/>\n<meta property=\"og:site_name\" content=\"Enraizarte\" \/>\n<meta property=\"article:publisher\" content=\"https:\/\/www.facebook.com\/enraizartemex\" \/>\n<meta property=\"article:modified_time\" content=\"2024-03-11T11:02:47+00:00\" \/>\n<meta name=\"twitter:card\" content=\"summary_large_image\" \/>\n<meta name=\"twitter:label1\" content=\"Estimated reading time\" \/>\n\t<meta name=\"twitter:data1\" content=\"2 minutes\" \/>\n<script type=\"application\/ld+json\" class=\"yoast-schema-graph\">{\"@context\":\"https:\\\/\\\/schema.org\",\"@graph\":[{\"@type\":\"WebPage\",\"@id\":\"https:\\\/\\\/enraizarte.es\\\/transporte-y-gastos-de-envio\\\/\",\"url\":\"https:\\\/\\\/enraizarte.es\\\/transporte-y-gastos-de-envio\\\/\",\"name\":\"Transporte y gastos de env\u00edo - Enraizarte\",\"isPartOf\":{\"@id\":\"https:\\\/\\\/enraizarte.es\\\/#website\"},\"datePublished\":\"2021-09-16T14:16:51+00:00\",\"dateModified\":\"2024-03-11T11:02:47+00:00\",\"breadcrumb\":{\"@id\":\"https:\\\/\\\/enraizarte.es\\\/transporte-y-gastos-de-envio\\\/#breadcrumb\"},\"inLanguage\":\"en-GB\",\"potentialAction\":[{\"@type\":\"ReadAction\",\"target\":[\"https:\\\/\\\/enraizarte.es\\\/transporte-y-gastos-de-envio\\\/\"]}]},{\"@type\":\"BreadcrumbList\",\"@id\":\"https:\\\/\\\/enraizarte.es\\\/transporte-y-gastos-de-envio\\\/#breadcrumb\",\"itemListElement\":[{\"@type\":\"ListItem\",\"position\":1,\"name\":\"Portada\",\"item\":\"https:\\\/\\\/enraizarte.es\\\/\"},{\"@type\":\"ListItem\",\"position\":2,\"name\":\"Transporte y gastos de env\u00edo\"}]},{\"@type\":\"WebSite\",\"@id\":\"https:\\\/\\\/enraizarte.es\\\/#website\",\"url\":\"https:\\\/\\\/enraizarte.es\\\/\",\"name\":\"Enraizarte\",\"description\":\"Artesan\u00eda mexicana, talleres de artesan\u00eda y regalos originales\",\"publisher\":{\"@id\":\"https:\\\/\\\/enraizarte.es\\\/#organization\"},\"potentialAction\":[{\"@type\":\"SearchAction\",\"target\":{\"@type\":\"EntryPoint\",\"urlTemplate\":\"https:\\\/\\\/enraizarte.es\\\/?s={search_term_string}\"},\"query-input\":{\"@type\":\"PropertyValueSpecification\",\"valueRequired\":true,\"valueName\":\"search_term_string\"}}],\"inLanguage\":\"en-GB\"},{\"@type\":\"Organization\",\"@id\":\"https:\\\/\\\/enraizarte.es\\\/#organization\",\"name\":\"Enraizarte Tienda de artesan\u00eda mexicana en Madrir\",\"url\":\"https:\\\/\\\/enraizarte.es\\\/\",\"logo\":{\"@type\":\"ImageObject\",\"inLanguage\":\"en-GB\",\"@id\":\"https:\\\/\\\/enraizarte.es\\\/#\\\/schema\\\/logo\\\/image\\\/\",\"url\":\"https:\\\/\\\/enraizarte.es\\\/wp-content\\\/uploads\\\/enraizarte-artesania-mexicana.svg\",\"contentUrl\":\"https:\\\/\\\/enraizarte.es\\\/wp-content\\\/uploads\\\/enraizarte-artesania-mexicana.svg\",\"width\":406,\"height\":111,\"caption\":\"Enraizarte Tienda de artesan\u00eda mexicana en Madrir\"},\"image\":{\"@id\":\"https:\\\/\\\/enraizarte.es\\\/#\\\/schema\\\/logo\\\/image\\\/\"},\"sameAs\":[\"https:\\\/\\\/www.facebook.com\\\/enraizartemex\",\"https:\\\/\\\/www.instagram.com\\\/enraizartemex\\\/\"]}]}<\/script>\n<!-- \/ Yoast SEO plugin. -->","yoast_head_json":{"title":"Shipping and handling - Enraizarte","robots":{"index":"noindex","follow":"nofollow"},"og_locale":"en_GB","og_type":"article","og_title":"Transporte y gastos de env\u00edo - Enraizarte","og_description":"TRANSPORTE Y GASTOS DE ENV\u00cdO LOS PRECIOS Los precios de los art\u00edculos no incluyen gastos de env\u00edo. Estos ser\u00e1n a\u00f1adidos al finalizar el pedido. Tenemos una pol\u00edtica de costos de env\u00edos fijos seg\u00fan el pa\u00eds, mostrados en la lista a continuaci\u00f3n. As\u00ed puedes saber desde el inicio lo que costar\u00e1 el env\u00edo de tu compra. [&hellip;]","og_url":"https:\/\/enraizarte.es\/en\/transporte-y-gastos-de-envio\/","og_site_name":"Enraizarte","article_publisher":"https:\/\/www.facebook.com\/enraizartemex","article_modified_time":"2024-03-11T11:02:47+00:00","twitter_card":"summary_large_image","twitter_misc":{"Estimated reading time":"2 minutes"},"schema":{"@context":"https:\/\/schema.org","@graph":[{"@type":"WebPage","@id":"https:\/\/enraizarte.es\/transporte-y-gastos-de-envio\/","url":"https:\/\/enraizarte.es\/transporte-y-gastos-de-envio\/","name":"Shipping and handling - Enraizarte","isPartOf":{"@id":"https:\/\/enraizarte.es\/#website"},"datePublished":"2021-09-16T14:16:51+00:00","dateModified":"2024-03-11T11:02:47+00:00","breadcrumb":{"@id":"https:\/\/enraizarte.es\/transporte-y-gastos-de-envio\/#breadcrumb"},"inLanguage":"en-GB","potentialAction":[{"@type":"ReadAction","target":["https:\/\/enraizarte.es\/transporte-y-gastos-de-envio\/"]}]},{"@type":"BreadcrumbList","@id":"https:\/\/enraizarte.es\/transporte-y-gastos-de-envio\/#breadcrumb","itemListElement":[{"@type":"ListItem","position":1,"name":"Portada","item":"https:\/\/enraizarte.es\/"},{"@type":"ListItem","position":2,"name":"Transporte y gastos de env\u00edo"}]},{"@type":"WebSite","@id":"https:\/\/enraizarte.es\/#website","url":"https:\/\/enraizarte.es\/","name":"Enraizarte","description":"Mexican crafts, craft workshops and original gifts","publisher":{"@id":"https:\/\/enraizarte.es\/#organization"},"potentialAction":[{"@type":"SearchAction","target":{"@type":"EntryPoint","urlTemplate":"https:\/\/enraizarte.es\/?s={search_term_string}"},"query-input":{"@type":"PropertyValueSpecification","valueRequired":true,"valueName":"search_term_string"}}],"inLanguage":"en-GB"},{"@type":"Organization","@id":"https:\/\/enraizarte.es\/#organization","name":"Enraizarte Mexican crafts store in Madrid","url":"https:\/\/enraizarte.es\/","logo":{"@type":"ImageObject","inLanguage":"en-GB","@id":"https:\/\/enraizarte.es\/#\/schema\/logo\/image\/","url":"https:\/\/enraizarte.es\/wp-content\/uploads\/enraizarte-artesania-mexicana.svg","contentUrl":"https:\/\/enraizarte.es\/wp-content\/uploads\/enraizarte-artesania-mexicana.svg","width":406,"height":111,"caption":"Enraizarte Tienda de artesan\u00eda mexicana en Madrir"},"image":{"@id":"https:\/\/enraizarte.es\/#\/schema\/logo\/image\/"},"sameAs":["https:\/\/www.facebook.com\/enraizartemex","https:\/\/www.instagram.com\/enraizartemex\/"]}]}},"_links":{"self":[{"href":"https:\/\/enraizarte.es\/en\/wp-json\/wp\/v2\/pages\/689","targetHints":{"allow":["GET"]}}],"collection":[{"href":"https:\/\/enraizarte.es\/en\/wp-json\/wp\/v2\/pages"}],"about":[{"href":"https:\/\/enraizarte.es\/en\/wp-json\/wp\/v2\/types\/page"}],"author":[{"embeddable":true,"href":"https:\/\/enraizarte.es\/en\/wp-json\/wp\/v2\/users\/51"}],"replies":[{"embeddable":true,"href":"https:\/\/enraizarte.es\/en\/wp-json\/wp\/v2\/comments?post=689"}],"version-history":[{"count":0,"href":"https:\/\/enraizarte.es\/en\/wp-json\/wp\/v2\/pages\/689\/revisions"}],"wp:attachment":[{"href":"https:\/\/enraizarte.es\/en\/wp-json\/wp\/v2\/media?parent=689"}],"curies":[{"name":"wp","href":"https:\/\/api.w.org\/{rel}","templated":true}]}}