{"id":4173,"date":"2024-09-18T10:51:45","date_gmt":"2024-09-18T10:51:45","guid":{"rendered":"https:\/\/enraizarte.es\/?post_type=product&#038;p=4173"},"modified":"2024-09-24T18:11:40","modified_gmt":"2024-09-24T18:11:40","slug":"taller-decoracion-craneos","status":"publish","type":"product","link":"https:\/\/enraizarte.es\/en\/product\/taller-decoracion-craneos\/","title":{"rendered":"Skull Decorating Workshop | SATURDAY 05.10.24"},"content":{"rendered":"<p>Decorate a skull of approximately 20 cm, whose mold we have brought from Mexico. We do the previous work of covering it with layers of paper and leaving it ready for you to work with.<\/p>","protected":false},"excerpt":{"rendered":"<p>Duration:\u00a0<strong>4h<\/strong><br \/>\nPrice:\u00a0<strong>65 \u20ac<\/strong><br \/>\nInstructor:\u00a0<strong>Daniela<\/strong><br \/>\n*Includes all materials + coffee, tea and cookies.<br \/>\nDecorate a skull of approximately 20 cm, whose mold we have brought from Mexico. We do the previous work of covering it with layers of paper and leaving it ready for you to work with.<\/p>","protected":false},"featured_media":2961,"comment_status":"closed","ping_status":"closed","template":"","meta":[],"product_brand":[],"product_cat":[294],"product_tag":[],"class_list":{"0":"post-4173","1":"product","2":"type-product","3":"status-publish","4":"has-post-thumbnail","6":"product_cat-talleres-artesania-mexicana","8":"first","9":"instock","10":"virtual","11":"purchasable","12":"product-type-simple"},"yoast_head":"<!-- This site is optimized with the Yoast SEO plugin v27.4 - https:\/\/yoast.com\/product\/yoast-seo-wordpress\/ -->\n<title>Taller Decoraci\u00f3n de Cr\u00e1neos | S\u00c1BADO 05.10.24 - Enraizarte<\/title>\n<meta name=\"description\" content=\"Decora un cr\u00e1neo de aproximadamente 20 cm, cuyo molde hemos tra\u00eddo desde M\u00e9xico. Nosotros hacemos el trabajo previo de forrarlo con capas de papel y dejarlo listo para que lo trabajes.\" \/>\n<meta name=\"robots\" content=\"index, follow, max-snippet:-1, max-image-preview:large, max-video-preview:-1\" \/>\n<link rel=\"canonical\" href=\"https:\/\/enraizarte.es\/en\/product\/taller-decoracion-craneos\/\" \/>\n<meta property=\"og:locale\" content=\"en_GB\" \/>\n<meta property=\"og:type\" content=\"article\" \/>\n<meta property=\"og:title\" content=\"Taller Decoraci\u00f3n de Cr\u00e1neos | S\u00c1BADO 05.10.24 - Enraizarte\" \/>\n<meta property=\"og:description\" content=\"Decora un cr\u00e1neo de aproximadamente 20 cm, cuyo molde hemos tra\u00eddo desde M\u00e9xico. Nosotros hacemos el trabajo previo de forrarlo con capas de papel y dejarlo listo para que lo trabajes.\" \/>\n<meta property=\"og:url\" content=\"https:\/\/enraizarte.es\/en\/product\/taller-decoracion-craneos\/\" \/>\n<meta property=\"og:site_name\" content=\"Enraizarte\" \/>\n<meta property=\"article:publisher\" content=\"https:\/\/www.facebook.com\/enraizartemex\" \/>\n<meta property=\"article:modified_time\" content=\"2024-09-24T18:11:40+00:00\" \/>\n<meta property=\"og:image\" content=\"https:\/\/enraizarte.es\/wp-content\/uploads\/decoracion-de-craneos-mexicanos.webp\" \/>\n\t<meta property=\"og:image:width\" content=\"809\" \/>\n\t<meta property=\"og:image:height\" content=\"809\" \/>\n\t<meta property=\"og:image:type\" content=\"image\/webp\" \/>\n<meta name=\"twitter:card\" content=\"summary_large_image\" \/>\n<meta name=\"twitter:label1\" content=\"Estimated reading time\" \/>\n\t<meta name=\"twitter:data1\" content=\"1 minute\" \/>\n<script type=\"application\/ld+json\" class=\"yoast-schema-graph\">{\"@context\":\"https:\\\/\\\/schema.org\",\"@graph\":[{\"@type\":\"WebPage\",\"@id\":\"https:\\\/\\\/enraizarte.es\\\/producto\\\/taller-decoracion-craneos\\\/\",\"url\":\"https:\\\/\\\/enraizarte.es\\\/producto\\\/taller-decoracion-craneos\\\/\",\"name\":\"Taller Decoraci\u00f3n de Cr\u00e1neos | S\u00c1BADO 05.10.24 - Enraizarte\",\"isPartOf\":{\"@id\":\"https:\\\/\\\/enraizarte.es\\\/#website\"},\"primaryImageOfPage\":{\"@id\":\"https:\\\/\\\/enraizarte.es\\\/producto\\\/taller-decoracion-craneos\\\/#primaryimage\"},\"image\":{\"@id\":\"https:\\\/\\\/enraizarte.es\\\/producto\\\/taller-decoracion-craneos\\\/#primaryimage\"},\"thumbnailUrl\":\"https:\\\/\\\/enraizarte.es\\\/wp-content\\\/uploads\\\/decoracion-de-craneos-mexicanos.webp\",\"datePublished\":\"2024-09-18T10:51:45+00:00\",\"dateModified\":\"2024-09-24T18:11:40+00:00\",\"description\":\"Decora un cr\u00e1neo de aproximadamente 20 cm, cuyo molde hemos tra\u00eddo desde M\u00e9xico. Nosotros hacemos el trabajo previo de forrarlo con capas de papel y dejarlo listo para que lo trabajes.\",\"breadcrumb\":{\"@id\":\"https:\\\/\\\/enraizarte.es\\\/producto\\\/taller-decoracion-craneos\\\/#breadcrumb\"},\"inLanguage\":\"en-GB\",\"potentialAction\":[{\"@type\":\"ReadAction\",\"target\":[\"https:\\\/\\\/enraizarte.es\\\/producto\\\/taller-decoracion-craneos\\\/\"]}]},{\"@type\":\"ImageObject\",\"inLanguage\":\"en-GB\",\"@id\":\"https:\\\/\\\/enraizarte.es\\\/producto\\\/taller-decoracion-craneos\\\/#primaryimage\",\"url\":\"https:\\\/\\\/enraizarte.es\\\/wp-content\\\/uploads\\\/decoracion-de-craneos-mexicanos.webp\",\"contentUrl\":\"https:\\\/\\\/enraizarte.es\\\/wp-content\\\/uploads\\\/decoracion-de-craneos-mexicanos.webp\",\"width\":809,\"height\":809,\"caption\":\"Talleres de artesan\u00eda con decoraci\u00f3n de cr\u00e1neos mexicanos\"},{\"@type\":\"BreadcrumbList\",\"@id\":\"https:\\\/\\\/enraizarte.es\\\/producto\\\/taller-decoracion-craneos\\\/#breadcrumb\",\"itemListElement\":[{\"@type\":\"ListItem\",\"position\":1,\"name\":\"Portada\",\"item\":\"https:\\\/\\\/enraizarte.es\\\/\"},{\"@type\":\"ListItem\",\"position\":2,\"name\":\"Tienda\",\"item\":\"https:\\\/\\\/enraizarte.es\\\/tienda\\\/\"},{\"@type\":\"ListItem\",\"position\":3,\"name\":\"Taller Decoraci\u00f3n de Cr\u00e1neos | S\u00c1BADO 05.10.24\"}]},{\"@type\":\"WebSite\",\"@id\":\"https:\\\/\\\/enraizarte.es\\\/#website\",\"url\":\"https:\\\/\\\/enraizarte.es\\\/\",\"name\":\"Enraizarte\",\"description\":\"Artesan\u00eda mexicana, talleres de artesan\u00eda y regalos originales\",\"publisher\":{\"@id\":\"https:\\\/\\\/enraizarte.es\\\/#organization\"},\"potentialAction\":[{\"@type\":\"SearchAction\",\"target\":{\"@type\":\"EntryPoint\",\"urlTemplate\":\"https:\\\/\\\/enraizarte.es\\\/?s={search_term_string}\"},\"query-input\":{\"@type\":\"PropertyValueSpecification\",\"valueRequired\":true,\"valueName\":\"search_term_string\"}}],\"inLanguage\":\"en-GB\"},{\"@type\":\"Organization\",\"@id\":\"https:\\\/\\\/enraizarte.es\\\/#organization\",\"name\":\"Enraizarte Tienda de artesan\u00eda mexicana en Madrir\",\"url\":\"https:\\\/\\\/enraizarte.es\\\/\",\"logo\":{\"@type\":\"ImageObject\",\"inLanguage\":\"en-GB\",\"@id\":\"https:\\\/\\\/enraizarte.es\\\/#\\\/schema\\\/logo\\\/image\\\/\",\"url\":\"https:\\\/\\\/enraizarte.es\\\/wp-content\\\/uploads\\\/enraizarte-artesania-mexicana.svg\",\"contentUrl\":\"https:\\\/\\\/enraizarte.es\\\/wp-content\\\/uploads\\\/enraizarte-artesania-mexicana.svg\",\"width\":406,\"height\":111,\"caption\":\"Enraizarte Tienda de artesan\u00eda mexicana en Madrir\"},\"image\":{\"@id\":\"https:\\\/\\\/enraizarte.es\\\/#\\\/schema\\\/logo\\\/image\\\/\"},\"sameAs\":[\"https:\\\/\\\/www.facebook.com\\\/enraizartemex\",\"https:\\\/\\\/www.instagram.com\\\/enraizartemex\\\/\"]}]}<\/script>\n<!-- \/ Yoast SEO plugin. -->","yoast_head_json":{"title":"Taller Decoraci\u00f3n de Cr\u00e1neos | S\u00c1BADO 05.10.24 - Enraizarte","description":"Decorate a skull of approximately 20 cm, whose mold we have brought from Mexico. We do the previous work of covering it with layers of paper and leaving it ready for you to work with.","robots":{"index":"index","follow":"follow","max-snippet":"max-snippet:-1","max-image-preview":"max-image-preview:large","max-video-preview":"max-video-preview:-1"},"canonical":"https:\/\/enraizarte.es\/en\/product\/taller-decoracion-craneos\/","og_locale":"en_GB","og_type":"article","og_title":"Taller Decoraci\u00f3n de Cr\u00e1neos | S\u00c1BADO 05.10.24 - Enraizarte","og_description":"Decora un cr\u00e1neo de aproximadamente 20 cm, cuyo molde hemos tra\u00eddo desde M\u00e9xico. Nosotros hacemos el trabajo previo de forrarlo con capas de papel y dejarlo listo para que lo trabajes.","og_url":"https:\/\/enraizarte.es\/en\/product\/taller-decoracion-craneos\/","og_site_name":"Enraizarte","article_publisher":"https:\/\/www.facebook.com\/enraizartemex","article_modified_time":"2024-09-24T18:11:40+00:00","og_image":[{"width":809,"height":809,"url":"https:\/\/enraizarte.es\/wp-content\/uploads\/decoracion-de-craneos-mexicanos.webp","type":"image\/webp"}],"twitter_card":"summary_large_image","twitter_misc":{"Estimated reading time":"1 minute"},"schema":{"@context":"https:\/\/schema.org","@graph":[{"@type":"WebPage","@id":"https:\/\/enraizarte.es\/producto\/taller-decoracion-craneos\/","url":"https:\/\/enraizarte.es\/producto\/taller-decoracion-craneos\/","name":"Taller Decoraci\u00f3n de Cr\u00e1neos | S\u00c1BADO 05.10.24 - Enraizarte","isPartOf":{"@id":"https:\/\/enraizarte.es\/#website"},"primaryImageOfPage":{"@id":"https:\/\/enraizarte.es\/producto\/taller-decoracion-craneos\/#primaryimage"},"image":{"@id":"https:\/\/enraizarte.es\/producto\/taller-decoracion-craneos\/#primaryimage"},"thumbnailUrl":"https:\/\/enraizarte.es\/wp-content\/uploads\/decoracion-de-craneos-mexicanos.webp","datePublished":"2024-09-18T10:51:45+00:00","dateModified":"2024-09-24T18:11:40+00:00","description":"Decorate a skull of approximately 20 cm, whose mold we have brought from Mexico. We do the previous work of covering it with layers of paper and leaving it ready for you to work with.","breadcrumb":{"@id":"https:\/\/enraizarte.es\/producto\/taller-decoracion-craneos\/#breadcrumb"},"inLanguage":"en-GB","potentialAction":[{"@type":"ReadAction","target":["https:\/\/enraizarte.es\/producto\/taller-decoracion-craneos\/"]}]},{"@type":"ImageObject","inLanguage":"en-GB","@id":"https:\/\/enraizarte.es\/producto\/taller-decoracion-craneos\/#primaryimage","url":"https:\/\/enraizarte.es\/wp-content\/uploads\/decoracion-de-craneos-mexicanos.webp","contentUrl":"https:\/\/enraizarte.es\/wp-content\/uploads\/decoracion-de-craneos-mexicanos.webp","width":809,"height":809,"caption":"Talleres de artesan\u00eda con decoraci\u00f3n de cr\u00e1neos mexicanos"},{"@type":"BreadcrumbList","@id":"https:\/\/enraizarte.es\/producto\/taller-decoracion-craneos\/#breadcrumb","itemListElement":[{"@type":"ListItem","position":1,"name":"Portada","item":"https:\/\/enraizarte.es\/"},{"@type":"ListItem","position":2,"name":"Tienda","item":"https:\/\/enraizarte.es\/tienda\/"},{"@type":"ListItem","position":3,"name":"Taller Decoraci\u00f3n de Cr\u00e1neos | S\u00c1BADO 05.10.24"}]},{"@type":"WebSite","@id":"https:\/\/enraizarte.es\/#website","url":"https:\/\/enraizarte.es\/","name":"Enraizarte","description":"Mexican crafts, craft workshops and original gifts","publisher":{"@id":"https:\/\/enraizarte.es\/#organization"},"potentialAction":[{"@type":"SearchAction","target":{"@type":"EntryPoint","urlTemplate":"https:\/\/enraizarte.es\/?s={search_term_string}"},"query-input":{"@type":"PropertyValueSpecification","valueRequired":true,"valueName":"search_term_string"}}],"inLanguage":"en-GB"},{"@type":"Organization","@id":"https:\/\/enraizarte.es\/#organization","name":"Enraizarte Mexican crafts store in Madrid","url":"https:\/\/enraizarte.es\/","logo":{"@type":"ImageObject","inLanguage":"en-GB","@id":"https:\/\/enraizarte.es\/#\/schema\/logo\/image\/","url":"https:\/\/enraizarte.es\/wp-content\/uploads\/enraizarte-artesania-mexicana.svg","contentUrl":"https:\/\/enraizarte.es\/wp-content\/uploads\/enraizarte-artesania-mexicana.svg","width":406,"height":111,"caption":"Enraizarte Tienda de artesan\u00eda mexicana en Madrir"},"image":{"@id":"https:\/\/enraizarte.es\/#\/schema\/logo\/image\/"},"sameAs":["https:\/\/www.facebook.com\/enraizartemex","https:\/\/www.instagram.com\/enraizartemex\/"]}]}},"_links":{"self":[{"href":"https:\/\/enraizarte.es\/en\/wp-json\/wp\/v2\/product\/4173","targetHints":{"allow":["GET"]}}],"collection":[{"href":"https:\/\/enraizarte.es\/en\/wp-json\/wp\/v2\/product"}],"about":[{"href":"https:\/\/enraizarte.es\/en\/wp-json\/wp\/v2\/types\/product"}],"replies":[{"embeddable":true,"href":"https:\/\/enraizarte.es\/en\/wp-json\/wp\/v2\/comments?post=4173"}],"wp:featuredmedia":[{"embeddable":true,"href":"https:\/\/enraizarte.es\/en\/wp-json\/wp\/v2\/media\/2961"}],"wp:attachment":[{"href":"https:\/\/enraizarte.es\/en\/wp-json\/wp\/v2\/media?parent=4173"}],"wp:term":[{"taxonomy":"product_brand","embeddable":true,"href":"https:\/\/enraizarte.es\/en\/wp-json\/wp\/v2\/product_brand?post=4173"},{"taxonomy":"product_cat","embeddable":true,"href":"https:\/\/enraizarte.es\/en\/wp-json\/wp\/v2\/product_cat?post=4173"},{"taxonomy":"product_tag","embeddable":true,"href":"https:\/\/enraizarte.es\/en\/wp-json\/wp\/v2\/product_tag?post=4173"}],"curies":[{"name":"wp","href":"https:\/\/api.w.org\/{rel}","templated":true}]}}