{"id":4177,"date":"2024-09-18T11:01:10","date_gmt":"2024-09-18T11:01:10","guid":{"rendered":"https:\/\/enraizarte.es\/?post_type=product&#038;p=4177"},"modified":"2025-04-11T14:02:31","modified_gmt":"2025-04-11T14:02:31","slug":"taller-milagritos-ex-votos","status":"publish","type":"product","link":"https:\/\/enraizarte.es\/en\/product\/taller-milagritos-ex-votos\/","title":{"rendered":"Milagritos Workshop (ex-votos) | SATURDAY 04\/12\/2025"},"content":{"rendered":"<p>Each participant will make an ex-voto or milagrito to hang on the wall, choosing one of the various designs available. We will work on the drawing, cutting, embossing and painting of the sheet, with rustic or aged paint effects.<\/p>","protected":false},"excerpt":{"rendered":"<p>Opening times: <strong>10am-2pm<\/strong><br \/>\nPrice:\u00a0<strong>65 \u20ac<\/strong><br \/>\nInstructor:\u00a0<strong>Daniela<\/strong><br \/>\n*Includes all materials + coffee, tea and cookies<\/p>\n<p>Each participant will make an ex-voto or milagrito to hang on the wall, choosing one of the various designs available. We will work on the drawing, cutting, embossing and painting of the sheet, with rustic or aged paint effects.<\/p>","protected":false},"featured_media":2957,"comment_status":"closed","ping_status":"closed","template":"","meta":[],"product_brand":[],"product_cat":[294],"product_tag":[],"class_list":{"0":"post-4177","1":"product","2":"type-product","3":"status-publish","4":"has-post-thumbnail","6":"product_cat-talleres-artesania-mexicana","8":"first","9":"instock","10":"virtual","11":"purchasable","12":"product-type-simple"},"yoast_head":"<!-- This site is optimized with the Yoast SEO plugin v27.4 - https:\/\/yoast.com\/product\/yoast-seo-wordpress\/ -->\n<title>Taller Milagritos (ex-votos) | S\u00c1BADO 12.04.2025 - Enraizarte<\/title>\n<meta name=\"description\" content=\"Cada participante elaborar\u00e1 un ex-voto o milagrito para colgar en la pared, escogiendo uno de los varios dise\u00f1os disponibles. Trabajaremos el dibujo, cortado, repujado y pintado de la l\u00e1mina, con efectos de pintura estilo r\u00fastico o envejecido.\" \/>\n<meta name=\"robots\" content=\"index, follow, max-snippet:-1, max-image-preview:large, max-video-preview:-1\" \/>\n<link rel=\"canonical\" href=\"https:\/\/enraizarte.es\/en\/product\/taller-milagritos-ex-votos\/\" \/>\n<meta property=\"og:locale\" content=\"en_GB\" \/>\n<meta property=\"og:type\" content=\"article\" \/>\n<meta property=\"og:title\" content=\"Taller Milagritos (ex-votos) | S\u00c1BADO 12.04.2025 - Enraizarte\" \/>\n<meta property=\"og:description\" content=\"Cada participante elaborar\u00e1 un ex-voto o milagrito para colgar en la pared, escogiendo uno de los varios dise\u00f1os disponibles. Trabajaremos el dibujo, cortado, repujado y pintado de la l\u00e1mina, con efectos de pintura estilo r\u00fastico o envejecido.\" \/>\n<meta property=\"og:url\" content=\"https:\/\/enraizarte.es\/en\/product\/taller-milagritos-ex-votos\/\" \/>\n<meta property=\"og:site_name\" content=\"Enraizarte\" \/>\n<meta property=\"article:publisher\" content=\"https:\/\/www.facebook.com\/enraizartemex\" \/>\n<meta property=\"article:modified_time\" content=\"2025-04-11T14:02:31+00:00\" \/>\n<meta property=\"og:image\" content=\"https:\/\/enraizarte.es\/wp-content\/uploads\/talleres-de-artesania-mexicana_.webp\" \/>\n\t<meta property=\"og:image:width\" content=\"1805\" \/>\n\t<meta property=\"og:image:height\" content=\"1805\" \/>\n\t<meta property=\"og:image:type\" content=\"image\/webp\" \/>\n<meta name=\"twitter:card\" content=\"summary_large_image\" \/>\n<meta name=\"twitter:label1\" content=\"Estimated reading time\" \/>\n\t<meta name=\"twitter:data1\" content=\"1 minute\" \/>\n<script type=\"application\/ld+json\" class=\"yoast-schema-graph\">{\"@context\":\"https:\\\/\\\/schema.org\",\"@graph\":[{\"@type\":\"WebPage\",\"@id\":\"https:\\\/\\\/enraizarte.es\\\/producto\\\/taller-milagritos-ex-votos\\\/\",\"url\":\"https:\\\/\\\/enraizarte.es\\\/producto\\\/taller-milagritos-ex-votos\\\/\",\"name\":\"Taller Milagritos (ex-votos) | S\u00c1BADO 12.04.2025 - Enraizarte\",\"isPartOf\":{\"@id\":\"https:\\\/\\\/enraizarte.es\\\/#website\"},\"primaryImageOfPage\":{\"@id\":\"https:\\\/\\\/enraizarte.es\\\/producto\\\/taller-milagritos-ex-votos\\\/#primaryimage\"},\"image\":{\"@id\":\"https:\\\/\\\/enraizarte.es\\\/producto\\\/taller-milagritos-ex-votos\\\/#primaryimage\"},\"thumbnailUrl\":\"https:\\\/\\\/enraizarte.es\\\/wp-content\\\/uploads\\\/talleres-de-artesania-mexicana_.webp\",\"datePublished\":\"2024-09-18T11:01:10+00:00\",\"dateModified\":\"2025-04-11T14:02:31+00:00\",\"description\":\"Cada participante elaborar\u00e1 un ex-voto o milagrito para colgar en la pared, escogiendo uno de los varios dise\u00f1os disponibles. Trabajaremos el dibujo, cortado, repujado y pintado de la l\u00e1mina, con efectos de pintura estilo r\u00fastico o envejecido.\",\"breadcrumb\":{\"@id\":\"https:\\\/\\\/enraizarte.es\\\/producto\\\/taller-milagritos-ex-votos\\\/#breadcrumb\"},\"inLanguage\":\"en-GB\",\"potentialAction\":[{\"@type\":\"ReadAction\",\"target\":[\"https:\\\/\\\/enraizarte.es\\\/producto\\\/taller-milagritos-ex-votos\\\/\"]}]},{\"@type\":\"ImageObject\",\"inLanguage\":\"en-GB\",\"@id\":\"https:\\\/\\\/enraizarte.es\\\/producto\\\/taller-milagritos-ex-votos\\\/#primaryimage\",\"url\":\"https:\\\/\\\/enraizarte.es\\\/wp-content\\\/uploads\\\/talleres-de-artesania-mexicana_.webp\",\"contentUrl\":\"https:\\\/\\\/enraizarte.es\\\/wp-content\\\/uploads\\\/talleres-de-artesania-mexicana_.webp\",\"width\":1805,\"height\":1805,\"caption\":\"Talleres de artesan\u00eda mexicana con corazones tradicionales\"},{\"@type\":\"BreadcrumbList\",\"@id\":\"https:\\\/\\\/enraizarte.es\\\/producto\\\/taller-milagritos-ex-votos\\\/#breadcrumb\",\"itemListElement\":[{\"@type\":\"ListItem\",\"position\":1,\"name\":\"Portada\",\"item\":\"https:\\\/\\\/enraizarte.es\\\/\"},{\"@type\":\"ListItem\",\"position\":2,\"name\":\"Tienda\",\"item\":\"https:\\\/\\\/enraizarte.es\\\/tienda\\\/\"},{\"@type\":\"ListItem\",\"position\":3,\"name\":\"Taller Milagritos (ex-votos) | S\u00c1BADO 12.04.2025\"}]},{\"@type\":\"WebSite\",\"@id\":\"https:\\\/\\\/enraizarte.es\\\/#website\",\"url\":\"https:\\\/\\\/enraizarte.es\\\/\",\"name\":\"Enraizarte\",\"description\":\"Artesan\u00eda mexicana, talleres de artesan\u00eda y regalos originales\",\"publisher\":{\"@id\":\"https:\\\/\\\/enraizarte.es\\\/#organization\"},\"potentialAction\":[{\"@type\":\"SearchAction\",\"target\":{\"@type\":\"EntryPoint\",\"urlTemplate\":\"https:\\\/\\\/enraizarte.es\\\/?s={search_term_string}\"},\"query-input\":{\"@type\":\"PropertyValueSpecification\",\"valueRequired\":true,\"valueName\":\"search_term_string\"}}],\"inLanguage\":\"en-GB\"},{\"@type\":\"Organization\",\"@id\":\"https:\\\/\\\/enraizarte.es\\\/#organization\",\"name\":\"Enraizarte Tienda de artesan\u00eda mexicana en Madrir\",\"url\":\"https:\\\/\\\/enraizarte.es\\\/\",\"logo\":{\"@type\":\"ImageObject\",\"inLanguage\":\"en-GB\",\"@id\":\"https:\\\/\\\/enraizarte.es\\\/#\\\/schema\\\/logo\\\/image\\\/\",\"url\":\"https:\\\/\\\/enraizarte.es\\\/wp-content\\\/uploads\\\/enraizarte-artesania-mexicana.svg\",\"contentUrl\":\"https:\\\/\\\/enraizarte.es\\\/wp-content\\\/uploads\\\/enraizarte-artesania-mexicana.svg\",\"width\":406,\"height\":111,\"caption\":\"Enraizarte Tienda de artesan\u00eda mexicana en Madrir\"},\"image\":{\"@id\":\"https:\\\/\\\/enraizarte.es\\\/#\\\/schema\\\/logo\\\/image\\\/\"},\"sameAs\":[\"https:\\\/\\\/www.facebook.com\\\/enraizartemex\",\"https:\\\/\\\/www.instagram.com\\\/enraizartemex\\\/\"]}]}<\/script>\n<!-- \/ Yoast SEO plugin. -->","yoast_head_json":{"title":"Taller Milagritos (ex-votos) | S\u00c1BADO 12.04.2025 - Enraizarte","description":"Each participant will make an ex-voto or milagrito to hang on the wall, choosing one of the various designs available. We will work on the drawing, cutting, embossing and painting of the sheet, with rustic or aged paint effects.","robots":{"index":"index","follow":"follow","max-snippet":"max-snippet:-1","max-image-preview":"max-image-preview:large","max-video-preview":"max-video-preview:-1"},"canonical":"https:\/\/enraizarte.es\/en\/product\/taller-milagritos-ex-votos\/","og_locale":"en_GB","og_type":"article","og_title":"Taller Milagritos (ex-votos) | S\u00c1BADO 12.04.2025 - Enraizarte","og_description":"Cada participante elaborar\u00e1 un ex-voto o milagrito para colgar en la pared, escogiendo uno de los varios dise\u00f1os disponibles. Trabajaremos el dibujo, cortado, repujado y pintado de la l\u00e1mina, con efectos de pintura estilo r\u00fastico o envejecido.","og_url":"https:\/\/enraizarte.es\/en\/product\/taller-milagritos-ex-votos\/","og_site_name":"Enraizarte","article_publisher":"https:\/\/www.facebook.com\/enraizartemex","article_modified_time":"2025-04-11T14:02:31+00:00","og_image":[{"width":1805,"height":1805,"url":"https:\/\/enraizarte.es\/wp-content\/uploads\/talleres-de-artesania-mexicana_.webp","type":"image\/webp"}],"twitter_card":"summary_large_image","twitter_misc":{"Estimated reading time":"1 minute"},"schema":{"@context":"https:\/\/schema.org","@graph":[{"@type":"WebPage","@id":"https:\/\/enraizarte.es\/producto\/taller-milagritos-ex-votos\/","url":"https:\/\/enraizarte.es\/producto\/taller-milagritos-ex-votos\/","name":"Taller Milagritos (ex-votos) | S\u00c1BADO 12.04.2025 - Enraizarte","isPartOf":{"@id":"https:\/\/enraizarte.es\/#website"},"primaryImageOfPage":{"@id":"https:\/\/enraizarte.es\/producto\/taller-milagritos-ex-votos\/#primaryimage"},"image":{"@id":"https:\/\/enraizarte.es\/producto\/taller-milagritos-ex-votos\/#primaryimage"},"thumbnailUrl":"https:\/\/enraizarte.es\/wp-content\/uploads\/talleres-de-artesania-mexicana_.webp","datePublished":"2024-09-18T11:01:10+00:00","dateModified":"2025-04-11T14:02:31+00:00","description":"Each participant will make an ex-voto or milagrito to hang on the wall, choosing one of the various designs available. We will work on the drawing, cutting, embossing and painting of the sheet, with rustic or aged paint effects.","breadcrumb":{"@id":"https:\/\/enraizarte.es\/producto\/taller-milagritos-ex-votos\/#breadcrumb"},"inLanguage":"en-GB","potentialAction":[{"@type":"ReadAction","target":["https:\/\/enraizarte.es\/producto\/taller-milagritos-ex-votos\/"]}]},{"@type":"ImageObject","inLanguage":"en-GB","@id":"https:\/\/enraizarte.es\/producto\/taller-milagritos-ex-votos\/#primaryimage","url":"https:\/\/enraizarte.es\/wp-content\/uploads\/talleres-de-artesania-mexicana_.webp","contentUrl":"https:\/\/enraizarte.es\/wp-content\/uploads\/talleres-de-artesania-mexicana_.webp","width":1805,"height":1805,"caption":"Talleres de artesan\u00eda mexicana con corazones tradicionales"},{"@type":"BreadcrumbList","@id":"https:\/\/enraizarte.es\/producto\/taller-milagritos-ex-votos\/#breadcrumb","itemListElement":[{"@type":"ListItem","position":1,"name":"Portada","item":"https:\/\/enraizarte.es\/"},{"@type":"ListItem","position":2,"name":"Tienda","item":"https:\/\/enraizarte.es\/tienda\/"},{"@type":"ListItem","position":3,"name":"Taller Milagritos (ex-votos) | S\u00c1BADO 12.04.2025"}]},{"@type":"WebSite","@id":"https:\/\/enraizarte.es\/#website","url":"https:\/\/enraizarte.es\/","name":"Enraizarte","description":"Mexican crafts, craft workshops and original gifts","publisher":{"@id":"https:\/\/enraizarte.es\/#organization"},"potentialAction":[{"@type":"SearchAction","target":{"@type":"EntryPoint","urlTemplate":"https:\/\/enraizarte.es\/?s={search_term_string}"},"query-input":{"@type":"PropertyValueSpecification","valueRequired":true,"valueName":"search_term_string"}}],"inLanguage":"en-GB"},{"@type":"Organization","@id":"https:\/\/enraizarte.es\/#organization","name":"Enraizarte Mexican crafts store in Madrid","url":"https:\/\/enraizarte.es\/","logo":{"@type":"ImageObject","inLanguage":"en-GB","@id":"https:\/\/enraizarte.es\/#\/schema\/logo\/image\/","url":"https:\/\/enraizarte.es\/wp-content\/uploads\/enraizarte-artesania-mexicana.svg","contentUrl":"https:\/\/enraizarte.es\/wp-content\/uploads\/enraizarte-artesania-mexicana.svg","width":406,"height":111,"caption":"Enraizarte Tienda de artesan\u00eda mexicana en Madrir"},"image":{"@id":"https:\/\/enraizarte.es\/#\/schema\/logo\/image\/"},"sameAs":["https:\/\/www.facebook.com\/enraizartemex","https:\/\/www.instagram.com\/enraizartemex\/"]}]}},"_links":{"self":[{"href":"https:\/\/enraizarte.es\/en\/wp-json\/wp\/v2\/product\/4177","targetHints":{"allow":["GET"]}}],"collection":[{"href":"https:\/\/enraizarte.es\/en\/wp-json\/wp\/v2\/product"}],"about":[{"href":"https:\/\/enraizarte.es\/en\/wp-json\/wp\/v2\/types\/product"}],"replies":[{"embeddable":true,"href":"https:\/\/enraizarte.es\/en\/wp-json\/wp\/v2\/comments?post=4177"}],"wp:featuredmedia":[{"embeddable":true,"href":"https:\/\/enraizarte.es\/en\/wp-json\/wp\/v2\/media\/2957"}],"wp:attachment":[{"href":"https:\/\/enraizarte.es\/en\/wp-json\/wp\/v2\/media?parent=4177"}],"wp:term":[{"taxonomy":"product_brand","embeddable":true,"href":"https:\/\/enraizarte.es\/en\/wp-json\/wp\/v2\/product_brand?post=4177"},{"taxonomy":"product_cat","embeddable":true,"href":"https:\/\/enraizarte.es\/en\/wp-json\/wp\/v2\/product_cat?post=4177"},{"taxonomy":"product_tag","embeddable":true,"href":"https:\/\/enraizarte.es\/en\/wp-json\/wp\/v2\/product_tag?post=4177"}],"curies":[{"name":"wp","href":"https:\/\/api.w.org\/{rel}","templated":true}]}}