{"id":4224,"date":"2024-09-20T16:36:12","date_gmt":"2024-09-20T16:36:12","guid":{"rendered":"https:\/\/enraizarte.es\/?post_type=product&#038;p=4224"},"modified":"2024-09-20T18:11:55","modified_gmt":"2024-09-20T18:11:55","slug":"spicy-bill","status":"publish","type":"product","link":"https:\/\/enraizarte.es\/en\/product\/spicy-bill\/","title":{"rendered":"Spicy Bill"},"content":{"rendered":"<p>2x Mirror Heart<br \/>\n2x Ceramic Miracle Heart<br \/>\n2x Smooth ceramic heart<br \/>\n2x Skull Candlestick<br \/>\n2x Small Skull<br \/>\n2x Blessed Virgin<br \/>\n12x Garland<br \/>\n10x Flower bouquet<br \/>\n6x Confetti<\/p>\n<p>&nbsp;<\/p>","protected":false},"excerpt":{"rendered":"<p>2x Mirror Heart<br \/>\n2x Ceramic Miracle Heart<br \/>\n2x Smooth ceramic heart<br \/>\n2x Skull Candlestick<br \/>\n2x Small Skull<br \/>\n2x Blessed Virgin<br \/>\n12x Garland<br \/>\n10x Flower bouquet<br \/>\n6x Confetti<\/p>\n<p>Subtotal 541,32\u20ac<br \/>\nVAT 21% 113.68\u20ac<\/p>","protected":false},"featured_media":4232,"comment_status":"closed","ping_status":"closed","template":"","meta":[],"product_brand":[],"product_cat":[295],"product_tag":[],"class_list":{"0":"post-4224","1":"product","2":"type-product","3":"status-publish","4":"has-post-thumbnail","6":"product_cat-especial","8":"first","9":"outofstock","10":"shipping-taxable","11":"purchasable","12":"product-type-simple"},"yoast_head":"<!-- This site is optimized with the Yoast SEO plugin v27.3 - https:\/\/yoast.com\/product\/yoast-seo-wordpress\/ -->\n<title>Spicy Bill - Enraizarte<\/title>\n<meta name=\"robots\" content=\"index, follow, max-snippet:-1, max-image-preview:large, max-video-preview:-1\" \/>\n<link rel=\"canonical\" href=\"https:\/\/enraizarte.es\/en\/product\/spicy-bill\/\" \/>\n<meta property=\"og:locale\" content=\"en_GB\" \/>\n<meta property=\"og:type\" content=\"article\" \/>\n<meta property=\"og:title\" content=\"Spicy Bill - Enraizarte\" \/>\n<meta property=\"og:description\" content=\"2x Coraz\u00f3n espejo 2x Coraz\u00f3n milagro cer\u00e1mica 2x Coraz\u00f3n liso cer\u00e1mica 2x Cr\u00e1neo candelero 2x Cr\u00e1neo peque\u00f1o 2x Virgen benditera 12x Guirnalda 10x Ramo flor 6x Papel picado  Subtotal 541,32\u20ac IVA 21% 113,68\u20ac\" \/>\n<meta property=\"og:url\" content=\"https:\/\/enraizarte.es\/en\/product\/spicy-bill\/\" \/>\n<meta property=\"og:site_name\" content=\"Enraizarte\" \/>\n<meta property=\"article:publisher\" content=\"https:\/\/www.facebook.com\/enraizartemex\" \/>\n<meta property=\"article:modified_time\" content=\"2024-09-20T18:11:55+00:00\" \/>\n<meta property=\"og:image\" content=\"https:\/\/enraizarte.es\/wp-content\/uploads\/Spicy-Bill-Enraizarte.webp\" \/>\n\t<meta property=\"og:image:width\" content=\"1154\" \/>\n\t<meta property=\"og:image:height\" content=\"1154\" \/>\n\t<meta property=\"og:image:type\" content=\"image\/webp\" \/>\n<meta name=\"twitter:card\" content=\"summary_large_image\" \/>\n<meta name=\"twitter:label1\" content=\"Estimated reading time\" \/>\n\t<meta name=\"twitter:data1\" content=\"1 minute\" \/>\n<script type=\"application\/ld+json\" class=\"yoast-schema-graph\">{\"@context\":\"https:\\\/\\\/schema.org\",\"@graph\":[{\"@type\":\"WebPage\",\"@id\":\"https:\\\/\\\/enraizarte.es\\\/producto\\\/spicy-bill\\\/\",\"url\":\"https:\\\/\\\/enraizarte.es\\\/producto\\\/spicy-bill\\\/\",\"name\":\"Spicy Bill - Enraizarte\",\"isPartOf\":{\"@id\":\"https:\\\/\\\/enraizarte.es\\\/#website\"},\"primaryImageOfPage\":{\"@id\":\"https:\\\/\\\/enraizarte.es\\\/producto\\\/spicy-bill\\\/#primaryimage\"},\"image\":{\"@id\":\"https:\\\/\\\/enraizarte.es\\\/producto\\\/spicy-bill\\\/#primaryimage\"},\"thumbnailUrl\":\"https:\\\/\\\/enraizarte.es\\\/wp-content\\\/uploads\\\/Spicy-Bill-Enraizarte.webp\",\"datePublished\":\"2024-09-20T16:36:12+00:00\",\"dateModified\":\"2024-09-20T18:11:55+00:00\",\"breadcrumb\":{\"@id\":\"https:\\\/\\\/enraizarte.es\\\/producto\\\/spicy-bill\\\/#breadcrumb\"},\"inLanguage\":\"en-GB\",\"potentialAction\":[{\"@type\":\"ReadAction\",\"target\":[\"https:\\\/\\\/enraizarte.es\\\/producto\\\/spicy-bill\\\/\"]}]},{\"@type\":\"ImageObject\",\"inLanguage\":\"en-GB\",\"@id\":\"https:\\\/\\\/enraizarte.es\\\/producto\\\/spicy-bill\\\/#primaryimage\",\"url\":\"https:\\\/\\\/enraizarte.es\\\/wp-content\\\/uploads\\\/Spicy-Bill-Enraizarte.webp\",\"contentUrl\":\"https:\\\/\\\/enraizarte.es\\\/wp-content\\\/uploads\\\/Spicy-Bill-Enraizarte.webp\",\"width\":1154,\"height\":1154},{\"@type\":\"BreadcrumbList\",\"@id\":\"https:\\\/\\\/enraizarte.es\\\/producto\\\/spicy-bill\\\/#breadcrumb\",\"itemListElement\":[{\"@type\":\"ListItem\",\"position\":1,\"name\":\"Portada\",\"item\":\"https:\\\/\\\/enraizarte.es\\\/\"},{\"@type\":\"ListItem\",\"position\":2,\"name\":\"Tienda\",\"item\":\"https:\\\/\\\/enraizarte.es\\\/tienda\\\/\"},{\"@type\":\"ListItem\",\"position\":3,\"name\":\"Spicy Bill\"}]},{\"@type\":\"WebSite\",\"@id\":\"https:\\\/\\\/enraizarte.es\\\/#website\",\"url\":\"https:\\\/\\\/enraizarte.es\\\/\",\"name\":\"Enraizarte\",\"description\":\"Artesan\u00eda mexicana, talleres de artesan\u00eda y regalos originales\",\"publisher\":{\"@id\":\"https:\\\/\\\/enraizarte.es\\\/#organization\"},\"potentialAction\":[{\"@type\":\"SearchAction\",\"target\":{\"@type\":\"EntryPoint\",\"urlTemplate\":\"https:\\\/\\\/enraizarte.es\\\/?s={search_term_string}\"},\"query-input\":{\"@type\":\"PropertyValueSpecification\",\"valueRequired\":true,\"valueName\":\"search_term_string\"}}],\"inLanguage\":\"en-GB\"},{\"@type\":\"Organization\",\"@id\":\"https:\\\/\\\/enraizarte.es\\\/#organization\",\"name\":\"Enraizarte Tienda de artesan\u00eda mexicana en Madrir\",\"url\":\"https:\\\/\\\/enraizarte.es\\\/\",\"logo\":{\"@type\":\"ImageObject\",\"inLanguage\":\"en-GB\",\"@id\":\"https:\\\/\\\/enraizarte.es\\\/#\\\/schema\\\/logo\\\/image\\\/\",\"url\":\"https:\\\/\\\/enraizarte.es\\\/wp-content\\\/uploads\\\/enraizarte-artesania-mexicana.svg\",\"contentUrl\":\"https:\\\/\\\/enraizarte.es\\\/wp-content\\\/uploads\\\/enraizarte-artesania-mexicana.svg\",\"width\":406,\"height\":111,\"caption\":\"Enraizarte Tienda de artesan\u00eda mexicana en Madrir\"},\"image\":{\"@id\":\"https:\\\/\\\/enraizarte.es\\\/#\\\/schema\\\/logo\\\/image\\\/\"},\"sameAs\":[\"https:\\\/\\\/www.facebook.com\\\/enraizartemex\",\"https:\\\/\\\/www.instagram.com\\\/enraizartemex\\\/\"]}]}<\/script>\n<!-- \/ Yoast SEO plugin. -->","yoast_head_json":{"title":"Spicy Bill - Root Yourself","robots":{"index":"index","follow":"follow","max-snippet":"max-snippet:-1","max-image-preview":"max-image-preview:large","max-video-preview":"max-video-preview:-1"},"canonical":"https:\/\/enraizarte.es\/en\/product\/spicy-bill\/","og_locale":"en_GB","og_type":"article","og_title":"Spicy Bill - Enraizarte","og_description":"2x Coraz\u00f3n espejo 2x Coraz\u00f3n milagro cer\u00e1mica 2x Coraz\u00f3n liso cer\u00e1mica 2x Cr\u00e1neo candelero 2x Cr\u00e1neo peque\u00f1o 2x Virgen benditera 12x Guirnalda 10x Ramo flor 6x Papel picado  Subtotal 541,32\u20ac IVA 21% 113,68\u20ac","og_url":"https:\/\/enraizarte.es\/en\/product\/spicy-bill\/","og_site_name":"Enraizarte","article_publisher":"https:\/\/www.facebook.com\/enraizartemex","article_modified_time":"2024-09-20T18:11:55+00:00","og_image":[{"width":1154,"height":1154,"url":"https:\/\/enraizarte.es\/wp-content\/uploads\/Spicy-Bill-Enraizarte.webp","type":"image\/webp"}],"twitter_card":"summary_large_image","twitter_misc":{"Estimated reading time":"1 minute"},"schema":{"@context":"https:\/\/schema.org","@graph":[{"@type":"WebPage","@id":"https:\/\/enraizarte.es\/producto\/spicy-bill\/","url":"https:\/\/enraizarte.es\/producto\/spicy-bill\/","name":"Spicy Bill - Root Yourself","isPartOf":{"@id":"https:\/\/enraizarte.es\/#website"},"primaryImageOfPage":{"@id":"https:\/\/enraizarte.es\/producto\/spicy-bill\/#primaryimage"},"image":{"@id":"https:\/\/enraizarte.es\/producto\/spicy-bill\/#primaryimage"},"thumbnailUrl":"https:\/\/enraizarte.es\/wp-content\/uploads\/Spicy-Bill-Enraizarte.webp","datePublished":"2024-09-20T16:36:12+00:00","dateModified":"2024-09-20T18:11:55+00:00","breadcrumb":{"@id":"https:\/\/enraizarte.es\/producto\/spicy-bill\/#breadcrumb"},"inLanguage":"en-GB","potentialAction":[{"@type":"ReadAction","target":["https:\/\/enraizarte.es\/producto\/spicy-bill\/"]}]},{"@type":"ImageObject","inLanguage":"en-GB","@id":"https:\/\/enraizarte.es\/producto\/spicy-bill\/#primaryimage","url":"https:\/\/enraizarte.es\/wp-content\/uploads\/Spicy-Bill-Enraizarte.webp","contentUrl":"https:\/\/enraizarte.es\/wp-content\/uploads\/Spicy-Bill-Enraizarte.webp","width":1154,"height":1154},{"@type":"BreadcrumbList","@id":"https:\/\/enraizarte.es\/producto\/spicy-bill\/#breadcrumb","itemListElement":[{"@type":"ListItem","position":1,"name":"Portada","item":"https:\/\/enraizarte.es\/"},{"@type":"ListItem","position":2,"name":"Tienda","item":"https:\/\/enraizarte.es\/tienda\/"},{"@type":"ListItem","position":3,"name":"Spicy Bill"}]},{"@type":"WebSite","@id":"https:\/\/enraizarte.es\/#website","url":"https:\/\/enraizarte.es\/","name":"Enraizarte","description":"Mexican crafts, craft workshops and original gifts","publisher":{"@id":"https:\/\/enraizarte.es\/#organization"},"potentialAction":[{"@type":"SearchAction","target":{"@type":"EntryPoint","urlTemplate":"https:\/\/enraizarte.es\/?s={search_term_string}"},"query-input":{"@type":"PropertyValueSpecification","valueRequired":true,"valueName":"search_term_string"}}],"inLanguage":"en-GB"},{"@type":"Organization","@id":"https:\/\/enraizarte.es\/#organization","name":"Enraizarte Mexican crafts store in Madrid","url":"https:\/\/enraizarte.es\/","logo":{"@type":"ImageObject","inLanguage":"en-GB","@id":"https:\/\/enraizarte.es\/#\/schema\/logo\/image\/","url":"https:\/\/enraizarte.es\/wp-content\/uploads\/enraizarte-artesania-mexicana.svg","contentUrl":"https:\/\/enraizarte.es\/wp-content\/uploads\/enraizarte-artesania-mexicana.svg","width":406,"height":111,"caption":"Enraizarte Tienda de artesan\u00eda mexicana en Madrir"},"image":{"@id":"https:\/\/enraizarte.es\/#\/schema\/logo\/image\/"},"sameAs":["https:\/\/www.facebook.com\/enraizartemex","https:\/\/www.instagram.com\/enraizartemex\/"]}]}},"_links":{"self":[{"href":"https:\/\/enraizarte.es\/en\/wp-json\/wp\/v2\/product\/4224","targetHints":{"allow":["GET"]}}],"collection":[{"href":"https:\/\/enraizarte.es\/en\/wp-json\/wp\/v2\/product"}],"about":[{"href":"https:\/\/enraizarte.es\/en\/wp-json\/wp\/v2\/types\/product"}],"replies":[{"embeddable":true,"href":"https:\/\/enraizarte.es\/en\/wp-json\/wp\/v2\/comments?post=4224"}],"wp:featuredmedia":[{"embeddable":true,"href":"https:\/\/enraizarte.es\/en\/wp-json\/wp\/v2\/media\/4232"}],"wp:attachment":[{"href":"https:\/\/enraizarte.es\/en\/wp-json\/wp\/v2\/media?parent=4224"}],"wp:term":[{"taxonomy":"product_brand","embeddable":true,"href":"https:\/\/enraizarte.es\/en\/wp-json\/wp\/v2\/product_brand?post=4224"},{"taxonomy":"product_cat","embeddable":true,"href":"https:\/\/enraizarte.es\/en\/wp-json\/wp\/v2\/product_cat?post=4224"},{"taxonomy":"product_tag","embeddable":true,"href":"https:\/\/enraizarte.es\/en\/wp-json\/wp\/v2\/product_tag?post=4224"}],"curies":[{"name":"wp","href":"https:\/\/api.w.org\/{rel}","templated":true}]}}