{"id":4552,"date":"2024-12-12T23:23:48","date_gmt":"2024-12-12T23:23:48","guid":{"rendered":"https:\/\/enraizarte.es\/?post_type=product&#038;p=4552"},"modified":"2025-01-07T19:01:37","modified_gmt":"2025-01-07T19:01:37","slug":"taller-pinta-tu-alebrije-viernes-10-01-25-2","status":"publish","type":"product","link":"https:\/\/enraizarte.es\/en\/product\/taller-pinta-tu-alebrije-viernes-10-01-25-2\/","title":{"rendered":"Paint your alebrije workshop <br>FRIDAY 10.01.25"},"content":{"rendered":"<p>Ven a pintar a pintar y decorar una pieza de artesan\u00eda al natural hecha en uno de nuestros talleres colaboradores en Mexico. Para cada taller hay varios modelos, seleccionados especialmente para la ocasi\u00f3n. Las piezas se reparten por sorteo; todas son lindas y la suerte decidir\u00e1 cu\u00e1l ser\u00e1 para ti.<\/p>\n<p>&nbsp;<\/p>","protected":false},"excerpt":{"rendered":"<p>Duration: <strong>3.5 h<\/strong><br \/>\nPrice: <strong>65\u20ac\u00a0<\/strong><br \/>\nInstructor: <b>Daniela<\/b><br \/>\n*Includes all materials + coffee, tea and cookies<br \/>\nFor each workshop there are several models, specially selected for the occasion. The pieces are distributed by lottery; they are all beautiful and luck will decide which one will be yours.<\/p>","protected":false},"featured_media":4548,"comment_status":"closed","ping_status":"closed","template":"","meta":[],"product_brand":[],"product_cat":[294],"product_tag":[],"class_list":{"0":"post-4552","1":"product","2":"type-product","3":"status-publish","4":"has-post-thumbnail","6":"product_cat-talleres-artesania-mexicana","8":"first","9":"instock","10":"virtual","11":"purchasable","12":"product-type-simple"},"yoast_head":"<!-- This site is optimized with the Yoast SEO plugin v27.3 - https:\/\/yoast.com\/product\/yoast-seo-wordpress\/ -->\n<title>Taller Pinta tu alebrije VIERNES 10.01.25 - Enraizarte<\/title>\n<meta name=\"description\" content=\"Ven a pintar a pintar y decorar una pieza de artesan\u00eda al natural hecha en uno de nuestros talleres colaboradores en Mexico.\" \/>\n<meta name=\"robots\" content=\"index, follow, max-snippet:-1, max-image-preview:large, max-video-preview:-1\" \/>\n<link rel=\"canonical\" href=\"https:\/\/enraizarte.es\/en\/product\/taller-pinta-tu-alebrije-viernes-10-01-25-2\/\" \/>\n<meta property=\"og:locale\" content=\"en_GB\" \/>\n<meta property=\"og:type\" content=\"article\" \/>\n<meta property=\"og:title\" content=\"Taller Pinta tu alebrije VIERNES 10.01.25 - Enraizarte\" \/>\n<meta property=\"og:description\" content=\"Ven a pintar a pintar y decorar una pieza de artesan\u00eda al natural hecha en uno de nuestros talleres colaboradores en Mexico.\" \/>\n<meta property=\"og:url\" content=\"https:\/\/enraizarte.es\/en\/product\/taller-pinta-tu-alebrije-viernes-10-01-25-2\/\" \/>\n<meta property=\"og:site_name\" content=\"Enraizarte\" \/>\n<meta property=\"article:publisher\" content=\"https:\/\/www.facebook.com\/enraizartemex\" \/>\n<meta property=\"article:modified_time\" content=\"2025-01-07T19:01:37+00:00\" \/>\n<meta property=\"og:image\" content=\"https:\/\/enraizarte.es\/wp-content\/uploads\/pinta-tu-artesania.jpg\" \/>\n\t<meta property=\"og:image:width\" content=\"1080\" \/>\n\t<meta property=\"og:image:height\" content=\"1080\" \/>\n\t<meta property=\"og:image:type\" content=\"image\/jpeg\" \/>\n<meta name=\"twitter:card\" content=\"summary_large_image\" \/>\n<meta name=\"twitter:label1\" content=\"Estimated reading time\" \/>\n\t<meta name=\"twitter:data1\" content=\"1 minute\" \/>\n<script type=\"application\/ld+json\" class=\"yoast-schema-graph\">{\"@context\":\"https:\\\/\\\/schema.org\",\"@graph\":[{\"@type\":\"WebPage\",\"@id\":\"https:\\\/\\\/enraizarte.es\\\/producto\\\/taller-pinta-tu-alebrije-viernes-10-01-25-2\\\/\",\"url\":\"https:\\\/\\\/enraizarte.es\\\/producto\\\/taller-pinta-tu-alebrije-viernes-10-01-25-2\\\/\",\"name\":\"Taller Pinta tu alebrije VIERNES 10.01.25 - Enraizarte\",\"isPartOf\":{\"@id\":\"https:\\\/\\\/enraizarte.es\\\/#website\"},\"primaryImageOfPage\":{\"@id\":\"https:\\\/\\\/enraizarte.es\\\/producto\\\/taller-pinta-tu-alebrije-viernes-10-01-25-2\\\/#primaryimage\"},\"image\":{\"@id\":\"https:\\\/\\\/enraizarte.es\\\/producto\\\/taller-pinta-tu-alebrije-viernes-10-01-25-2\\\/#primaryimage\"},\"thumbnailUrl\":\"https:\\\/\\\/enraizarte.es\\\/wp-content\\\/uploads\\\/pinta-tu-artesania.jpg\",\"datePublished\":\"2024-12-12T23:23:48+00:00\",\"dateModified\":\"2025-01-07T19:01:37+00:00\",\"description\":\"Ven a pintar a pintar y decorar una pieza de artesan\u00eda al natural hecha en uno de nuestros talleres colaboradores en Mexico.\",\"breadcrumb\":{\"@id\":\"https:\\\/\\\/enraizarte.es\\\/producto\\\/taller-pinta-tu-alebrije-viernes-10-01-25-2\\\/#breadcrumb\"},\"inLanguage\":\"en-GB\",\"potentialAction\":[{\"@type\":\"ReadAction\",\"target\":[\"https:\\\/\\\/enraizarte.es\\\/producto\\\/taller-pinta-tu-alebrije-viernes-10-01-25-2\\\/\"]}]},{\"@type\":\"ImageObject\",\"inLanguage\":\"en-GB\",\"@id\":\"https:\\\/\\\/enraizarte.es\\\/producto\\\/taller-pinta-tu-alebrije-viernes-10-01-25-2\\\/#primaryimage\",\"url\":\"https:\\\/\\\/enraizarte.es\\\/wp-content\\\/uploads\\\/pinta-tu-artesania.jpg\",\"contentUrl\":\"https:\\\/\\\/enraizarte.es\\\/wp-content\\\/uploads\\\/pinta-tu-artesania.jpg\",\"width\":1080,\"height\":1080,\"caption\":\"Talleres de artesan\u00eda creativa para pintar piezas artesanales\"},{\"@type\":\"BreadcrumbList\",\"@id\":\"https:\\\/\\\/enraizarte.es\\\/producto\\\/taller-pinta-tu-alebrije-viernes-10-01-25-2\\\/#breadcrumb\",\"itemListElement\":[{\"@type\":\"ListItem\",\"position\":1,\"name\":\"Portada\",\"item\":\"https:\\\/\\\/enraizarte.es\\\/\"},{\"@type\":\"ListItem\",\"position\":2,\"name\":\"Tienda\",\"item\":\"https:\\\/\\\/enraizarte.es\\\/tienda\\\/\"},{\"@type\":\"ListItem\",\"position\":3,\"name\":\"Taller Pinta tu alebrije VIERNES 10.01.25\"}]},{\"@type\":\"WebSite\",\"@id\":\"https:\\\/\\\/enraizarte.es\\\/#website\",\"url\":\"https:\\\/\\\/enraizarte.es\\\/\",\"name\":\"Enraizarte\",\"description\":\"Artesan\u00eda mexicana, talleres de artesan\u00eda y regalos originales\",\"publisher\":{\"@id\":\"https:\\\/\\\/enraizarte.es\\\/#organization\"},\"potentialAction\":[{\"@type\":\"SearchAction\",\"target\":{\"@type\":\"EntryPoint\",\"urlTemplate\":\"https:\\\/\\\/enraizarte.es\\\/?s={search_term_string}\"},\"query-input\":{\"@type\":\"PropertyValueSpecification\",\"valueRequired\":true,\"valueName\":\"search_term_string\"}}],\"inLanguage\":\"en-GB\"},{\"@type\":\"Organization\",\"@id\":\"https:\\\/\\\/enraizarte.es\\\/#organization\",\"name\":\"Enraizarte Tienda de artesan\u00eda mexicana en Madrir\",\"url\":\"https:\\\/\\\/enraizarte.es\\\/\",\"logo\":{\"@type\":\"ImageObject\",\"inLanguage\":\"en-GB\",\"@id\":\"https:\\\/\\\/enraizarte.es\\\/#\\\/schema\\\/logo\\\/image\\\/\",\"url\":\"https:\\\/\\\/enraizarte.es\\\/wp-content\\\/uploads\\\/enraizarte-artesania-mexicana.svg\",\"contentUrl\":\"https:\\\/\\\/enraizarte.es\\\/wp-content\\\/uploads\\\/enraizarte-artesania-mexicana.svg\",\"width\":406,\"height\":111,\"caption\":\"Enraizarte Tienda de artesan\u00eda mexicana en Madrir\"},\"image\":{\"@id\":\"https:\\\/\\\/enraizarte.es\\\/#\\\/schema\\\/logo\\\/image\\\/\"},\"sameAs\":[\"https:\\\/\\\/www.facebook.com\\\/enraizartemex\",\"https:\\\/\\\/www.instagram.com\\\/enraizartemex\\\/\"]}]}<\/script>\n<!-- \/ Yoast SEO plugin. -->","yoast_head_json":{"title":"Taller Pinta tu alebrije VIERNES 10.01.25 - Enraizarte","description":"Ven a pintar a pintar y decorar una pieza de artesan\u00eda al natural hecha en uno de nuestros talleres colaboradores en Mexico.","robots":{"index":"index","follow":"follow","max-snippet":"max-snippet:-1","max-image-preview":"max-image-preview:large","max-video-preview":"max-video-preview:-1"},"canonical":"https:\/\/enraizarte.es\/en\/product\/taller-pinta-tu-alebrije-viernes-10-01-25-2\/","og_locale":"en_GB","og_type":"article","og_title":"Taller Pinta tu alebrije VIERNES 10.01.25 - Enraizarte","og_description":"Ven a pintar a pintar y decorar una pieza de artesan\u00eda al natural hecha en uno de nuestros talleres colaboradores en Mexico.","og_url":"https:\/\/enraizarte.es\/en\/product\/taller-pinta-tu-alebrije-viernes-10-01-25-2\/","og_site_name":"Enraizarte","article_publisher":"https:\/\/www.facebook.com\/enraizartemex","article_modified_time":"2025-01-07T19:01:37+00:00","og_image":[{"width":1080,"height":1080,"url":"https:\/\/enraizarte.es\/wp-content\/uploads\/pinta-tu-artesania.jpg","type":"image\/jpeg"}],"twitter_card":"summary_large_image","twitter_misc":{"Estimated reading time":"1 minute"},"schema":{"@context":"https:\/\/schema.org","@graph":[{"@type":"WebPage","@id":"https:\/\/enraizarte.es\/producto\/taller-pinta-tu-alebrije-viernes-10-01-25-2\/","url":"https:\/\/enraizarte.es\/producto\/taller-pinta-tu-alebrije-viernes-10-01-25-2\/","name":"Taller Pinta tu alebrije VIERNES 10.01.25 - Enraizarte","isPartOf":{"@id":"https:\/\/enraizarte.es\/#website"},"primaryImageOfPage":{"@id":"https:\/\/enraizarte.es\/producto\/taller-pinta-tu-alebrije-viernes-10-01-25-2\/#primaryimage"},"image":{"@id":"https:\/\/enraizarte.es\/producto\/taller-pinta-tu-alebrije-viernes-10-01-25-2\/#primaryimage"},"thumbnailUrl":"https:\/\/enraizarte.es\/wp-content\/uploads\/pinta-tu-artesania.jpg","datePublished":"2024-12-12T23:23:48+00:00","dateModified":"2025-01-07T19:01:37+00:00","description":"Ven a pintar a pintar y decorar una pieza de artesan\u00eda al natural hecha en uno de nuestros talleres colaboradores en Mexico.","breadcrumb":{"@id":"https:\/\/enraizarte.es\/producto\/taller-pinta-tu-alebrije-viernes-10-01-25-2\/#breadcrumb"},"inLanguage":"en-GB","potentialAction":[{"@type":"ReadAction","target":["https:\/\/enraizarte.es\/producto\/taller-pinta-tu-alebrije-viernes-10-01-25-2\/"]}]},{"@type":"ImageObject","inLanguage":"en-GB","@id":"https:\/\/enraizarte.es\/producto\/taller-pinta-tu-alebrije-viernes-10-01-25-2\/#primaryimage","url":"https:\/\/enraizarte.es\/wp-content\/uploads\/pinta-tu-artesania.jpg","contentUrl":"https:\/\/enraizarte.es\/wp-content\/uploads\/pinta-tu-artesania.jpg","width":1080,"height":1080,"caption":"Talleres de artesan\u00eda creativa para pintar piezas artesanales"},{"@type":"BreadcrumbList","@id":"https:\/\/enraizarte.es\/producto\/taller-pinta-tu-alebrije-viernes-10-01-25-2\/#breadcrumb","itemListElement":[{"@type":"ListItem","position":1,"name":"Portada","item":"https:\/\/enraizarte.es\/"},{"@type":"ListItem","position":2,"name":"Tienda","item":"https:\/\/enraizarte.es\/tienda\/"},{"@type":"ListItem","position":3,"name":"Taller Pinta tu alebrije VIERNES 10.01.25"}]},{"@type":"WebSite","@id":"https:\/\/enraizarte.es\/#website","url":"https:\/\/enraizarte.es\/","name":"Enraizarte","description":"Mexican crafts, craft workshops and original gifts","publisher":{"@id":"https:\/\/enraizarte.es\/#organization"},"potentialAction":[{"@type":"SearchAction","target":{"@type":"EntryPoint","urlTemplate":"https:\/\/enraizarte.es\/?s={search_term_string}"},"query-input":{"@type":"PropertyValueSpecification","valueRequired":true,"valueName":"search_term_string"}}],"inLanguage":"en-GB"},{"@type":"Organization","@id":"https:\/\/enraizarte.es\/#organization","name":"Enraizarte Mexican crafts store in Madrid","url":"https:\/\/enraizarte.es\/","logo":{"@type":"ImageObject","inLanguage":"en-GB","@id":"https:\/\/enraizarte.es\/#\/schema\/logo\/image\/","url":"https:\/\/enraizarte.es\/wp-content\/uploads\/enraizarte-artesania-mexicana.svg","contentUrl":"https:\/\/enraizarte.es\/wp-content\/uploads\/enraizarte-artesania-mexicana.svg","width":406,"height":111,"caption":"Enraizarte Tienda de artesan\u00eda mexicana en Madrir"},"image":{"@id":"https:\/\/enraizarte.es\/#\/schema\/logo\/image\/"},"sameAs":["https:\/\/www.facebook.com\/enraizartemex","https:\/\/www.instagram.com\/enraizartemex\/"]}]}},"_links":{"self":[{"href":"https:\/\/enraizarte.es\/en\/wp-json\/wp\/v2\/product\/4552","targetHints":{"allow":["GET"]}}],"collection":[{"href":"https:\/\/enraizarte.es\/en\/wp-json\/wp\/v2\/product"}],"about":[{"href":"https:\/\/enraizarte.es\/en\/wp-json\/wp\/v2\/types\/product"}],"replies":[{"embeddable":true,"href":"https:\/\/enraizarte.es\/en\/wp-json\/wp\/v2\/comments?post=4552"}],"wp:featuredmedia":[{"embeddable":true,"href":"https:\/\/enraizarte.es\/en\/wp-json\/wp\/v2\/media\/4548"}],"wp:attachment":[{"href":"https:\/\/enraizarte.es\/en\/wp-json\/wp\/v2\/media?parent=4552"}],"wp:term":[{"taxonomy":"product_brand","embeddable":true,"href":"https:\/\/enraizarte.es\/en\/wp-json\/wp\/v2\/product_brand?post=4552"},{"taxonomy":"product_cat","embeddable":true,"href":"https:\/\/enraizarte.es\/en\/wp-json\/wp\/v2\/product_cat?post=4552"},{"taxonomy":"product_tag","embeddable":true,"href":"https:\/\/enraizarte.es\/en\/wp-json\/wp\/v2\/product_tag?post=4552"}],"curies":[{"name":"wp","href":"https:\/\/api.w.org\/{rel}","templated":true}]}}