{"id":4750,"date":"2024-12-27T18:12:52","date_gmt":"2024-12-27T18:12:52","guid":{"rendered":"https:\/\/enraizarte.es\/?post_type=product&#038;p=4750"},"modified":"2025-01-17T17:35:57","modified_gmt":"2025-01-17T17:35:57","slug":"y-en-el-ultimo-trago-nos-vamos","status":"publish","type":"product","link":"https:\/\/enraizarte.es\/en\/product\/y-en-el-ultimo-trago-nos-vamos\/","title":{"rendered":"And in the last drink we go"},"content":{"rendered":"<p>Print by artist Daniela Flores Mag\u00f3n.<\/p>","protected":false},"excerpt":{"rendered":"<p>Print by artist Daniela Flores Mag\u00f3n.<\/p>\n<p>Printing on high quality cotton paper (anti-acid)<br \/>\nMeasures 42 x 42 cm<\/p>","protected":false},"featured_media":4737,"comment_status":"closed","ping_status":"closed","template":"","meta":[],"product_brand":[],"product_cat":[296],"product_tag":[],"class_list":{"0":"post-4750","1":"product","2":"type-product","3":"status-publish","4":"has-post-thumbnail","6":"product_cat-pintura","8":"first","9":"instock","10":"shipping-taxable","11":"purchasable","12":"product-type-simple"},"yoast_head":"<!-- This site is optimized with the Yoast SEO plugin v27.3 - https:\/\/yoast.com\/product\/yoast-seo-wordpress\/ -->\n<title>Y en el \u00faltimo trago nos vamos - Enraizarte<\/title>\n<meta name=\"robots\" content=\"index, follow, max-snippet:-1, max-image-preview:large, max-video-preview:-1\" \/>\n<link rel=\"canonical\" href=\"https:\/\/enraizarte.es\/en\/product\/y-en-el-ultimo-trago-nos-vamos\/\" \/>\n<meta property=\"og:locale\" content=\"en_GB\" \/>\n<meta property=\"og:type\" content=\"article\" \/>\n<meta property=\"og:title\" content=\"Y en el \u00faltimo trago nos vamos - Enraizarte\" \/>\n<meta property=\"og:description\" content=\"Print de la artista Daniela Flores Mag\u00f3n.  Impresi\u00f3n en papel de algod\u00f3n de alta calidad (anti\u00e1cido) Medida 42 x 42 cm\" \/>\n<meta property=\"og:url\" content=\"https:\/\/enraizarte.es\/en\/product\/y-en-el-ultimo-trago-nos-vamos\/\" \/>\n<meta property=\"og:site_name\" content=\"Enraizarte\" \/>\n<meta property=\"article:publisher\" content=\"https:\/\/www.facebook.com\/enraizartemex\" \/>\n<meta property=\"article:modified_time\" content=\"2025-01-17T17:35:57+00:00\" \/>\n<meta property=\"og:image\" content=\"https:\/\/enraizarte.es\/wp-content\/uploads\/Cuadro-azul-Oscar-JPG-web.webp\" \/>\n\t<meta property=\"og:image:width\" content=\"1800\" \/>\n\t<meta property=\"og:image:height\" content=\"1795\" \/>\n\t<meta property=\"og:image:type\" content=\"image\/webp\" \/>\n<meta name=\"twitter:card\" content=\"summary_large_image\" \/>\n<meta name=\"twitter:label1\" content=\"Estimated reading time\" \/>\n\t<meta name=\"twitter:data1\" content=\"1 minute\" \/>\n<script type=\"application\/ld+json\" class=\"yoast-schema-graph\">{\"@context\":\"https:\\\/\\\/schema.org\",\"@graph\":[{\"@type\":\"WebPage\",\"@id\":\"https:\\\/\\\/enraizarte.es\\\/producto\\\/y-en-el-ultimo-trago-nos-vamos\\\/\",\"url\":\"https:\\\/\\\/enraizarte.es\\\/producto\\\/y-en-el-ultimo-trago-nos-vamos\\\/\",\"name\":\"Y en el \u00faltimo trago nos vamos - Enraizarte\",\"isPartOf\":{\"@id\":\"https:\\\/\\\/enraizarte.es\\\/#website\"},\"primaryImageOfPage\":{\"@id\":\"https:\\\/\\\/enraizarte.es\\\/producto\\\/y-en-el-ultimo-trago-nos-vamos\\\/#primaryimage\"},\"image\":{\"@id\":\"https:\\\/\\\/enraizarte.es\\\/producto\\\/y-en-el-ultimo-trago-nos-vamos\\\/#primaryimage\"},\"thumbnailUrl\":\"https:\\\/\\\/enraizarte.es\\\/wp-content\\\/uploads\\\/Cuadro-azul-Oscar-JPG-web.webp\",\"datePublished\":\"2024-12-27T18:12:52+00:00\",\"dateModified\":\"2025-01-17T17:35:57+00:00\",\"breadcrumb\":{\"@id\":\"https:\\\/\\\/enraizarte.es\\\/producto\\\/y-en-el-ultimo-trago-nos-vamos\\\/#breadcrumb\"},\"inLanguage\":\"en-GB\",\"potentialAction\":[{\"@type\":\"ReadAction\",\"target\":[\"https:\\\/\\\/enraizarte.es\\\/producto\\\/y-en-el-ultimo-trago-nos-vamos\\\/\"]}]},{\"@type\":\"ImageObject\",\"inLanguage\":\"en-GB\",\"@id\":\"https:\\\/\\\/enraizarte.es\\\/producto\\\/y-en-el-ultimo-trago-nos-vamos\\\/#primaryimage\",\"url\":\"https:\\\/\\\/enraizarte.es\\\/wp-content\\\/uploads\\\/Cuadro-azul-Oscar-JPG-web.webp\",\"contentUrl\":\"https:\\\/\\\/enraizarte.es\\\/wp-content\\\/uploads\\\/Cuadro-azul-Oscar-JPG-web.webp\",\"width\":1800,\"height\":1795},{\"@type\":\"BreadcrumbList\",\"@id\":\"https:\\\/\\\/enraizarte.es\\\/producto\\\/y-en-el-ultimo-trago-nos-vamos\\\/#breadcrumb\",\"itemListElement\":[{\"@type\":\"ListItem\",\"position\":1,\"name\":\"Portada\",\"item\":\"https:\\\/\\\/enraizarte.es\\\/\"},{\"@type\":\"ListItem\",\"position\":2,\"name\":\"Tienda\",\"item\":\"https:\\\/\\\/enraizarte.es\\\/tienda\\\/\"},{\"@type\":\"ListItem\",\"position\":3,\"name\":\"Y en el \u00faltimo trago nos vamos\"}]},{\"@type\":\"WebSite\",\"@id\":\"https:\\\/\\\/enraizarte.es\\\/#website\",\"url\":\"https:\\\/\\\/enraizarte.es\\\/\",\"name\":\"Enraizarte\",\"description\":\"Artesan\u00eda mexicana, talleres de artesan\u00eda y regalos originales\",\"publisher\":{\"@id\":\"https:\\\/\\\/enraizarte.es\\\/#organization\"},\"potentialAction\":[{\"@type\":\"SearchAction\",\"target\":{\"@type\":\"EntryPoint\",\"urlTemplate\":\"https:\\\/\\\/enraizarte.es\\\/?s={search_term_string}\"},\"query-input\":{\"@type\":\"PropertyValueSpecification\",\"valueRequired\":true,\"valueName\":\"search_term_string\"}}],\"inLanguage\":\"en-GB\"},{\"@type\":\"Organization\",\"@id\":\"https:\\\/\\\/enraizarte.es\\\/#organization\",\"name\":\"Enraizarte Tienda de artesan\u00eda mexicana en Madrir\",\"url\":\"https:\\\/\\\/enraizarte.es\\\/\",\"logo\":{\"@type\":\"ImageObject\",\"inLanguage\":\"en-GB\",\"@id\":\"https:\\\/\\\/enraizarte.es\\\/#\\\/schema\\\/logo\\\/image\\\/\",\"url\":\"https:\\\/\\\/enraizarte.es\\\/wp-content\\\/uploads\\\/enraizarte-artesania-mexicana.svg\",\"contentUrl\":\"https:\\\/\\\/enraizarte.es\\\/wp-content\\\/uploads\\\/enraizarte-artesania-mexicana.svg\",\"width\":406,\"height\":111,\"caption\":\"Enraizarte Tienda de artesan\u00eda mexicana en Madrir\"},\"image\":{\"@id\":\"https:\\\/\\\/enraizarte.es\\\/#\\\/schema\\\/logo\\\/image\\\/\"},\"sameAs\":[\"https:\\\/\\\/www.facebook.com\\\/enraizartemex\",\"https:\\\/\\\/www.instagram.com\\\/enraizartemex\\\/\"]}]}<\/script>\n<!-- \/ Yoast SEO plugin. -->","yoast_head_json":{"title":"And with the last sip we go - Root yourself","robots":{"index":"index","follow":"follow","max-snippet":"max-snippet:-1","max-image-preview":"max-image-preview:large","max-video-preview":"max-video-preview:-1"},"canonical":"https:\/\/enraizarte.es\/en\/product\/y-en-el-ultimo-trago-nos-vamos\/","og_locale":"en_GB","og_type":"article","og_title":"Y en el \u00faltimo trago nos vamos - Enraizarte","og_description":"Print de la artista Daniela Flores Mag\u00f3n.  Impresi\u00f3n en papel de algod\u00f3n de alta calidad (anti\u00e1cido) Medida 42 x 42 cm","og_url":"https:\/\/enraizarte.es\/en\/product\/y-en-el-ultimo-trago-nos-vamos\/","og_site_name":"Enraizarte","article_publisher":"https:\/\/www.facebook.com\/enraizartemex","article_modified_time":"2025-01-17T17:35:57+00:00","og_image":[{"width":1800,"height":1795,"url":"https:\/\/enraizarte.es\/wp-content\/uploads\/Cuadro-azul-Oscar-JPG-web.webp","type":"image\/webp"}],"twitter_card":"summary_large_image","twitter_misc":{"Estimated reading time":"1 minute"},"schema":{"@context":"https:\/\/schema.org","@graph":[{"@type":"WebPage","@id":"https:\/\/enraizarte.es\/producto\/y-en-el-ultimo-trago-nos-vamos\/","url":"https:\/\/enraizarte.es\/producto\/y-en-el-ultimo-trago-nos-vamos\/","name":"And with the last sip we go - Root yourself","isPartOf":{"@id":"https:\/\/enraizarte.es\/#website"},"primaryImageOfPage":{"@id":"https:\/\/enraizarte.es\/producto\/y-en-el-ultimo-trago-nos-vamos\/#primaryimage"},"image":{"@id":"https:\/\/enraizarte.es\/producto\/y-en-el-ultimo-trago-nos-vamos\/#primaryimage"},"thumbnailUrl":"https:\/\/enraizarte.es\/wp-content\/uploads\/Cuadro-azul-Oscar-JPG-web.webp","datePublished":"2024-12-27T18:12:52+00:00","dateModified":"2025-01-17T17:35:57+00:00","breadcrumb":{"@id":"https:\/\/enraizarte.es\/producto\/y-en-el-ultimo-trago-nos-vamos\/#breadcrumb"},"inLanguage":"en-GB","potentialAction":[{"@type":"ReadAction","target":["https:\/\/enraizarte.es\/producto\/y-en-el-ultimo-trago-nos-vamos\/"]}]},{"@type":"ImageObject","inLanguage":"en-GB","@id":"https:\/\/enraizarte.es\/producto\/y-en-el-ultimo-trago-nos-vamos\/#primaryimage","url":"https:\/\/enraizarte.es\/wp-content\/uploads\/Cuadro-azul-Oscar-JPG-web.webp","contentUrl":"https:\/\/enraizarte.es\/wp-content\/uploads\/Cuadro-azul-Oscar-JPG-web.webp","width":1800,"height":1795},{"@type":"BreadcrumbList","@id":"https:\/\/enraizarte.es\/producto\/y-en-el-ultimo-trago-nos-vamos\/#breadcrumb","itemListElement":[{"@type":"ListItem","position":1,"name":"Portada","item":"https:\/\/enraizarte.es\/"},{"@type":"ListItem","position":2,"name":"Tienda","item":"https:\/\/enraizarte.es\/tienda\/"},{"@type":"ListItem","position":3,"name":"Y en el \u00faltimo trago nos vamos"}]},{"@type":"WebSite","@id":"https:\/\/enraizarte.es\/#website","url":"https:\/\/enraizarte.es\/","name":"Enraizarte","description":"Mexican crafts, craft workshops and original gifts","publisher":{"@id":"https:\/\/enraizarte.es\/#organization"},"potentialAction":[{"@type":"SearchAction","target":{"@type":"EntryPoint","urlTemplate":"https:\/\/enraizarte.es\/?s={search_term_string}"},"query-input":{"@type":"PropertyValueSpecification","valueRequired":true,"valueName":"search_term_string"}}],"inLanguage":"en-GB"},{"@type":"Organization","@id":"https:\/\/enraizarte.es\/#organization","name":"Enraizarte Mexican crafts store in Madrid","url":"https:\/\/enraizarte.es\/","logo":{"@type":"ImageObject","inLanguage":"en-GB","@id":"https:\/\/enraizarte.es\/#\/schema\/logo\/image\/","url":"https:\/\/enraizarte.es\/wp-content\/uploads\/enraizarte-artesania-mexicana.svg","contentUrl":"https:\/\/enraizarte.es\/wp-content\/uploads\/enraizarte-artesania-mexicana.svg","width":406,"height":111,"caption":"Enraizarte Tienda de artesan\u00eda mexicana en Madrir"},"image":{"@id":"https:\/\/enraizarte.es\/#\/schema\/logo\/image\/"},"sameAs":["https:\/\/www.facebook.com\/enraizartemex","https:\/\/www.instagram.com\/enraizartemex\/"]}]}},"_links":{"self":[{"href":"https:\/\/enraizarte.es\/en\/wp-json\/wp\/v2\/product\/4750","targetHints":{"allow":["GET"]}}],"collection":[{"href":"https:\/\/enraizarte.es\/en\/wp-json\/wp\/v2\/product"}],"about":[{"href":"https:\/\/enraizarte.es\/en\/wp-json\/wp\/v2\/types\/product"}],"replies":[{"embeddable":true,"href":"https:\/\/enraizarte.es\/en\/wp-json\/wp\/v2\/comments?post=4750"}],"wp:featuredmedia":[{"embeddable":true,"href":"https:\/\/enraizarte.es\/en\/wp-json\/wp\/v2\/media\/4737"}],"wp:attachment":[{"href":"https:\/\/enraizarte.es\/en\/wp-json\/wp\/v2\/media?parent=4750"}],"wp:term":[{"taxonomy":"product_brand","embeddable":true,"href":"https:\/\/enraizarte.es\/en\/wp-json\/wp\/v2\/product_brand?post=4750"},{"taxonomy":"product_cat","embeddable":true,"href":"https:\/\/enraizarte.es\/en\/wp-json\/wp\/v2\/product_cat?post=4750"},{"taxonomy":"product_tag","embeddable":true,"href":"https:\/\/enraizarte.es\/en\/wp-json\/wp\/v2\/product_tag?post=4750"}],"curies":[{"name":"wp","href":"https:\/\/api.w.org\/{rel}","templated":true}]}}