{"id":4843,"date":"2025-03-31T12:36:43","date_gmt":"2025-03-31T12:36:43","guid":{"rendered":"https:\/\/enraizarte.es\/?post_type=product&#038;p=4843"},"modified":"2025-05-18T16:08:07","modified_gmt":"2025-05-18T16:08:07","slug":"munecas-de-tela","status":"publish","type":"product","link":"https:\/\/enraizarte.es\/en\/product\/munecas-de-tela\/","title":{"rendered":"Mexican cloth dolls | SATURDAY, 05\/24\/2025"},"content":{"rendered":"<p>Crea tu propia mu\u00f1eca de tela inspirada en la tradici\u00f3n mexicana.<\/p>","protected":false},"excerpt":{"rendered":"<p>Opening times: <strong>10am-2pm<\/strong><br \/>\nPrice: <strong>75\u20ac<\/strong><br \/>\nInstructor: <strong>Daniela<\/strong><\/p>\n<p>*Includes all materials + coffee, tea and cookies<\/p>\n<p>Create your own fabric doll inspired by Mexican tradition. You can choose from different designs, such as a Frida or a Catrina, and dress her with colorful fabrics and accessories filled with handcrafted details. This is an ideal workshop for those who enjoy sewing, creativity, and Mexican folk art.<\/p>\n<p><!-- notionvc: d9070f6b-bdde-46f0-a3a1-ffbb5dff655a --><\/p>","protected":false},"featured_media":4816,"comment_status":"closed","ping_status":"closed","template":"","meta":[],"product_brand":[],"product_cat":[294],"product_tag":[],"class_list":{"0":"post-4843","1":"product","2":"type-product","3":"status-publish","4":"has-post-thumbnail","6":"product_cat-talleres-artesania-mexicana","8":"first","9":"outofstock","10":"virtual","11":"purchasable","12":"product-type-simple"},"yoast_head":"<!-- This site is optimized with the Yoast SEO plugin v27.3 - https:\/\/yoast.com\/product\/yoast-seo-wordpress\/ -->\n<title>Mu\u00f1ecas mexicanas de tela | S\u00c1BADO 24.05.2025 - Enraizarte<\/title>\n<meta name=\"robots\" content=\"index, follow, max-snippet:-1, max-image-preview:large, max-video-preview:-1\" \/>\n<link rel=\"canonical\" href=\"https:\/\/enraizarte.es\/en\/product\/munecas-de-tela\/\" \/>\n<meta property=\"og:locale\" content=\"en_GB\" \/>\n<meta property=\"og:type\" content=\"article\" \/>\n<meta property=\"og:title\" content=\"Mu\u00f1ecas mexicanas de tela | S\u00c1BADO 24.05.2025 - Enraizarte\" \/>\n<meta property=\"og:description\" content=\"Horario: 10h-14h Precio: 75\u20ac Instructora: Daniela  *Incluye todos los materiales + caf\u00e9, t\u00e9 y galletas  Crea tu propia mu\u00f1eca de tela inspirada en la tradici\u00f3n mexicana. Podr\u00e1s elegir entre diferentes dise\u00f1os, como una Frida o una catrina, y vestirla con telas y accesorios llenos de color y detalles artesanales. Un taller ideal para quienes disfrutan de la costura, la creatividad y el arte popular mexicano.\" \/>\n<meta property=\"og:url\" content=\"https:\/\/enraizarte.es\/en\/product\/munecas-de-tela\/\" \/>\n<meta property=\"og:site_name\" content=\"Enraizarte\" \/>\n<meta property=\"article:publisher\" content=\"https:\/\/www.facebook.com\/enraizartemex\" \/>\n<meta property=\"article:modified_time\" content=\"2025-05-18T16:08:07+00:00\" \/>\n<meta property=\"og:image\" content=\"https:\/\/enraizarte.es\/wp-content\/uploads\/Muneca-tela-taller.png\" \/>\n\t<meta property=\"og:image:width\" content=\"700\" \/>\n\t<meta property=\"og:image:height\" content=\"700\" \/>\n\t<meta property=\"og:image:type\" content=\"image\/png\" \/>\n<meta name=\"twitter:card\" content=\"summary_large_image\" \/>\n<meta name=\"twitter:label1\" content=\"Estimated reading time\" \/>\n\t<meta name=\"twitter:data1\" content=\"1 minute\" \/>\n<script type=\"application\/ld+json\" class=\"yoast-schema-graph\">{\"@context\":\"https:\\\/\\\/schema.org\",\"@graph\":[{\"@type\":\"WebPage\",\"@id\":\"https:\\\/\\\/enraizarte.es\\\/producto\\\/munecas-de-tela\\\/\",\"url\":\"https:\\\/\\\/enraizarte.es\\\/producto\\\/munecas-de-tela\\\/\",\"name\":\"Mu\u00f1ecas mexicanas de tela | S\u00c1BADO 24.05.2025 - Enraizarte\",\"isPartOf\":{\"@id\":\"https:\\\/\\\/enraizarte.es\\\/#website\"},\"primaryImageOfPage\":{\"@id\":\"https:\\\/\\\/enraizarte.es\\\/producto\\\/munecas-de-tela\\\/#primaryimage\"},\"image\":{\"@id\":\"https:\\\/\\\/enraizarte.es\\\/producto\\\/munecas-de-tela\\\/#primaryimage\"},\"thumbnailUrl\":\"https:\\\/\\\/enraizarte.es\\\/wp-content\\\/uploads\\\/Muneca-tela-taller.png\",\"datePublished\":\"2025-03-31T12:36:43+00:00\",\"dateModified\":\"2025-05-18T16:08:07+00:00\",\"breadcrumb\":{\"@id\":\"https:\\\/\\\/enraizarte.es\\\/producto\\\/munecas-de-tela\\\/#breadcrumb\"},\"inLanguage\":\"en-GB\",\"potentialAction\":[{\"@type\":\"ReadAction\",\"target\":[\"https:\\\/\\\/enraizarte.es\\\/producto\\\/munecas-de-tela\\\/\"]}]},{\"@type\":\"ImageObject\",\"inLanguage\":\"en-GB\",\"@id\":\"https:\\\/\\\/enraizarte.es\\\/producto\\\/munecas-de-tela\\\/#primaryimage\",\"url\":\"https:\\\/\\\/enraizarte.es\\\/wp-content\\\/uploads\\\/Muneca-tela-taller.png\",\"contentUrl\":\"https:\\\/\\\/enraizarte.es\\\/wp-content\\\/uploads\\\/Muneca-tela-taller.png\",\"width\":700,\"height\":700,\"caption\":\"Talleres de artesan\u00eda de mu\u00f1ecas de tela mexicanas\"},{\"@type\":\"BreadcrumbList\",\"@id\":\"https:\\\/\\\/enraizarte.es\\\/producto\\\/munecas-de-tela\\\/#breadcrumb\",\"itemListElement\":[{\"@type\":\"ListItem\",\"position\":1,\"name\":\"Portada\",\"item\":\"https:\\\/\\\/enraizarte.es\\\/\"},{\"@type\":\"ListItem\",\"position\":2,\"name\":\"Tienda\",\"item\":\"https:\\\/\\\/enraizarte.es\\\/tienda\\\/\"},{\"@type\":\"ListItem\",\"position\":3,\"name\":\"Mu\u00f1ecas mexicanas de tela | S\u00c1BADO 24.05.2025\"}]},{\"@type\":\"WebSite\",\"@id\":\"https:\\\/\\\/enraizarte.es\\\/#website\",\"url\":\"https:\\\/\\\/enraizarte.es\\\/\",\"name\":\"Enraizarte\",\"description\":\"Artesan\u00eda mexicana, talleres de artesan\u00eda y regalos originales\",\"publisher\":{\"@id\":\"https:\\\/\\\/enraizarte.es\\\/#organization\"},\"potentialAction\":[{\"@type\":\"SearchAction\",\"target\":{\"@type\":\"EntryPoint\",\"urlTemplate\":\"https:\\\/\\\/enraizarte.es\\\/?s={search_term_string}\"},\"query-input\":{\"@type\":\"PropertyValueSpecification\",\"valueRequired\":true,\"valueName\":\"search_term_string\"}}],\"inLanguage\":\"en-GB\"},{\"@type\":\"Organization\",\"@id\":\"https:\\\/\\\/enraizarte.es\\\/#organization\",\"name\":\"Enraizarte Tienda de artesan\u00eda mexicana en Madrir\",\"url\":\"https:\\\/\\\/enraizarte.es\\\/\",\"logo\":{\"@type\":\"ImageObject\",\"inLanguage\":\"en-GB\",\"@id\":\"https:\\\/\\\/enraizarte.es\\\/#\\\/schema\\\/logo\\\/image\\\/\",\"url\":\"https:\\\/\\\/enraizarte.es\\\/wp-content\\\/uploads\\\/enraizarte-artesania-mexicana.svg\",\"contentUrl\":\"https:\\\/\\\/enraizarte.es\\\/wp-content\\\/uploads\\\/enraizarte-artesania-mexicana.svg\",\"width\":406,\"height\":111,\"caption\":\"Enraizarte Tienda de artesan\u00eda mexicana en Madrir\"},\"image\":{\"@id\":\"https:\\\/\\\/enraizarte.es\\\/#\\\/schema\\\/logo\\\/image\\\/\"},\"sameAs\":[\"https:\\\/\\\/www.facebook.com\\\/enraizartemex\",\"https:\\\/\\\/www.instagram.com\\\/enraizartemex\\\/\"]}]}<\/script>\n<!-- \/ Yoast SEO plugin. -->","yoast_head_json":{"title":"Mu\u00f1ecas mexicanas de tela | S\u00c1BADO 24.05.2025 - Enraizarte","robots":{"index":"index","follow":"follow","max-snippet":"max-snippet:-1","max-image-preview":"max-image-preview:large","max-video-preview":"max-video-preview:-1"},"canonical":"https:\/\/enraizarte.es\/en\/product\/munecas-de-tela\/","og_locale":"en_GB","og_type":"article","og_title":"Mu\u00f1ecas mexicanas de tela | S\u00c1BADO 24.05.2025 - Enraizarte","og_description":"Horario: 10h-14h Precio: 75\u20ac Instructora: Daniela  *Incluye todos los materiales + caf\u00e9, t\u00e9 y galletas  Crea tu propia mu\u00f1eca de tela inspirada en la tradici\u00f3n mexicana. Podr\u00e1s elegir entre diferentes dise\u00f1os, como una Frida o una catrina, y vestirla con telas y accesorios llenos de color y detalles artesanales. Un taller ideal para quienes disfrutan de la costura, la creatividad y el arte popular mexicano.","og_url":"https:\/\/enraizarte.es\/en\/product\/munecas-de-tela\/","og_site_name":"Enraizarte","article_publisher":"https:\/\/www.facebook.com\/enraizartemex","article_modified_time":"2025-05-18T16:08:07+00:00","og_image":[{"width":700,"height":700,"url":"https:\/\/enraizarte.es\/wp-content\/uploads\/Muneca-tela-taller.png","type":"image\/png"}],"twitter_card":"summary_large_image","twitter_misc":{"Estimated reading time":"1 minute"},"schema":{"@context":"https:\/\/schema.org","@graph":[{"@type":"WebPage","@id":"https:\/\/enraizarte.es\/producto\/munecas-de-tela\/","url":"https:\/\/enraizarte.es\/producto\/munecas-de-tela\/","name":"Mu\u00f1ecas mexicanas de tela | S\u00c1BADO 24.05.2025 - Enraizarte","isPartOf":{"@id":"https:\/\/enraizarte.es\/#website"},"primaryImageOfPage":{"@id":"https:\/\/enraizarte.es\/producto\/munecas-de-tela\/#primaryimage"},"image":{"@id":"https:\/\/enraizarte.es\/producto\/munecas-de-tela\/#primaryimage"},"thumbnailUrl":"https:\/\/enraizarte.es\/wp-content\/uploads\/Muneca-tela-taller.png","datePublished":"2025-03-31T12:36:43+00:00","dateModified":"2025-05-18T16:08:07+00:00","breadcrumb":{"@id":"https:\/\/enraizarte.es\/producto\/munecas-de-tela\/#breadcrumb"},"inLanguage":"en-GB","potentialAction":[{"@type":"ReadAction","target":["https:\/\/enraizarte.es\/producto\/munecas-de-tela\/"]}]},{"@type":"ImageObject","inLanguage":"en-GB","@id":"https:\/\/enraizarte.es\/producto\/munecas-de-tela\/#primaryimage","url":"https:\/\/enraizarte.es\/wp-content\/uploads\/Muneca-tela-taller.png","contentUrl":"https:\/\/enraizarte.es\/wp-content\/uploads\/Muneca-tela-taller.png","width":700,"height":700,"caption":"Talleres de artesan\u00eda de mu\u00f1ecas de tela mexicanas"},{"@type":"BreadcrumbList","@id":"https:\/\/enraizarte.es\/producto\/munecas-de-tela\/#breadcrumb","itemListElement":[{"@type":"ListItem","position":1,"name":"Portada","item":"https:\/\/enraizarte.es\/"},{"@type":"ListItem","position":2,"name":"Tienda","item":"https:\/\/enraizarte.es\/tienda\/"},{"@type":"ListItem","position":3,"name":"Mu\u00f1ecas mexicanas de tela | S\u00c1BADO 24.05.2025"}]},{"@type":"WebSite","@id":"https:\/\/enraizarte.es\/#website","url":"https:\/\/enraizarte.es\/","name":"Enraizarte","description":"Mexican crafts, craft workshops and original gifts","publisher":{"@id":"https:\/\/enraizarte.es\/#organization"},"potentialAction":[{"@type":"SearchAction","target":{"@type":"EntryPoint","urlTemplate":"https:\/\/enraizarte.es\/?s={search_term_string}"},"query-input":{"@type":"PropertyValueSpecification","valueRequired":true,"valueName":"search_term_string"}}],"inLanguage":"en-GB"},{"@type":"Organization","@id":"https:\/\/enraizarte.es\/#organization","name":"Enraizarte Mexican crafts store in Madrid","url":"https:\/\/enraizarte.es\/","logo":{"@type":"ImageObject","inLanguage":"en-GB","@id":"https:\/\/enraizarte.es\/#\/schema\/logo\/image\/","url":"https:\/\/enraizarte.es\/wp-content\/uploads\/enraizarte-artesania-mexicana.svg","contentUrl":"https:\/\/enraizarte.es\/wp-content\/uploads\/enraizarte-artesania-mexicana.svg","width":406,"height":111,"caption":"Enraizarte Tienda de artesan\u00eda mexicana en Madrir"},"image":{"@id":"https:\/\/enraizarte.es\/#\/schema\/logo\/image\/"},"sameAs":["https:\/\/www.facebook.com\/enraizartemex","https:\/\/www.instagram.com\/enraizartemex\/"]}]}},"_links":{"self":[{"href":"https:\/\/enraizarte.es\/en\/wp-json\/wp\/v2\/product\/4843","targetHints":{"allow":["GET"]}}],"collection":[{"href":"https:\/\/enraizarte.es\/en\/wp-json\/wp\/v2\/product"}],"about":[{"href":"https:\/\/enraizarte.es\/en\/wp-json\/wp\/v2\/types\/product"}],"replies":[{"embeddable":true,"href":"https:\/\/enraizarte.es\/en\/wp-json\/wp\/v2\/comments?post=4843"}],"wp:featuredmedia":[{"embeddable":true,"href":"https:\/\/enraizarte.es\/en\/wp-json\/wp\/v2\/media\/4816"}],"wp:attachment":[{"href":"https:\/\/enraizarte.es\/en\/wp-json\/wp\/v2\/media?parent=4843"}],"wp:term":[{"taxonomy":"product_brand","embeddable":true,"href":"https:\/\/enraizarte.es\/en\/wp-json\/wp\/v2\/product_brand?post=4843"},{"taxonomy":"product_cat","embeddable":true,"href":"https:\/\/enraizarte.es\/en\/wp-json\/wp\/v2\/product_cat?post=4843"},{"taxonomy":"product_tag","embeddable":true,"href":"https:\/\/enraizarte.es\/en\/wp-json\/wp\/v2\/product_tag?post=4843"}],"curies":[{"name":"wp","href":"https:\/\/api.w.org\/{rel}","templated":true}]}}