{"id":4846,"date":"2025-03-31T12:41:27","date_gmt":"2025-03-31T12:41:27","guid":{"rendered":"https:\/\/enraizarte.es\/?post_type=product&#038;p=4846"},"modified":"2025-04-02T10:05:54","modified_gmt":"2025-04-02T10:05:54","slug":"altarcitos-marcos-metal","status":"publish","type":"product","link":"https:\/\/enraizarte.es\/en\/product\/altarcitos-marcos-metal\/","title":{"rendered":"Little altars or metal frames | SATURDAY 06\/07\/2025"},"content":{"rendered":"<p>Aprende la t\u00e9cnica del repujado en l\u00e1mina de metal y elabora una pieza \u00fanica desde cero.<\/p>","protected":false},"excerpt":{"rendered":"<p>Opening times: <strong>10am-2pm<\/strong><br \/>\nPrice: <strong>65\u20ac<\/strong><br \/>\nInstructor: <strong>Daniela<\/strong><\/p>\n<p>\u2013 Includes all materials + coffee, tea and cookies<\/p>\n<p>Learn the technique of embossing metal sheets and create a unique piece from scratch. You can transform your creation into a traditional altar or a special mirror frame, with intricate reliefs. If you&#039;ve already taken our milagritos workshop, this is the perfect next step to continue exploring the art of hand-crafted metal. However, if you&#039;re new to embossing, we have models suitable for beginners.<\/p>","protected":false},"featured_media":4817,"comment_status":"closed","ping_status":"closed","template":"","meta":[],"product_brand":[],"product_cat":[294],"product_tag":[],"class_list":{"0":"post-4846","1":"product","2":"type-product","3":"status-publish","4":"has-post-thumbnail","6":"product_cat-talleres-artesania-mexicana","8":"first","9":"instock","10":"virtual","11":"purchasable","12":"product-type-simple"},"yoast_head":"<!-- This site is optimized with the Yoast SEO plugin v27.4 - https:\/\/yoast.com\/product\/yoast-seo-wordpress\/ -->\n<title>Altarcitos o marcos de metal | S\u00c1BADO 07.06.2025 - Enraizarte<\/title>\n<meta name=\"robots\" content=\"index, follow, max-snippet:-1, max-image-preview:large, max-video-preview:-1\" \/>\n<link rel=\"canonical\" href=\"https:\/\/enraizarte.es\/en\/product\/altarcitos-marcos-metal\/\" \/>\n<meta property=\"og:locale\" content=\"en_GB\" \/>\n<meta property=\"og:type\" content=\"article\" \/>\n<meta property=\"og:title\" content=\"Altarcitos o marcos de metal | S\u00c1BADO 07.06.2025 - Enraizarte\" \/>\n<meta property=\"og:description\" content=\"Horario: 10h-14h Precio: 65\u20ac Instructora: Daniela  - Incluye todos los materiales + caf\u00e9, t\u00e9 y galletas  Aprende la t\u00e9cnica del repujado en l\u00e1mina de metal y elabora una pieza \u00fanica desde cero. Podr\u00e1s convertir tu creaci\u00f3n en un altarcito tradicional o en un marco especial para espejo, con relieves llenos de detalles. Si ya has hecho nuestro taller de milagritos, este es el siguiente paso perfecto para seguir explorando el arte del metal trabajado a mano, pero si no tienes experiencia en repujado, tenemos modelos apropiados para principiantes.\" \/>\n<meta property=\"og:url\" content=\"https:\/\/enraizarte.es\/en\/product\/altarcitos-marcos-metal\/\" \/>\n<meta property=\"og:site_name\" content=\"Enraizarte\" \/>\n<meta property=\"article:publisher\" content=\"https:\/\/www.facebook.com\/enraizartemex\" \/>\n<meta property=\"article:modified_time\" content=\"2025-04-02T10:05:54+00:00\" \/>\n<meta property=\"og:image\" content=\"https:\/\/enraizarte.es\/wp-content\/uploads\/Altarcitos-o-marcos-metal-taller.jpeg\" \/>\n\t<meta property=\"og:image:width\" content=\"2048\" \/>\n\t<meta property=\"og:image:height\" content=\"2048\" \/>\n\t<meta property=\"og:image:type\" content=\"image\/jpeg\" \/>\n<meta name=\"twitter:card\" content=\"summary_large_image\" \/>\n<meta name=\"twitter:label1\" content=\"Estimated reading time\" \/>\n\t<meta name=\"twitter:data1\" content=\"1 minute\" \/>\n<script type=\"application\/ld+json\" class=\"yoast-schema-graph\">{\"@context\":\"https:\\\/\\\/schema.org\",\"@graph\":[{\"@type\":\"WebPage\",\"@id\":\"https:\\\/\\\/enraizarte.es\\\/producto\\\/altarcitos-marcos-metal\\\/\",\"url\":\"https:\\\/\\\/enraizarte.es\\\/producto\\\/altarcitos-marcos-metal\\\/\",\"name\":\"Altarcitos o marcos de metal | S\u00c1BADO 07.06.2025 - Enraizarte\",\"isPartOf\":{\"@id\":\"https:\\\/\\\/enraizarte.es\\\/#website\"},\"primaryImageOfPage\":{\"@id\":\"https:\\\/\\\/enraizarte.es\\\/producto\\\/altarcitos-marcos-metal\\\/#primaryimage\"},\"image\":{\"@id\":\"https:\\\/\\\/enraizarte.es\\\/producto\\\/altarcitos-marcos-metal\\\/#primaryimage\"},\"thumbnailUrl\":\"https:\\\/\\\/enraizarte.es\\\/wp-content\\\/uploads\\\/Altarcitos-o-marcos-metal-taller.jpeg\",\"datePublished\":\"2025-03-31T12:41:27+00:00\",\"dateModified\":\"2025-04-02T10:05:54+00:00\",\"breadcrumb\":{\"@id\":\"https:\\\/\\\/enraizarte.es\\\/producto\\\/altarcitos-marcos-metal\\\/#breadcrumb\"},\"inLanguage\":\"en-GB\",\"potentialAction\":[{\"@type\":\"ReadAction\",\"target\":[\"https:\\\/\\\/enraizarte.es\\\/producto\\\/altarcitos-marcos-metal\\\/\"]}]},{\"@type\":\"ImageObject\",\"inLanguage\":\"en-GB\",\"@id\":\"https:\\\/\\\/enraizarte.es\\\/producto\\\/altarcitos-marcos-metal\\\/#primaryimage\",\"url\":\"https:\\\/\\\/enraizarte.es\\\/wp-content\\\/uploads\\\/Altarcitos-o-marcos-metal-taller.jpeg\",\"contentUrl\":\"https:\\\/\\\/enraizarte.es\\\/wp-content\\\/uploads\\\/Altarcitos-o-marcos-metal-taller.jpeg\",\"width\":2048,\"height\":2048,\"caption\":\"Talleres de artesan\u00eda con altarcitos y marcos de metal\"},{\"@type\":\"BreadcrumbList\",\"@id\":\"https:\\\/\\\/enraizarte.es\\\/producto\\\/altarcitos-marcos-metal\\\/#breadcrumb\",\"itemListElement\":[{\"@type\":\"ListItem\",\"position\":1,\"name\":\"Portada\",\"item\":\"https:\\\/\\\/enraizarte.es\\\/\"},{\"@type\":\"ListItem\",\"position\":2,\"name\":\"Tienda\",\"item\":\"https:\\\/\\\/enraizarte.es\\\/tienda\\\/\"},{\"@type\":\"ListItem\",\"position\":3,\"name\":\"Altarcitos o marcos de metal | S\u00c1BADO 07.06.2025\"}]},{\"@type\":\"WebSite\",\"@id\":\"https:\\\/\\\/enraizarte.es\\\/#website\",\"url\":\"https:\\\/\\\/enraizarte.es\\\/\",\"name\":\"Enraizarte\",\"description\":\"Artesan\u00eda mexicana, talleres de artesan\u00eda y regalos originales\",\"publisher\":{\"@id\":\"https:\\\/\\\/enraizarte.es\\\/#organization\"},\"potentialAction\":[{\"@type\":\"SearchAction\",\"target\":{\"@type\":\"EntryPoint\",\"urlTemplate\":\"https:\\\/\\\/enraizarte.es\\\/?s={search_term_string}\"},\"query-input\":{\"@type\":\"PropertyValueSpecification\",\"valueRequired\":true,\"valueName\":\"search_term_string\"}}],\"inLanguage\":\"en-GB\"},{\"@type\":\"Organization\",\"@id\":\"https:\\\/\\\/enraizarte.es\\\/#organization\",\"name\":\"Enraizarte Tienda de artesan\u00eda mexicana en Madrir\",\"url\":\"https:\\\/\\\/enraizarte.es\\\/\",\"logo\":{\"@type\":\"ImageObject\",\"inLanguage\":\"en-GB\",\"@id\":\"https:\\\/\\\/enraizarte.es\\\/#\\\/schema\\\/logo\\\/image\\\/\",\"url\":\"https:\\\/\\\/enraizarte.es\\\/wp-content\\\/uploads\\\/enraizarte-artesania-mexicana.svg\",\"contentUrl\":\"https:\\\/\\\/enraizarte.es\\\/wp-content\\\/uploads\\\/enraizarte-artesania-mexicana.svg\",\"width\":406,\"height\":111,\"caption\":\"Enraizarte Tienda de artesan\u00eda mexicana en Madrir\"},\"image\":{\"@id\":\"https:\\\/\\\/enraizarte.es\\\/#\\\/schema\\\/logo\\\/image\\\/\"},\"sameAs\":[\"https:\\\/\\\/www.facebook.com\\\/enraizartemex\",\"https:\\\/\\\/www.instagram.com\\\/enraizartemex\\\/\"]}]}<\/script>\n<!-- \/ Yoast SEO plugin. -->","yoast_head_json":{"title":"Altarcitos o marcos de metal | S\u00c1BADO 07.06.2025 - Enraizarte","robots":{"index":"index","follow":"follow","max-snippet":"max-snippet:-1","max-image-preview":"max-image-preview:large","max-video-preview":"max-video-preview:-1"},"canonical":"https:\/\/enraizarte.es\/en\/product\/altarcitos-marcos-metal\/","og_locale":"en_GB","og_type":"article","og_title":"Altarcitos o marcos de metal | S\u00c1BADO 07.06.2025 - Enraizarte","og_description":"Horario: 10h-14h Precio: 65\u20ac Instructora: Daniela  - Incluye todos los materiales + caf\u00e9, t\u00e9 y galletas  Aprende la t\u00e9cnica del repujado en l\u00e1mina de metal y elabora una pieza \u00fanica desde cero. Podr\u00e1s convertir tu creaci\u00f3n en un altarcito tradicional o en un marco especial para espejo, con relieves llenos de detalles. Si ya has hecho nuestro taller de milagritos, este es el siguiente paso perfecto para seguir explorando el arte del metal trabajado a mano, pero si no tienes experiencia en repujado, tenemos modelos apropiados para principiantes.","og_url":"https:\/\/enraizarte.es\/en\/product\/altarcitos-marcos-metal\/","og_site_name":"Enraizarte","article_publisher":"https:\/\/www.facebook.com\/enraizartemex","article_modified_time":"2025-04-02T10:05:54+00:00","og_image":[{"width":2048,"height":2048,"url":"https:\/\/enraizarte.es\/wp-content\/uploads\/Altarcitos-o-marcos-metal-taller.jpeg","type":"image\/jpeg"}],"twitter_card":"summary_large_image","twitter_misc":{"Estimated reading time":"1 minute"},"schema":{"@context":"https:\/\/schema.org","@graph":[{"@type":"WebPage","@id":"https:\/\/enraizarte.es\/producto\/altarcitos-marcos-metal\/","url":"https:\/\/enraizarte.es\/producto\/altarcitos-marcos-metal\/","name":"Altarcitos o marcos de metal | S\u00c1BADO 07.06.2025 - Enraizarte","isPartOf":{"@id":"https:\/\/enraizarte.es\/#website"},"primaryImageOfPage":{"@id":"https:\/\/enraizarte.es\/producto\/altarcitos-marcos-metal\/#primaryimage"},"image":{"@id":"https:\/\/enraizarte.es\/producto\/altarcitos-marcos-metal\/#primaryimage"},"thumbnailUrl":"https:\/\/enraizarte.es\/wp-content\/uploads\/Altarcitos-o-marcos-metal-taller.jpeg","datePublished":"2025-03-31T12:41:27+00:00","dateModified":"2025-04-02T10:05:54+00:00","breadcrumb":{"@id":"https:\/\/enraizarte.es\/producto\/altarcitos-marcos-metal\/#breadcrumb"},"inLanguage":"en-GB","potentialAction":[{"@type":"ReadAction","target":["https:\/\/enraizarte.es\/producto\/altarcitos-marcos-metal\/"]}]},{"@type":"ImageObject","inLanguage":"en-GB","@id":"https:\/\/enraizarte.es\/producto\/altarcitos-marcos-metal\/#primaryimage","url":"https:\/\/enraizarte.es\/wp-content\/uploads\/Altarcitos-o-marcos-metal-taller.jpeg","contentUrl":"https:\/\/enraizarte.es\/wp-content\/uploads\/Altarcitos-o-marcos-metal-taller.jpeg","width":2048,"height":2048,"caption":"Talleres de artesan\u00eda con altarcitos y marcos de metal"},{"@type":"BreadcrumbList","@id":"https:\/\/enraizarte.es\/producto\/altarcitos-marcos-metal\/#breadcrumb","itemListElement":[{"@type":"ListItem","position":1,"name":"Portada","item":"https:\/\/enraizarte.es\/"},{"@type":"ListItem","position":2,"name":"Tienda","item":"https:\/\/enraizarte.es\/tienda\/"},{"@type":"ListItem","position":3,"name":"Altarcitos o marcos de metal | S\u00c1BADO 07.06.2025"}]},{"@type":"WebSite","@id":"https:\/\/enraizarte.es\/#website","url":"https:\/\/enraizarte.es\/","name":"Enraizarte","description":"Mexican crafts, craft workshops and original gifts","publisher":{"@id":"https:\/\/enraizarte.es\/#organization"},"potentialAction":[{"@type":"SearchAction","target":{"@type":"EntryPoint","urlTemplate":"https:\/\/enraizarte.es\/?s={search_term_string}"},"query-input":{"@type":"PropertyValueSpecification","valueRequired":true,"valueName":"search_term_string"}}],"inLanguage":"en-GB"},{"@type":"Organization","@id":"https:\/\/enraizarte.es\/#organization","name":"Enraizarte Mexican crafts store in Madrid","url":"https:\/\/enraizarte.es\/","logo":{"@type":"ImageObject","inLanguage":"en-GB","@id":"https:\/\/enraizarte.es\/#\/schema\/logo\/image\/","url":"https:\/\/enraizarte.es\/wp-content\/uploads\/enraizarte-artesania-mexicana.svg","contentUrl":"https:\/\/enraizarte.es\/wp-content\/uploads\/enraizarte-artesania-mexicana.svg","width":406,"height":111,"caption":"Enraizarte Tienda de artesan\u00eda mexicana en Madrir"},"image":{"@id":"https:\/\/enraizarte.es\/#\/schema\/logo\/image\/"},"sameAs":["https:\/\/www.facebook.com\/enraizartemex","https:\/\/www.instagram.com\/enraizartemex\/"]}]}},"_links":{"self":[{"href":"https:\/\/enraizarte.es\/en\/wp-json\/wp\/v2\/product\/4846","targetHints":{"allow":["GET"]}}],"collection":[{"href":"https:\/\/enraizarte.es\/en\/wp-json\/wp\/v2\/product"}],"about":[{"href":"https:\/\/enraizarte.es\/en\/wp-json\/wp\/v2\/types\/product"}],"replies":[{"embeddable":true,"href":"https:\/\/enraizarte.es\/en\/wp-json\/wp\/v2\/comments?post=4846"}],"wp:featuredmedia":[{"embeddable":true,"href":"https:\/\/enraizarte.es\/en\/wp-json\/wp\/v2\/media\/4817"}],"wp:attachment":[{"href":"https:\/\/enraizarte.es\/en\/wp-json\/wp\/v2\/media?parent=4846"}],"wp:term":[{"taxonomy":"product_brand","embeddable":true,"href":"https:\/\/enraizarte.es\/en\/wp-json\/wp\/v2\/product_brand?post=4846"},{"taxonomy":"product_cat","embeddable":true,"href":"https:\/\/enraizarte.es\/en\/wp-json\/wp\/v2\/product_cat?post=4846"},{"taxonomy":"product_tag","embeddable":true,"href":"https:\/\/enraizarte.es\/en\/wp-json\/wp\/v2\/product_tag?post=4846"}],"curies":[{"name":"wp","href":"https:\/\/api.w.org\/{rel}","templated":true}]}}