{"id":5201,"date":"2025-09-09T16:31:28","date_gmt":"2025-09-09T16:31:28","guid":{"rendered":"https:\/\/enraizarte.es\/?post_type=product&#038;p=5201"},"modified":"2026-04-06T08:56:38","modified_gmt":"2026-04-06T08:56:38","slug":"taller-bordados-mexicanos-sabado-08-11-2025","status":"publish","type":"product","link":"https:\/\/enraizarte.es\/en\/product\/taller-bordados-mexicanos-sabado-08-11-2025\/","title":{"rendered":"Mexican Embroidery Workshop<br>SATURDAY 08.11.2025"},"content":{"rendered":"<p>A practical-theoretical workshop where we will practice the most commonly used stitches in embroidery from different regions of Mexico: Zinacant\u00e1n, Chamula, Tzintzunzan and Jalapa de D\u00edaz.<\/p>","protected":false},"excerpt":{"rendered":"<p>When making the reservation, you will pay <strong>30\u20ac<\/strong>, which will be deducted from the total price: <strong>75\u20ac<\/strong>. The remaining balance must be paid on the day of the workshop. <strong>45\u20ac<\/strong>.<\/p>\n<p>Opening times: <strong>11:00-14:030h<\/strong><br \/>\nPrice:\u00a0<strong>75 \u20ac<\/strong><br \/>\nInstructor:\u00a0<strong>Camila<\/strong><br \/>\n*Includes all materials + coffee, tea and cookies<\/p>\n<p>A practical-theoretical workshop where we will practice the most commonly used stitches in embroidery from different regions of Mexico: Zinacant\u00e1n, Chamula, Tzintzunzan and Jalapa de D\u00edaz.<\/p>","protected":false},"featured_media":3978,"comment_status":"closed","ping_status":"closed","template":"","meta":[],"product_brand":[],"product_cat":[294],"product_tag":[],"class_list":{"0":"post-5201","1":"product","2":"type-product","3":"status-publish","4":"has-post-thumbnail","6":"product_cat-talleres-artesania-mexicana","8":"first","9":"instock","10":"virtual","11":"purchasable","12":"product-type-simple"},"yoast_head":"<!-- This site is optimized with the Yoast SEO plugin v27.3 - https:\/\/yoast.com\/product\/yoast-seo-wordpress\/ -->\n<title>Taller Bordados MexicanosS\u00c1BADO 08.11.2025 - Enraizarte<\/title>\n<meta name=\"description\" content=\"Un taller pr\u00e1ctico-te\u00f3rico donde practicaremos las puntadas m\u00e1s utilizadas en el bordado de distintas regiones de M\u00e9xico: Zinacant\u00e1n, Chamula, Tzintzunzan y Jalapa de D\u00edaz.\" \/>\n<meta name=\"robots\" content=\"index, follow, max-snippet:-1, max-image-preview:large, max-video-preview:-1\" \/>\n<link rel=\"canonical\" href=\"https:\/\/enraizarte.es\/en\/product\/taller-bordados-mexicanos-sabado-08-11-2025\/\" \/>\n<meta property=\"og:locale\" content=\"en_GB\" \/>\n<meta property=\"og:type\" content=\"article\" \/>\n<meta property=\"og:title\" content=\"Taller Bordados MexicanosS\u00c1BADO 08.11.2025 - Enraizarte\" \/>\n<meta property=\"og:description\" content=\"Un taller pr\u00e1ctico-te\u00f3rico donde practicaremos las puntadas m\u00e1s utilizadas en el bordado de distintas regiones de M\u00e9xico: Zinacant\u00e1n, Chamula, Tzintzunzan y Jalapa de D\u00edaz.\" \/>\n<meta property=\"og:url\" content=\"https:\/\/enraizarte.es\/en\/product\/taller-bordados-mexicanos-sabado-08-11-2025\/\" \/>\n<meta property=\"og:site_name\" content=\"Enraizarte\" \/>\n<meta property=\"article:publisher\" content=\"https:\/\/www.facebook.com\/enraizartemex\" \/>\n<meta property=\"article:modified_time\" content=\"2026-04-06T08:56:38+00:00\" \/>\n<meta property=\"og:image\" content=\"https:\/\/enraizarte.es\/wp-content\/uploads\/taller_bordados_mexicanos.webp\" \/>\n\t<meta property=\"og:image:width\" content=\"2031\" \/>\n\t<meta property=\"og:image:height\" content=\"2031\" \/>\n\t<meta property=\"og:image:type\" content=\"image\/webp\" \/>\n<meta name=\"twitter:card\" content=\"summary_large_image\" \/>\n<meta name=\"twitter:label1\" content=\"Estimated reading time\" \/>\n\t<meta name=\"twitter:data1\" content=\"1 minute\" \/>\n<script type=\"application\/ld+json\" class=\"yoast-schema-graph\">{\"@context\":\"https:\\\/\\\/schema.org\",\"@graph\":[{\"@type\":\"WebPage\",\"@id\":\"https:\\\/\\\/enraizarte.es\\\/producto\\\/taller-bordados-mexicanos-sabado-08-11-2025\\\/\",\"url\":\"https:\\\/\\\/enraizarte.es\\\/producto\\\/taller-bordados-mexicanos-sabado-08-11-2025\\\/\",\"name\":\"Taller Bordados Mexicanos S\u00c1BADO 08.11.2025 - Enraizarte\",\"isPartOf\":{\"@id\":\"https:\\\/\\\/enraizarte.es\\\/#website\"},\"primaryImageOfPage\":{\"@id\":\"https:\\\/\\\/enraizarte.es\\\/producto\\\/taller-bordados-mexicanos-sabado-08-11-2025\\\/#primaryimage\"},\"image\":{\"@id\":\"https:\\\/\\\/enraizarte.es\\\/producto\\\/taller-bordados-mexicanos-sabado-08-11-2025\\\/#primaryimage\"},\"thumbnailUrl\":\"https:\\\/\\\/enraizarte.es\\\/wp-content\\\/uploads\\\/taller_bordados_mexicanos.webp\",\"datePublished\":\"2025-09-09T16:31:28+00:00\",\"dateModified\":\"2026-04-06T08:56:38+00:00\",\"description\":\"Un taller pr\u00e1ctico-te\u00f3rico donde practicaremos las puntadas m\u00e1s utilizadas en el bordado de distintas regiones de M\u00e9xico: Zinacant\u00e1n, Chamula, Tzintzunzan y Jalapa de D\u00edaz.\",\"breadcrumb\":{\"@id\":\"https:\\\/\\\/enraizarte.es\\\/producto\\\/taller-bordados-mexicanos-sabado-08-11-2025\\\/#breadcrumb\"},\"inLanguage\":\"en-GB\",\"potentialAction\":[{\"@type\":\"ReadAction\",\"target\":[\"https:\\\/\\\/enraizarte.es\\\/producto\\\/taller-bordados-mexicanos-sabado-08-11-2025\\\/\"]}]},{\"@type\":\"ImageObject\",\"inLanguage\":\"en-GB\",\"@id\":\"https:\\\/\\\/enraizarte.es\\\/producto\\\/taller-bordados-mexicanos-sabado-08-11-2025\\\/#primaryimage\",\"url\":\"https:\\\/\\\/enraizarte.es\\\/wp-content\\\/uploads\\\/taller_bordados_mexicanos.webp\",\"contentUrl\":\"https:\\\/\\\/enraizarte.es\\\/wp-content\\\/uploads\\\/taller_bordados_mexicanos.webp\",\"width\":2031,\"height\":2031,\"caption\":\"Talleres de artesan\u00eda de bordados mexicanos tradicionales\"},{\"@type\":\"BreadcrumbList\",\"@id\":\"https:\\\/\\\/enraizarte.es\\\/producto\\\/taller-bordados-mexicanos-sabado-08-11-2025\\\/#breadcrumb\",\"itemListElement\":[{\"@type\":\"ListItem\",\"position\":1,\"name\":\"Portada\",\"item\":\"https:\\\/\\\/enraizarte.es\\\/\"},{\"@type\":\"ListItem\",\"position\":2,\"name\":\"Tienda\",\"item\":\"https:\\\/\\\/enraizarte.es\\\/tienda\\\/\"},{\"@type\":\"ListItem\",\"position\":3,\"name\":\"Taller Bordados MexicanosS\u00c1BADO 08.11.2025\"}]},{\"@type\":\"WebSite\",\"@id\":\"https:\\\/\\\/enraizarte.es\\\/#website\",\"url\":\"https:\\\/\\\/enraizarte.es\\\/\",\"name\":\"Enraizarte\",\"description\":\"Artesan\u00eda mexicana, talleres de artesan\u00eda y regalos originales\",\"publisher\":{\"@id\":\"https:\\\/\\\/enraizarte.es\\\/#organization\"},\"potentialAction\":[{\"@type\":\"SearchAction\",\"target\":{\"@type\":\"EntryPoint\",\"urlTemplate\":\"https:\\\/\\\/enraizarte.es\\\/?s={search_term_string}\"},\"query-input\":{\"@type\":\"PropertyValueSpecification\",\"valueRequired\":true,\"valueName\":\"search_term_string\"}}],\"inLanguage\":\"en-GB\"},{\"@type\":\"Organization\",\"@id\":\"https:\\\/\\\/enraizarte.es\\\/#organization\",\"name\":\"Enraizarte Tienda de artesan\u00eda mexicana en Madrir\",\"url\":\"https:\\\/\\\/enraizarte.es\\\/\",\"logo\":{\"@type\":\"ImageObject\",\"inLanguage\":\"en-GB\",\"@id\":\"https:\\\/\\\/enraizarte.es\\\/#\\\/schema\\\/logo\\\/image\\\/\",\"url\":\"https:\\\/\\\/enraizarte.es\\\/wp-content\\\/uploads\\\/enraizarte-artesania-mexicana.svg\",\"contentUrl\":\"https:\\\/\\\/enraizarte.es\\\/wp-content\\\/uploads\\\/enraizarte-artesania-mexicana.svg\",\"width\":406,\"height\":111,\"caption\":\"Enraizarte Tienda de artesan\u00eda mexicana en Madrir\"},\"image\":{\"@id\":\"https:\\\/\\\/enraizarte.es\\\/#\\\/schema\\\/logo\\\/image\\\/\"},\"sameAs\":[\"https:\\\/\\\/www.facebook.com\\\/enraizartemex\",\"https:\\\/\\\/www.instagram.com\\\/enraizartemex\\\/\"]}]}<\/script>\n<!-- \/ Yoast SEO plugin. -->","yoast_head_json":{"title":"Taller Bordados MexicanosS\u00c1BADO 08.11.2025 - Enraizarte","description":"A practical-theoretical workshop where we will practice the most commonly used stitches in embroidery from different regions of Mexico: Zinacant\u00e1n, Chamula, Tzintzunzan and Jalapa de D\u00edaz.","robots":{"index":"index","follow":"follow","max-snippet":"max-snippet:-1","max-image-preview":"max-image-preview:large","max-video-preview":"max-video-preview:-1"},"canonical":"https:\/\/enraizarte.es\/en\/product\/taller-bordados-mexicanos-sabado-08-11-2025\/","og_locale":"en_GB","og_type":"article","og_title":"Taller Bordados MexicanosS\u00c1BADO 08.11.2025 - Enraizarte","og_description":"Un taller pr\u00e1ctico-te\u00f3rico donde practicaremos las puntadas m\u00e1s utilizadas en el bordado de distintas regiones de M\u00e9xico: Zinacant\u00e1n, Chamula, Tzintzunzan y Jalapa de D\u00edaz.","og_url":"https:\/\/enraizarte.es\/en\/product\/taller-bordados-mexicanos-sabado-08-11-2025\/","og_site_name":"Enraizarte","article_publisher":"https:\/\/www.facebook.com\/enraizartemex","article_modified_time":"2026-04-06T08:56:38+00:00","og_image":[{"width":2031,"height":2031,"url":"https:\/\/enraizarte.es\/wp-content\/uploads\/taller_bordados_mexicanos.webp","type":"image\/webp"}],"twitter_card":"summary_large_image","twitter_misc":{"Estimated reading time":"1 minute"},"schema":{"@context":"https:\/\/schema.org","@graph":[{"@type":"WebPage","@id":"https:\/\/enraizarte.es\/producto\/taller-bordados-mexicanos-sabado-08-11-2025\/","url":"https:\/\/enraizarte.es\/producto\/taller-bordados-mexicanos-sabado-08-11-2025\/","name":"Taller Bordados Mexicanos S\u00c1BADO 08.11.2025 - Enraizarte","isPartOf":{"@id":"https:\/\/enraizarte.es\/#website"},"primaryImageOfPage":{"@id":"https:\/\/enraizarte.es\/producto\/taller-bordados-mexicanos-sabado-08-11-2025\/#primaryimage"},"image":{"@id":"https:\/\/enraizarte.es\/producto\/taller-bordados-mexicanos-sabado-08-11-2025\/#primaryimage"},"thumbnailUrl":"https:\/\/enraizarte.es\/wp-content\/uploads\/taller_bordados_mexicanos.webp","datePublished":"2025-09-09T16:31:28+00:00","dateModified":"2026-04-06T08:56:38+00:00","description":"A practical-theoretical workshop where we will practice the most commonly used stitches in embroidery from different regions of Mexico: Zinacant\u00e1n, Chamula, Tzintzunzan and Jalapa de D\u00edaz.","breadcrumb":{"@id":"https:\/\/enraizarte.es\/producto\/taller-bordados-mexicanos-sabado-08-11-2025\/#breadcrumb"},"inLanguage":"en-GB","potentialAction":[{"@type":"ReadAction","target":["https:\/\/enraizarte.es\/producto\/taller-bordados-mexicanos-sabado-08-11-2025\/"]}]},{"@type":"ImageObject","inLanguage":"en-GB","@id":"https:\/\/enraizarte.es\/producto\/taller-bordados-mexicanos-sabado-08-11-2025\/#primaryimage","url":"https:\/\/enraizarte.es\/wp-content\/uploads\/taller_bordados_mexicanos.webp","contentUrl":"https:\/\/enraizarte.es\/wp-content\/uploads\/taller_bordados_mexicanos.webp","width":2031,"height":2031,"caption":"Talleres de artesan\u00eda de bordados mexicanos tradicionales"},{"@type":"BreadcrumbList","@id":"https:\/\/enraizarte.es\/producto\/taller-bordados-mexicanos-sabado-08-11-2025\/#breadcrumb","itemListElement":[{"@type":"ListItem","position":1,"name":"Portada","item":"https:\/\/enraizarte.es\/"},{"@type":"ListItem","position":2,"name":"Tienda","item":"https:\/\/enraizarte.es\/tienda\/"},{"@type":"ListItem","position":3,"name":"Taller Bordados MexicanosS\u00c1BADO 08.11.2025"}]},{"@type":"WebSite","@id":"https:\/\/enraizarte.es\/#website","url":"https:\/\/enraizarte.es\/","name":"Enraizarte","description":"Mexican crafts, craft workshops and original gifts","publisher":{"@id":"https:\/\/enraizarte.es\/#organization"},"potentialAction":[{"@type":"SearchAction","target":{"@type":"EntryPoint","urlTemplate":"https:\/\/enraizarte.es\/?s={search_term_string}"},"query-input":{"@type":"PropertyValueSpecification","valueRequired":true,"valueName":"search_term_string"}}],"inLanguage":"en-GB"},{"@type":"Organization","@id":"https:\/\/enraizarte.es\/#organization","name":"Enraizarte Mexican crafts store in Madrid","url":"https:\/\/enraizarte.es\/","logo":{"@type":"ImageObject","inLanguage":"en-GB","@id":"https:\/\/enraizarte.es\/#\/schema\/logo\/image\/","url":"https:\/\/enraizarte.es\/wp-content\/uploads\/enraizarte-artesania-mexicana.svg","contentUrl":"https:\/\/enraizarte.es\/wp-content\/uploads\/enraizarte-artesania-mexicana.svg","width":406,"height":111,"caption":"Enraizarte Tienda de artesan\u00eda mexicana en Madrir"},"image":{"@id":"https:\/\/enraizarte.es\/#\/schema\/logo\/image\/"},"sameAs":["https:\/\/www.facebook.com\/enraizartemex","https:\/\/www.instagram.com\/enraizartemex\/"]}]}},"_links":{"self":[{"href":"https:\/\/enraizarte.es\/en\/wp-json\/wp\/v2\/product\/5201","targetHints":{"allow":["GET"]}}],"collection":[{"href":"https:\/\/enraizarte.es\/en\/wp-json\/wp\/v2\/product"}],"about":[{"href":"https:\/\/enraizarte.es\/en\/wp-json\/wp\/v2\/types\/product"}],"replies":[{"embeddable":true,"href":"https:\/\/enraizarte.es\/en\/wp-json\/wp\/v2\/comments?post=5201"}],"wp:featuredmedia":[{"embeddable":true,"href":"https:\/\/enraizarte.es\/en\/wp-json\/wp\/v2\/media\/3978"}],"wp:attachment":[{"href":"https:\/\/enraizarte.es\/en\/wp-json\/wp\/v2\/media?parent=5201"}],"wp:term":[{"taxonomy":"product_brand","embeddable":true,"href":"https:\/\/enraizarte.es\/en\/wp-json\/wp\/v2\/product_brand?post=5201"},{"taxonomy":"product_cat","embeddable":true,"href":"https:\/\/enraizarte.es\/en\/wp-json\/wp\/v2\/product_cat?post=5201"},{"taxonomy":"product_tag","embeddable":true,"href":"https:\/\/enraizarte.es\/en\/wp-json\/wp\/v2\/product_tag?post=5201"}],"curies":[{"name":"wp","href":"https:\/\/api.w.org\/{rel}","templated":true}]}}