{"id":5381,"date":"2025-10-16T15:33:16","date_gmt":"2025-10-16T15:33:16","guid":{"rendered":"https:\/\/enraizarte.es\/?post_type=product&#038;p=5381"},"modified":"2025-10-16T15:33:16","modified_gmt":"2025-10-16T15:33:16","slug":"arbol-de-la-vida-la-catrina","status":"publish","type":"product","link":"https:\/\/enraizarte.es\/en\/product\/arbol-de-la-vida-la-catrina\/","title":{"rendered":"Tree of Life \u201cLa Catrina\u201d"},"content":{"rendered":"","protected":false},"excerpt":{"rendered":"<p>Tree of Life inspired by La Catrina. Crafted entirely by hand, this piece combines marigold flowers, detailed leaves, and decorative skulls, evoking joy and respect for our roots. A unique piece, perfect for decorating your home, altar, office, or collection space.<\/p>\n<p><strong>Origin:<\/strong> State of Mexico<\/p>\n<p><strong>Measures:<\/strong> 37 x 15 x 40 cm<\/p>","protected":false},"featured_media":5382,"comment_status":"closed","ping_status":"closed","template":"","meta":[],"product_brand":[],"product_cat":[15],"product_tag":[307,260,247],"class_list":{"0":"post-5381","1":"product","2":"type-product","3":"status-publish","4":"has-post-thumbnail","6":"product_cat-ceramica-mexicana","7":"product_tag-arbol-de-la-vida","8":"product_tag-candelero","9":"product_tag-ceramica","11":"first","12":"instock","13":"sold-individually","14":"shipping-taxable","15":"purchasable","16":"product-type-simple"},"yoast_head":"<!-- This site is optimized with the Yoast SEO plugin v27.3 - https:\/\/yoast.com\/product\/yoast-seo-wordpress\/ -->\n<title>\u00c1rbol de la vida &quot;La Catrina&quot; - Enraizarte<\/title>\n<meta name=\"robots\" content=\"index, follow, max-snippet:-1, max-image-preview:large, max-video-preview:-1\" \/>\n<link rel=\"canonical\" href=\"https:\/\/enraizarte.es\/en\/product\/arbol-de-la-vida-la-catrina\/\" \/>\n<meta property=\"og:locale\" content=\"en_GB\" \/>\n<meta property=\"og:type\" content=\"article\" \/>\n<meta property=\"og:title\" content=\"\u00c1rbol de la vida &quot;La Catrina&quot; - Enraizarte\" \/>\n<meta property=\"og:description\" content=\"\u00c1rbol de la Vida inspirado en La Catrina. Elaborado completamente a mano, esta pieza combina flores de cempas\u00fachil, hojas detalladas y calaveras decorativas, que evocan la alegr\u00eda y el respeto por nuestras ra\u00edces. Una pieza \u00fanica, perfecta para decorar tu hogar, altar, oficina o espacio de colecci\u00f3n  Origen: Estado de M\u00e9xico  Medidas: 37 x 15 x 40 cm\" \/>\n<meta property=\"og:url\" content=\"https:\/\/enraizarte.es\/en\/product\/arbol-de-la-vida-la-catrina\/\" \/>\n<meta property=\"og:site_name\" content=\"Enraizarte\" \/>\n<meta property=\"article:publisher\" content=\"https:\/\/www.facebook.com\/enraizartemex\" \/>\n<meta property=\"og:image\" content=\"https:\/\/enraizarte.es\/wp-content\/uploads\/3_3_11zon-1.webp\" \/>\n\t<meta property=\"og:image:width\" content=\"2048\" \/>\n\t<meta property=\"og:image:height\" content=\"2048\" \/>\n\t<meta property=\"og:image:type\" content=\"image\/webp\" \/>\n<meta name=\"twitter:card\" content=\"summary_large_image\" \/>\n<meta name=\"twitter:label1\" content=\"Estimated reading time\" \/>\n\t<meta name=\"twitter:data1\" content=\"1 minute\" \/>\n<script type=\"application\/ld+json\" class=\"yoast-schema-graph\">{\"@context\":\"https:\\\/\\\/schema.org\",\"@graph\":[{\"@type\":\"WebPage\",\"@id\":\"https:\\\/\\\/enraizarte.es\\\/producto\\\/arbol-de-la-vida-la-catrina\\\/\",\"url\":\"https:\\\/\\\/enraizarte.es\\\/producto\\\/arbol-de-la-vida-la-catrina\\\/\",\"name\":\"\u00c1rbol de la vida \\\"La Catrina\\\" - Enraizarte\",\"isPartOf\":{\"@id\":\"https:\\\/\\\/enraizarte.es\\\/#website\"},\"primaryImageOfPage\":{\"@id\":\"https:\\\/\\\/enraizarte.es\\\/producto\\\/arbol-de-la-vida-la-catrina\\\/#primaryimage\"},\"image\":{\"@id\":\"https:\\\/\\\/enraizarte.es\\\/producto\\\/arbol-de-la-vida-la-catrina\\\/#primaryimage\"},\"thumbnailUrl\":\"https:\\\/\\\/enraizarte.es\\\/wp-content\\\/uploads\\\/3_3_11zon-1.webp\",\"datePublished\":\"2025-10-16T15:33:16+00:00\",\"breadcrumb\":{\"@id\":\"https:\\\/\\\/enraizarte.es\\\/producto\\\/arbol-de-la-vida-la-catrina\\\/#breadcrumb\"},\"inLanguage\":\"en-GB\",\"potentialAction\":[{\"@type\":\"ReadAction\",\"target\":[\"https:\\\/\\\/enraizarte.es\\\/producto\\\/arbol-de-la-vida-la-catrina\\\/\"]}]},{\"@type\":\"ImageObject\",\"inLanguage\":\"en-GB\",\"@id\":\"https:\\\/\\\/enraizarte.es\\\/producto\\\/arbol-de-la-vida-la-catrina\\\/#primaryimage\",\"url\":\"https:\\\/\\\/enraizarte.es\\\/wp-content\\\/uploads\\\/3_3_11zon-1.webp\",\"contentUrl\":\"https:\\\/\\\/enraizarte.es\\\/wp-content\\\/uploads\\\/3_3_11zon-1.webp\",\"width\":2048,\"height\":2048},{\"@type\":\"BreadcrumbList\",\"@id\":\"https:\\\/\\\/enraizarte.es\\\/producto\\\/arbol-de-la-vida-la-catrina\\\/#breadcrumb\",\"itemListElement\":[{\"@type\":\"ListItem\",\"position\":1,\"name\":\"Portada\",\"item\":\"https:\\\/\\\/enraizarte.es\\\/\"},{\"@type\":\"ListItem\",\"position\":2,\"name\":\"Tienda\",\"item\":\"https:\\\/\\\/enraizarte.es\\\/tienda\\\/\"},{\"@type\":\"ListItem\",\"position\":3,\"name\":\"\u00c1rbol de la vida &#8220;La Catrina&#8221;\"}]},{\"@type\":\"WebSite\",\"@id\":\"https:\\\/\\\/enraizarte.es\\\/#website\",\"url\":\"https:\\\/\\\/enraizarte.es\\\/\",\"name\":\"Enraizarte\",\"description\":\"Artesan\u00eda mexicana, talleres de artesan\u00eda y regalos originales\",\"publisher\":{\"@id\":\"https:\\\/\\\/enraizarte.es\\\/#organization\"},\"potentialAction\":[{\"@type\":\"SearchAction\",\"target\":{\"@type\":\"EntryPoint\",\"urlTemplate\":\"https:\\\/\\\/enraizarte.es\\\/?s={search_term_string}\"},\"query-input\":{\"@type\":\"PropertyValueSpecification\",\"valueRequired\":true,\"valueName\":\"search_term_string\"}}],\"inLanguage\":\"en-GB\"},{\"@type\":\"Organization\",\"@id\":\"https:\\\/\\\/enraizarte.es\\\/#organization\",\"name\":\"Enraizarte Tienda de artesan\u00eda mexicana en Madrir\",\"url\":\"https:\\\/\\\/enraizarte.es\\\/\",\"logo\":{\"@type\":\"ImageObject\",\"inLanguage\":\"en-GB\",\"@id\":\"https:\\\/\\\/enraizarte.es\\\/#\\\/schema\\\/logo\\\/image\\\/\",\"url\":\"https:\\\/\\\/enraizarte.es\\\/wp-content\\\/uploads\\\/enraizarte-artesania-mexicana.svg\",\"contentUrl\":\"https:\\\/\\\/enraizarte.es\\\/wp-content\\\/uploads\\\/enraizarte-artesania-mexicana.svg\",\"width\":406,\"height\":111,\"caption\":\"Enraizarte Tienda de artesan\u00eda mexicana en Madrir\"},\"image\":{\"@id\":\"https:\\\/\\\/enraizarte.es\\\/#\\\/schema\\\/logo\\\/image\\\/\"},\"sameAs\":[\"https:\\\/\\\/www.facebook.com\\\/enraizartemex\",\"https:\\\/\\\/www.instagram.com\\\/enraizartemex\\\/\"]}]}<\/script>\n<!-- \/ Yoast SEO plugin. -->","yoast_head_json":{"title":"\u00c1rbol de la vida \"La Catrina\" - Enraizarte","robots":{"index":"index","follow":"follow","max-snippet":"max-snippet:-1","max-image-preview":"max-image-preview:large","max-video-preview":"max-video-preview:-1"},"canonical":"https:\/\/enraizarte.es\/en\/product\/arbol-de-la-vida-la-catrina\/","og_locale":"en_GB","og_type":"article","og_title":"\u00c1rbol de la vida \"La Catrina\" - Enraizarte","og_description":"\u00c1rbol de la Vida inspirado en La Catrina. Elaborado completamente a mano, esta pieza combina flores de cempas\u00fachil, hojas detalladas y calaveras decorativas, que evocan la alegr\u00eda y el respeto por nuestras ra\u00edces. Una pieza \u00fanica, perfecta para decorar tu hogar, altar, oficina o espacio de colecci\u00f3n  Origen: Estado de M\u00e9xico  Medidas: 37 x 15 x 40 cm","og_url":"https:\/\/enraizarte.es\/en\/product\/arbol-de-la-vida-la-catrina\/","og_site_name":"Enraizarte","article_publisher":"https:\/\/www.facebook.com\/enraizartemex","og_image":[{"width":2048,"height":2048,"url":"https:\/\/enraizarte.es\/wp-content\/uploads\/3_3_11zon-1.webp","type":"image\/webp"}],"twitter_card":"summary_large_image","twitter_misc":{"Estimated reading time":"1 minute"},"schema":{"@context":"https:\/\/schema.org","@graph":[{"@type":"WebPage","@id":"https:\/\/enraizarte.es\/producto\/arbol-de-la-vida-la-catrina\/","url":"https:\/\/enraizarte.es\/producto\/arbol-de-la-vida-la-catrina\/","name":"\u00c1rbol de la vida \"La Catrina\" - Enraizarte","isPartOf":{"@id":"https:\/\/enraizarte.es\/#website"},"primaryImageOfPage":{"@id":"https:\/\/enraizarte.es\/producto\/arbol-de-la-vida-la-catrina\/#primaryimage"},"image":{"@id":"https:\/\/enraizarte.es\/producto\/arbol-de-la-vida-la-catrina\/#primaryimage"},"thumbnailUrl":"https:\/\/enraizarte.es\/wp-content\/uploads\/3_3_11zon-1.webp","datePublished":"2025-10-16T15:33:16+00:00","breadcrumb":{"@id":"https:\/\/enraizarte.es\/producto\/arbol-de-la-vida-la-catrina\/#breadcrumb"},"inLanguage":"en-GB","potentialAction":[{"@type":"ReadAction","target":["https:\/\/enraizarte.es\/producto\/arbol-de-la-vida-la-catrina\/"]}]},{"@type":"ImageObject","inLanguage":"en-GB","@id":"https:\/\/enraizarte.es\/producto\/arbol-de-la-vida-la-catrina\/#primaryimage","url":"https:\/\/enraizarte.es\/wp-content\/uploads\/3_3_11zon-1.webp","contentUrl":"https:\/\/enraizarte.es\/wp-content\/uploads\/3_3_11zon-1.webp","width":2048,"height":2048},{"@type":"BreadcrumbList","@id":"https:\/\/enraizarte.es\/producto\/arbol-de-la-vida-la-catrina\/#breadcrumb","itemListElement":[{"@type":"ListItem","position":1,"name":"Portada","item":"https:\/\/enraizarte.es\/"},{"@type":"ListItem","position":2,"name":"Tienda","item":"https:\/\/enraizarte.es\/tienda\/"},{"@type":"ListItem","position":3,"name":"\u00c1rbol de la vida &#8220;La Catrina&#8221;"}]},{"@type":"WebSite","@id":"https:\/\/enraizarte.es\/#website","url":"https:\/\/enraizarte.es\/","name":"Enraizarte","description":"Mexican crafts, craft workshops and original gifts","publisher":{"@id":"https:\/\/enraizarte.es\/#organization"},"potentialAction":[{"@type":"SearchAction","target":{"@type":"EntryPoint","urlTemplate":"https:\/\/enraizarte.es\/?s={search_term_string}"},"query-input":{"@type":"PropertyValueSpecification","valueRequired":true,"valueName":"search_term_string"}}],"inLanguage":"en-GB"},{"@type":"Organization","@id":"https:\/\/enraizarte.es\/#organization","name":"Enraizarte Mexican crafts store in Madrid","url":"https:\/\/enraizarte.es\/","logo":{"@type":"ImageObject","inLanguage":"en-GB","@id":"https:\/\/enraizarte.es\/#\/schema\/logo\/image\/","url":"https:\/\/enraizarte.es\/wp-content\/uploads\/enraizarte-artesania-mexicana.svg","contentUrl":"https:\/\/enraizarte.es\/wp-content\/uploads\/enraizarte-artesania-mexicana.svg","width":406,"height":111,"caption":"Enraizarte Tienda de artesan\u00eda mexicana en Madrir"},"image":{"@id":"https:\/\/enraizarte.es\/#\/schema\/logo\/image\/"},"sameAs":["https:\/\/www.facebook.com\/enraizartemex","https:\/\/www.instagram.com\/enraizartemex\/"]}]}},"_links":{"self":[{"href":"https:\/\/enraizarte.es\/en\/wp-json\/wp\/v2\/product\/5381","targetHints":{"allow":["GET"]}}],"collection":[{"href":"https:\/\/enraizarte.es\/en\/wp-json\/wp\/v2\/product"}],"about":[{"href":"https:\/\/enraizarte.es\/en\/wp-json\/wp\/v2\/types\/product"}],"replies":[{"embeddable":true,"href":"https:\/\/enraizarte.es\/en\/wp-json\/wp\/v2\/comments?post=5381"}],"wp:featuredmedia":[{"embeddable":true,"href":"https:\/\/enraizarte.es\/en\/wp-json\/wp\/v2\/media\/5382"}],"wp:attachment":[{"href":"https:\/\/enraizarte.es\/en\/wp-json\/wp\/v2\/media?parent=5381"}],"wp:term":[{"taxonomy":"product_brand","embeddable":true,"href":"https:\/\/enraizarte.es\/en\/wp-json\/wp\/v2\/product_brand?post=5381"},{"taxonomy":"product_cat","embeddable":true,"href":"https:\/\/enraizarte.es\/en\/wp-json\/wp\/v2\/product_cat?post=5381"},{"taxonomy":"product_tag","embeddable":true,"href":"https:\/\/enraizarte.es\/en\/wp-json\/wp\/v2\/product_tag?post=5381"}],"curies":[{"name":"wp","href":"https:\/\/api.w.org\/{rel}","templated":true}]}}