{"id":5547,"date":"2025-11-17T18:35:44","date_gmt":"2025-11-17T18:35:44","guid":{"rendered":"https:\/\/enraizarte.es\/?post_type=product&#038;p=5547"},"modified":"2026-01-13T16:38:26","modified_gmt":"2026-01-13T16:38:26","slug":"belen-corazon-colgante","status":"publish","type":"product","link":"https:\/\/enraizarte.es\/en\/product\/belen-corazon-colgante\/","title":{"rendered":"Hanging heart Bethlehem"},"content":{"rendered":"","protected":false},"excerpt":{"rendered":"<p>Nativity scene with a ceramic heart.<\/p>\n<p>Dimensions: 26 x 4 x 20 cm<\/p>","protected":false},"featured_media":5548,"comment_status":"closed","ping_status":"closed","template":"","meta":[],"product_brand":[],"product_cat":[15],"product_tag":[302,312,247,263],"class_list":{"0":"post-5547","1":"product","2":"type-product","3":"status-publish","4":"has-post-thumbnail","6":"product_cat-ceramica-mexicana","7":"product_tag-adorno-de-pared","8":"product_tag-belen","9":"product_tag-ceramica","10":"product_tag-corazon","12":"first","13":"instock","14":"sale","15":"sold-individually","16":"shipping-taxable","17":"purchasable","18":"product-type-variable","19":"rtwpvg-product"},"yoast_head":"<!-- This site is optimized with the Yoast SEO plugin v27.3 - https:\/\/yoast.com\/product\/yoast-seo-wordpress\/ -->\n<title>Bel\u00e9n coraz\u00f3n colgante - Enraizarte<\/title>\n<meta name=\"robots\" content=\"index, follow, max-snippet:-1, max-image-preview:large, max-video-preview:-1\" \/>\n<link rel=\"canonical\" href=\"https:\/\/enraizarte.es\/en\/product\/belen-corazon-colgante\/\" \/>\n<meta property=\"og:locale\" content=\"en_GB\" \/>\n<meta property=\"og:type\" content=\"article\" \/>\n<meta property=\"og:title\" content=\"Bel\u00e9n coraz\u00f3n colgante - Enraizarte\" \/>\n<meta property=\"og:description\" content=\"B\u00e9len coraz\u00f3n colante de cer\u00e1mica.  Medidas: 26 x 4 x 20 cm\" \/>\n<meta property=\"og:url\" content=\"https:\/\/enraizarte.es\/en\/product\/belen-corazon-colgante\/\" \/>\n<meta property=\"og:site_name\" content=\"Enraizarte\" \/>\n<meta property=\"article:publisher\" content=\"https:\/\/www.facebook.com\/enraizartemex\" \/>\n<meta property=\"article:modified_time\" content=\"2026-01-13T16:38:26+00:00\" \/>\n<meta property=\"og:image\" content=\"https:\/\/enraizarte.es\/wp-content\/uploads\/38_20_11zon.webp\" \/>\n\t<meta property=\"og:image:width\" content=\"2048\" \/>\n\t<meta property=\"og:image:height\" content=\"2048\" \/>\n\t<meta property=\"og:image:type\" content=\"image\/webp\" \/>\n<meta name=\"twitter:card\" content=\"summary_large_image\" \/>\n<meta name=\"twitter:label1\" content=\"Estimated reading time\" \/>\n\t<meta name=\"twitter:data1\" content=\"1 minute\" \/>\n<script type=\"application\/ld+json\" class=\"yoast-schema-graph\">{\"@context\":\"https:\\\/\\\/schema.org\",\"@graph\":[{\"@type\":\"WebPage\",\"@id\":\"https:\\\/\\\/enraizarte.es\\\/producto\\\/belen-corazon-colgante\\\/\",\"url\":\"https:\\\/\\\/enraizarte.es\\\/producto\\\/belen-corazon-colgante\\\/\",\"name\":\"Bel\u00e9n coraz\u00f3n colgante - Enraizarte\",\"isPartOf\":{\"@id\":\"https:\\\/\\\/enraizarte.es\\\/#website\"},\"primaryImageOfPage\":{\"@id\":\"https:\\\/\\\/enraizarte.es\\\/producto\\\/belen-corazon-colgante\\\/#primaryimage\"},\"image\":{\"@id\":\"https:\\\/\\\/enraizarte.es\\\/producto\\\/belen-corazon-colgante\\\/#primaryimage\"},\"thumbnailUrl\":\"https:\\\/\\\/enraizarte.es\\\/wp-content\\\/uploads\\\/38_20_11zon.webp\",\"datePublished\":\"2025-11-17T18:35:44+00:00\",\"dateModified\":\"2026-01-13T16:38:26+00:00\",\"breadcrumb\":{\"@id\":\"https:\\\/\\\/enraizarte.es\\\/producto\\\/belen-corazon-colgante\\\/#breadcrumb\"},\"inLanguage\":\"en-GB\",\"potentialAction\":[{\"@type\":\"ReadAction\",\"target\":[\"https:\\\/\\\/enraizarte.es\\\/producto\\\/belen-corazon-colgante\\\/\"]}]},{\"@type\":\"ImageObject\",\"inLanguage\":\"en-GB\",\"@id\":\"https:\\\/\\\/enraizarte.es\\\/producto\\\/belen-corazon-colgante\\\/#primaryimage\",\"url\":\"https:\\\/\\\/enraizarte.es\\\/wp-content\\\/uploads\\\/38_20_11zon.webp\",\"contentUrl\":\"https:\\\/\\\/enraizarte.es\\\/wp-content\\\/uploads\\\/38_20_11zon.webp\",\"width\":2048,\"height\":2048},{\"@type\":\"BreadcrumbList\",\"@id\":\"https:\\\/\\\/enraizarte.es\\\/producto\\\/belen-corazon-colgante\\\/#breadcrumb\",\"itemListElement\":[{\"@type\":\"ListItem\",\"position\":1,\"name\":\"Portada\",\"item\":\"https:\\\/\\\/enraizarte.es\\\/\"},{\"@type\":\"ListItem\",\"position\":2,\"name\":\"Tienda\",\"item\":\"https:\\\/\\\/enraizarte.es\\\/tienda\\\/\"},{\"@type\":\"ListItem\",\"position\":3,\"name\":\"Bel\u00e9n coraz\u00f3n colgante\"}]},{\"@type\":\"WebSite\",\"@id\":\"https:\\\/\\\/enraizarte.es\\\/#website\",\"url\":\"https:\\\/\\\/enraizarte.es\\\/\",\"name\":\"Enraizarte\",\"description\":\"Artesan\u00eda mexicana, talleres de artesan\u00eda y regalos originales\",\"publisher\":{\"@id\":\"https:\\\/\\\/enraizarte.es\\\/#organization\"},\"potentialAction\":[{\"@type\":\"SearchAction\",\"target\":{\"@type\":\"EntryPoint\",\"urlTemplate\":\"https:\\\/\\\/enraizarte.es\\\/?s={search_term_string}\"},\"query-input\":{\"@type\":\"PropertyValueSpecification\",\"valueRequired\":true,\"valueName\":\"search_term_string\"}}],\"inLanguage\":\"en-GB\"},{\"@type\":\"Organization\",\"@id\":\"https:\\\/\\\/enraizarte.es\\\/#organization\",\"name\":\"Enraizarte Tienda de artesan\u00eda mexicana en Madrir\",\"url\":\"https:\\\/\\\/enraizarte.es\\\/\",\"logo\":{\"@type\":\"ImageObject\",\"inLanguage\":\"en-GB\",\"@id\":\"https:\\\/\\\/enraizarte.es\\\/#\\\/schema\\\/logo\\\/image\\\/\",\"url\":\"https:\\\/\\\/enraizarte.es\\\/wp-content\\\/uploads\\\/enraizarte-artesania-mexicana.svg\",\"contentUrl\":\"https:\\\/\\\/enraizarte.es\\\/wp-content\\\/uploads\\\/enraizarte-artesania-mexicana.svg\",\"width\":406,\"height\":111,\"caption\":\"Enraizarte Tienda de artesan\u00eda mexicana en Madrir\"},\"image\":{\"@id\":\"https:\\\/\\\/enraizarte.es\\\/#\\\/schema\\\/logo\\\/image\\\/\"},\"sameAs\":[\"https:\\\/\\\/www.facebook.com\\\/enraizartemex\",\"https:\\\/\\\/www.instagram.com\\\/enraizartemex\\\/\"]}]}<\/script>\n<!-- \/ Yoast SEO plugin. -->","yoast_head_json":{"title":"Bel\u00e9n coraz\u00f3n colgante - Enraizarte","robots":{"index":"index","follow":"follow","max-snippet":"max-snippet:-1","max-image-preview":"max-image-preview:large","max-video-preview":"max-video-preview:-1"},"canonical":"https:\/\/enraizarte.es\/en\/product\/belen-corazon-colgante\/","og_locale":"en_GB","og_type":"article","og_title":"Bel\u00e9n coraz\u00f3n colgante - Enraizarte","og_description":"B\u00e9len coraz\u00f3n colante de cer\u00e1mica.  Medidas: 26 x 4 x 20 cm","og_url":"https:\/\/enraizarte.es\/en\/product\/belen-corazon-colgante\/","og_site_name":"Enraizarte","article_publisher":"https:\/\/www.facebook.com\/enraizartemex","article_modified_time":"2026-01-13T16:38:26+00:00","og_image":[{"width":2048,"height":2048,"url":"https:\/\/enraizarte.es\/wp-content\/uploads\/38_20_11zon.webp","type":"image\/webp"}],"twitter_card":"summary_large_image","twitter_misc":{"Estimated reading time":"1 minute"},"schema":{"@context":"https:\/\/schema.org","@graph":[{"@type":"WebPage","@id":"https:\/\/enraizarte.es\/producto\/belen-corazon-colgante\/","url":"https:\/\/enraizarte.es\/producto\/belen-corazon-colgante\/","name":"Bel\u00e9n coraz\u00f3n colgante - Enraizarte","isPartOf":{"@id":"https:\/\/enraizarte.es\/#website"},"primaryImageOfPage":{"@id":"https:\/\/enraizarte.es\/producto\/belen-corazon-colgante\/#primaryimage"},"image":{"@id":"https:\/\/enraizarte.es\/producto\/belen-corazon-colgante\/#primaryimage"},"thumbnailUrl":"https:\/\/enraizarte.es\/wp-content\/uploads\/38_20_11zon.webp","datePublished":"2025-11-17T18:35:44+00:00","dateModified":"2026-01-13T16:38:26+00:00","breadcrumb":{"@id":"https:\/\/enraizarte.es\/producto\/belen-corazon-colgante\/#breadcrumb"},"inLanguage":"en-GB","potentialAction":[{"@type":"ReadAction","target":["https:\/\/enraizarte.es\/producto\/belen-corazon-colgante\/"]}]},{"@type":"ImageObject","inLanguage":"en-GB","@id":"https:\/\/enraizarte.es\/producto\/belen-corazon-colgante\/#primaryimage","url":"https:\/\/enraizarte.es\/wp-content\/uploads\/38_20_11zon.webp","contentUrl":"https:\/\/enraizarte.es\/wp-content\/uploads\/38_20_11zon.webp","width":2048,"height":2048},{"@type":"BreadcrumbList","@id":"https:\/\/enraizarte.es\/producto\/belen-corazon-colgante\/#breadcrumb","itemListElement":[{"@type":"ListItem","position":1,"name":"Portada","item":"https:\/\/enraizarte.es\/"},{"@type":"ListItem","position":2,"name":"Tienda","item":"https:\/\/enraizarte.es\/tienda\/"},{"@type":"ListItem","position":3,"name":"Bel\u00e9n coraz\u00f3n colgante"}]},{"@type":"WebSite","@id":"https:\/\/enraizarte.es\/#website","url":"https:\/\/enraizarte.es\/","name":"Enraizarte","description":"Mexican crafts, craft workshops and original gifts","publisher":{"@id":"https:\/\/enraizarte.es\/#organization"},"potentialAction":[{"@type":"SearchAction","target":{"@type":"EntryPoint","urlTemplate":"https:\/\/enraizarte.es\/?s={search_term_string}"},"query-input":{"@type":"PropertyValueSpecification","valueRequired":true,"valueName":"search_term_string"}}],"inLanguage":"en-GB"},{"@type":"Organization","@id":"https:\/\/enraizarte.es\/#organization","name":"Enraizarte Mexican crafts store in Madrid","url":"https:\/\/enraizarte.es\/","logo":{"@type":"ImageObject","inLanguage":"en-GB","@id":"https:\/\/enraizarte.es\/#\/schema\/logo\/image\/","url":"https:\/\/enraizarte.es\/wp-content\/uploads\/enraizarte-artesania-mexicana.svg","contentUrl":"https:\/\/enraizarte.es\/wp-content\/uploads\/enraizarte-artesania-mexicana.svg","width":406,"height":111,"caption":"Enraizarte Tienda de artesan\u00eda mexicana en Madrir"},"image":{"@id":"https:\/\/enraizarte.es\/#\/schema\/logo\/image\/"},"sameAs":["https:\/\/www.facebook.com\/enraizartemex","https:\/\/www.instagram.com\/enraizartemex\/"]}]}},"_links":{"self":[{"href":"https:\/\/enraizarte.es\/en\/wp-json\/wp\/v2\/product\/5547","targetHints":{"allow":["GET"]}}],"collection":[{"href":"https:\/\/enraizarte.es\/en\/wp-json\/wp\/v2\/product"}],"about":[{"href":"https:\/\/enraizarte.es\/en\/wp-json\/wp\/v2\/types\/product"}],"replies":[{"embeddable":true,"href":"https:\/\/enraizarte.es\/en\/wp-json\/wp\/v2\/comments?post=5547"}],"wp:featuredmedia":[{"embeddable":true,"href":"https:\/\/enraizarte.es\/en\/wp-json\/wp\/v2\/media\/5548"}],"wp:attachment":[{"href":"https:\/\/enraizarte.es\/en\/wp-json\/wp\/v2\/media?parent=5547"}],"wp:term":[{"taxonomy":"product_brand","embeddable":true,"href":"https:\/\/enraizarte.es\/en\/wp-json\/wp\/v2\/product_brand?post=5547"},{"taxonomy":"product_cat","embeddable":true,"href":"https:\/\/enraizarte.es\/en\/wp-json\/wp\/v2\/product_cat?post=5547"},{"taxonomy":"product_tag","embeddable":true,"href":"https:\/\/enraizarte.es\/en\/wp-json\/wp\/v2\/product_tag?post=5547"}],"curies":[{"name":"wp","href":"https:\/\/api.w.org\/{rel}","templated":true}]}}