{"id":5840,"date":"2025-12-30T09:25:08","date_gmt":"2025-12-30T09:25:08","guid":{"rendered":"https:\/\/enraizarte.es\/?post_type=product&#038;p=5840"},"modified":"2026-04-01T12:01:58","modified_gmt":"2026-04-01T12:01:58","slug":"decoracion-de-corazon-de-maderasabado-07-03-2026","status":"publish","type":"product","link":"https:\/\/enraizarte.es\/en\/product\/decoracion-de-corazon-de-maderasabado-07-03-2026\/","title":{"rendered":"Wooden heart decoration<br>SATURDAY 07.03.2026"},"content":{"rendered":"<p>Ven a pintar a pintar y decorar una pieza de artesan\u00eda al natural hecha en uno de nuestros talleres colaboradores en Mexico.<\/p>","protected":false},"excerpt":{"rendered":"<p>When making the reservation, you will pay <strong>30\u20ac<\/strong>, which will be deducted from the total price. The remainder must be paid on the day of the workshop.<\/p>\n<p>Opening times: <strong>10:30-14:30h<\/strong><br \/>\nPrice:\u00a0<strong>70 \u20ac<\/strong><br \/>\nInstructor:\u00a0<strong>Daniela<\/strong><br \/>\n*Includes all materials + coffee, tea and cookies.<\/p>\n<p>Within our Day of the Dead themed workshops we present this unique experience: you will paint a papier-m\u00e2ch\u00e9 catrina.\u00a0<strong>40 cm high<\/strong>, handmade by our founder and artist\u00a0<strong>Daniela Flores Mag\u00f3n<\/strong>.<\/p>","protected":false},"featured_media":5378,"comment_status":"closed","ping_status":"closed","template":"","meta":[],"product_brand":[],"product_cat":[294],"product_tag":[],"class_list":{"0":"post-5840","1":"product","2":"type-product","3":"status-publish","4":"has-post-thumbnail","6":"product_cat-talleres-artesania-mexicana","8":"first","9":"instock","10":"virtual","11":"purchasable","12":"product-type-simple"},"yoast_head":"<!-- This site is optimized with the Yoast SEO plugin v27.3 - https:\/\/yoast.com\/product\/yoast-seo-wordpress\/ -->\n<title>Decoraci\u00f3n de coraz\u00f3n de maderaS\u00c1BADO 07.03.2026 - Enraizarte<\/title>\n<meta name=\"description\" content=\"Ven a pintar a pintar y decorar una pieza de artesan\u00eda al natural hecha en uno de nuestros talleres colaboradores en Mexico.\" \/>\n<meta name=\"robots\" content=\"index, follow, max-snippet:-1, max-image-preview:large, max-video-preview:-1\" \/>\n<link rel=\"canonical\" href=\"https:\/\/enraizarte.es\/en\/product\/decoracion-de-corazon-de-maderasabado-07-03-2026\/\" \/>\n<meta property=\"og:locale\" content=\"en_GB\" \/>\n<meta property=\"og:type\" content=\"article\" \/>\n<meta property=\"og:title\" content=\"Decoraci\u00f3n de coraz\u00f3n de maderaS\u00c1BADO 07.03.2026 - Enraizarte\" \/>\n<meta property=\"og:description\" content=\"Ven a pintar a pintar y decorar una pieza de artesan\u00eda al natural hecha en uno de nuestros talleres colaboradores en Mexico.\" \/>\n<meta property=\"og:url\" content=\"https:\/\/enraizarte.es\/en\/product\/decoracion-de-corazon-de-maderasabado-07-03-2026\/\" \/>\n<meta property=\"og:site_name\" content=\"Enraizarte\" \/>\n<meta property=\"article:publisher\" content=\"https:\/\/www.facebook.com\/enraizartemex\" \/>\n<meta property=\"article:modified_time\" content=\"2026-04-01T12:01:58+00:00\" \/>\n<meta property=\"og:image\" content=\"https:\/\/enraizarte.es\/wp-content\/uploads\/Foto-de-Irakere-Lima_11zon.webp\" \/>\n\t<meta property=\"og:image:width\" content=\"2048\" \/>\n\t<meta property=\"og:image:height\" content=\"2011\" \/>\n\t<meta property=\"og:image:type\" content=\"image\/webp\" \/>\n<meta name=\"twitter:card\" content=\"summary_large_image\" \/>\n<meta name=\"twitter:label1\" content=\"Estimated reading time\" \/>\n\t<meta name=\"twitter:data1\" content=\"1 minute\" \/>\n<script type=\"application\/ld+json\" class=\"yoast-schema-graph\">{\"@context\":\"https:\\\/\\\/schema.org\",\"@graph\":[{\"@type\":\"WebPage\",\"@id\":\"https:\\\/\\\/enraizarte.es\\\/producto\\\/decoracion-de-corazon-de-maderasabado-07-03-2026\\\/\",\"url\":\"https:\\\/\\\/enraizarte.es\\\/producto\\\/decoracion-de-corazon-de-maderasabado-07-03-2026\\\/\",\"name\":\"Decoraci\u00f3n de coraz\u00f3n de madera S\u00c1BADO 07.03.2026 - Enraizarte\",\"isPartOf\":{\"@id\":\"https:\\\/\\\/enraizarte.es\\\/#website\"},\"primaryImageOfPage\":{\"@id\":\"https:\\\/\\\/enraizarte.es\\\/producto\\\/decoracion-de-corazon-de-maderasabado-07-03-2026\\\/#primaryimage\"},\"image\":{\"@id\":\"https:\\\/\\\/enraizarte.es\\\/producto\\\/decoracion-de-corazon-de-maderasabado-07-03-2026\\\/#primaryimage\"},\"thumbnailUrl\":\"https:\\\/\\\/enraizarte.es\\\/wp-content\\\/uploads\\\/Foto-de-Irakere-Lima_11zon.webp\",\"datePublished\":\"2025-12-30T09:25:08+00:00\",\"dateModified\":\"2026-04-01T12:01:58+00:00\",\"description\":\"Ven a pintar a pintar y decorar una pieza de artesan\u00eda al natural hecha en uno de nuestros talleres colaboradores en Mexico.\",\"breadcrumb\":{\"@id\":\"https:\\\/\\\/enraizarte.es\\\/producto\\\/decoracion-de-corazon-de-maderasabado-07-03-2026\\\/#breadcrumb\"},\"inLanguage\":\"en-GB\",\"potentialAction\":[{\"@type\":\"ReadAction\",\"target\":[\"https:\\\/\\\/enraizarte.es\\\/producto\\\/decoracion-de-corazon-de-maderasabado-07-03-2026\\\/\"]}]},{\"@type\":\"ImageObject\",\"inLanguage\":\"en-GB\",\"@id\":\"https:\\\/\\\/enraizarte.es\\\/producto\\\/decoracion-de-corazon-de-maderasabado-07-03-2026\\\/#primaryimage\",\"url\":\"https:\\\/\\\/enraizarte.es\\\/wp-content\\\/uploads\\\/Foto-de-Irakere-Lima_11zon.webp\",\"contentUrl\":\"https:\\\/\\\/enraizarte.es\\\/wp-content\\\/uploads\\\/Foto-de-Irakere-Lima_11zon.webp\",\"width\":2048,\"height\":2011},{\"@type\":\"BreadcrumbList\",\"@id\":\"https:\\\/\\\/enraizarte.es\\\/producto\\\/decoracion-de-corazon-de-maderasabado-07-03-2026\\\/#breadcrumb\",\"itemListElement\":[{\"@type\":\"ListItem\",\"position\":1,\"name\":\"Portada\",\"item\":\"https:\\\/\\\/enraizarte.es\\\/\"},{\"@type\":\"ListItem\",\"position\":2,\"name\":\"Tienda\",\"item\":\"https:\\\/\\\/enraizarte.es\\\/tienda\\\/\"},{\"@type\":\"ListItem\",\"position\":3,\"name\":\"Decoraci\u00f3n de coraz\u00f3n de maderaS\u00c1BADO 07.03.2026\"}]},{\"@type\":\"WebSite\",\"@id\":\"https:\\\/\\\/enraizarte.es\\\/#website\",\"url\":\"https:\\\/\\\/enraizarte.es\\\/\",\"name\":\"Enraizarte\",\"description\":\"Artesan\u00eda mexicana, talleres de artesan\u00eda y regalos originales\",\"publisher\":{\"@id\":\"https:\\\/\\\/enraizarte.es\\\/#organization\"},\"potentialAction\":[{\"@type\":\"SearchAction\",\"target\":{\"@type\":\"EntryPoint\",\"urlTemplate\":\"https:\\\/\\\/enraizarte.es\\\/?s={search_term_string}\"},\"query-input\":{\"@type\":\"PropertyValueSpecification\",\"valueRequired\":true,\"valueName\":\"search_term_string\"}}],\"inLanguage\":\"en-GB\"},{\"@type\":\"Organization\",\"@id\":\"https:\\\/\\\/enraizarte.es\\\/#organization\",\"name\":\"Enraizarte Tienda de artesan\u00eda mexicana en Madrir\",\"url\":\"https:\\\/\\\/enraizarte.es\\\/\",\"logo\":{\"@type\":\"ImageObject\",\"inLanguage\":\"en-GB\",\"@id\":\"https:\\\/\\\/enraizarte.es\\\/#\\\/schema\\\/logo\\\/image\\\/\",\"url\":\"https:\\\/\\\/enraizarte.es\\\/wp-content\\\/uploads\\\/enraizarte-artesania-mexicana.svg\",\"contentUrl\":\"https:\\\/\\\/enraizarte.es\\\/wp-content\\\/uploads\\\/enraizarte-artesania-mexicana.svg\",\"width\":406,\"height\":111,\"caption\":\"Enraizarte Tienda de artesan\u00eda mexicana en Madrir\"},\"image\":{\"@id\":\"https:\\\/\\\/enraizarte.es\\\/#\\\/schema\\\/logo\\\/image\\\/\"},\"sameAs\":[\"https:\\\/\\\/www.facebook.com\\\/enraizartemex\",\"https:\\\/\\\/www.instagram.com\\\/enraizartemex\\\/\"]}]}<\/script>\n<!-- \/ Yoast SEO plugin. -->","yoast_head_json":{"title":"Decoraci\u00f3n de coraz\u00f3n de maderaS\u00c1BADO 07.03.2026 - Enraizarte","description":"Ven a pintar a pintar y decorar una pieza de artesan\u00eda al natural hecha en uno de nuestros talleres colaboradores en Mexico.","robots":{"index":"index","follow":"follow","max-snippet":"max-snippet:-1","max-image-preview":"max-image-preview:large","max-video-preview":"max-video-preview:-1"},"canonical":"https:\/\/enraizarte.es\/en\/product\/decoracion-de-corazon-de-maderasabado-07-03-2026\/","og_locale":"en_GB","og_type":"article","og_title":"Decoraci\u00f3n de coraz\u00f3n de maderaS\u00c1BADO 07.03.2026 - Enraizarte","og_description":"Ven a pintar a pintar y decorar una pieza de artesan\u00eda al natural hecha en uno de nuestros talleres colaboradores en Mexico.","og_url":"https:\/\/enraizarte.es\/en\/product\/decoracion-de-corazon-de-maderasabado-07-03-2026\/","og_site_name":"Enraizarte","article_publisher":"https:\/\/www.facebook.com\/enraizartemex","article_modified_time":"2026-04-01T12:01:58+00:00","og_image":[{"width":2048,"height":2011,"url":"https:\/\/enraizarte.es\/wp-content\/uploads\/Foto-de-Irakere-Lima_11zon.webp","type":"image\/webp"}],"twitter_card":"summary_large_image","twitter_misc":{"Estimated reading time":"1 minute"},"schema":{"@context":"https:\/\/schema.org","@graph":[{"@type":"WebPage","@id":"https:\/\/enraizarte.es\/producto\/decoracion-de-corazon-de-maderasabado-07-03-2026\/","url":"https:\/\/enraizarte.es\/producto\/decoracion-de-corazon-de-maderasabado-07-03-2026\/","name":"Decoraci\u00f3n de coraz\u00f3n de madera S\u00c1BADO 07.03.2026 - Enraizarte","isPartOf":{"@id":"https:\/\/enraizarte.es\/#website"},"primaryImageOfPage":{"@id":"https:\/\/enraizarte.es\/producto\/decoracion-de-corazon-de-maderasabado-07-03-2026\/#primaryimage"},"image":{"@id":"https:\/\/enraizarte.es\/producto\/decoracion-de-corazon-de-maderasabado-07-03-2026\/#primaryimage"},"thumbnailUrl":"https:\/\/enraizarte.es\/wp-content\/uploads\/Foto-de-Irakere-Lima_11zon.webp","datePublished":"2025-12-30T09:25:08+00:00","dateModified":"2026-04-01T12:01:58+00:00","description":"Ven a pintar a pintar y decorar una pieza de artesan\u00eda al natural hecha en uno de nuestros talleres colaboradores en Mexico.","breadcrumb":{"@id":"https:\/\/enraizarte.es\/producto\/decoracion-de-corazon-de-maderasabado-07-03-2026\/#breadcrumb"},"inLanguage":"en-GB","potentialAction":[{"@type":"ReadAction","target":["https:\/\/enraizarte.es\/producto\/decoracion-de-corazon-de-maderasabado-07-03-2026\/"]}]},{"@type":"ImageObject","inLanguage":"en-GB","@id":"https:\/\/enraizarte.es\/producto\/decoracion-de-corazon-de-maderasabado-07-03-2026\/#primaryimage","url":"https:\/\/enraizarte.es\/wp-content\/uploads\/Foto-de-Irakere-Lima_11zon.webp","contentUrl":"https:\/\/enraizarte.es\/wp-content\/uploads\/Foto-de-Irakere-Lima_11zon.webp","width":2048,"height":2011},{"@type":"BreadcrumbList","@id":"https:\/\/enraizarte.es\/producto\/decoracion-de-corazon-de-maderasabado-07-03-2026\/#breadcrumb","itemListElement":[{"@type":"ListItem","position":1,"name":"Portada","item":"https:\/\/enraizarte.es\/"},{"@type":"ListItem","position":2,"name":"Tienda","item":"https:\/\/enraizarte.es\/tienda\/"},{"@type":"ListItem","position":3,"name":"Decoraci\u00f3n de coraz\u00f3n de maderaS\u00c1BADO 07.03.2026"}]},{"@type":"WebSite","@id":"https:\/\/enraizarte.es\/#website","url":"https:\/\/enraizarte.es\/","name":"Enraizarte","description":"Mexican crafts, craft workshops and original gifts","publisher":{"@id":"https:\/\/enraizarte.es\/#organization"},"potentialAction":[{"@type":"SearchAction","target":{"@type":"EntryPoint","urlTemplate":"https:\/\/enraizarte.es\/?s={search_term_string}"},"query-input":{"@type":"PropertyValueSpecification","valueRequired":true,"valueName":"search_term_string"}}],"inLanguage":"en-GB"},{"@type":"Organization","@id":"https:\/\/enraizarte.es\/#organization","name":"Enraizarte Mexican crafts store in Madrid","url":"https:\/\/enraizarte.es\/","logo":{"@type":"ImageObject","inLanguage":"en-GB","@id":"https:\/\/enraizarte.es\/#\/schema\/logo\/image\/","url":"https:\/\/enraizarte.es\/wp-content\/uploads\/enraizarte-artesania-mexicana.svg","contentUrl":"https:\/\/enraizarte.es\/wp-content\/uploads\/enraizarte-artesania-mexicana.svg","width":406,"height":111,"caption":"Enraizarte Tienda de artesan\u00eda mexicana en Madrir"},"image":{"@id":"https:\/\/enraizarte.es\/#\/schema\/logo\/image\/"},"sameAs":["https:\/\/www.facebook.com\/enraizartemex","https:\/\/www.instagram.com\/enraizartemex\/"]}]}},"_links":{"self":[{"href":"https:\/\/enraizarte.es\/en\/wp-json\/wp\/v2\/product\/5840","targetHints":{"allow":["GET"]}}],"collection":[{"href":"https:\/\/enraizarte.es\/en\/wp-json\/wp\/v2\/product"}],"about":[{"href":"https:\/\/enraizarte.es\/en\/wp-json\/wp\/v2\/types\/product"}],"replies":[{"embeddable":true,"href":"https:\/\/enraizarte.es\/en\/wp-json\/wp\/v2\/comments?post=5840"}],"wp:featuredmedia":[{"embeddable":true,"href":"https:\/\/enraizarte.es\/en\/wp-json\/wp\/v2\/media\/5378"}],"wp:attachment":[{"href":"https:\/\/enraizarte.es\/en\/wp-json\/wp\/v2\/media?parent=5840"}],"wp:term":[{"taxonomy":"product_brand","embeddable":true,"href":"https:\/\/enraizarte.es\/en\/wp-json\/wp\/v2\/product_brand?post=5840"},{"taxonomy":"product_cat","embeddable":true,"href":"https:\/\/enraizarte.es\/en\/wp-json\/wp\/v2\/product_cat?post=5840"},{"taxonomy":"product_tag","embeddable":true,"href":"https:\/\/enraizarte.es\/en\/wp-json\/wp\/v2\/product_tag?post=5840"}],"curies":[{"name":"wp","href":"https:\/\/api.w.org\/{rel}","templated":true}]}}