{"id":6108,"date":"2026-03-24T13:55:20","date_gmt":"2026-03-24T13:55:20","guid":{"rendered":"https:\/\/enraizarte.es\/?post_type=product&#038;p=6108"},"modified":"2026-04-06T16:10:57","modified_gmt":"2026-04-06T16:10:57","slug":"pinta-tu-lupita-sabado-25-04-2026","status":"publish","type":"product","link":"https:\/\/enraizarte.es\/en\/product\/pinta-tu-lupita-sabado-25-04-2026\/","title":{"rendered":"Paint your magnifying glass | SATURDAY 25.04.2026"},"content":{"rendered":"<p>We will paint and decorate a mold of a traditional papier-m\u00e2ch\u00e9 doll, made by a family workshop in Celaya, Guanajuato.<\/p>\n<p>The origin of the cardboard dolls called &#039;lupitas or peponas&#039; arose as an economical alternative for families who could not buy the expensive porcelain dolls that arrived from Europe at the end of the 19th century, and which had as their target customer the upper class families.<\/p>\n<p>The charming folk dolls that still exist in our time in Mexico.<\/p>\n<p>Workshop for ages 12 and up.<\/p>","protected":false},"excerpt":{"rendered":"<p>When making the reservation, you will pay <strong>35\u20ac<\/strong>, which will be deducted from the total price: <strong>55\u20ac<\/strong>. The remaining balance must be paid on the day of the workshop. <strong>20\u20ac<\/strong>.<\/p>\n<p>Opening times: <strong>11:00-14:00h<\/strong><br \/>\nPrice: <strong>55<\/strong><strong>\u00a0\u20ac<\/strong><br \/>\nInstructor:\u00a0<strong>Daniela<\/strong><br \/>\n*Includes all materials + coffee, tea and cookies.<\/p>\n<p>&nbsp;<\/p>\n<p>We will paint and decorate a mold of a traditional papier-m\u00e2ch\u00e9 doll, made by a family workshop in Celaya, Guanajuato.<br \/>\nThe origin of the cardboard dolls called &#039;lupitas or peponas&#039; arose as an economical alternative for families who could not buy the expensive porcelain dolls that arrived from Europe at the end of the 19th century, and which had as their target customer the upper class families.<br \/>\nThe charming folk dolls that still exist in our time in Mexico.<\/p>\n<p>Workshop for ages 12 and up.<\/p>","protected":false},"featured_media":6123,"comment_status":"closed","ping_status":"closed","template":"","meta":[],"product_brand":[],"product_cat":[294],"product_tag":[],"class_list":{"0":"post-6108","1":"product","2":"type-product","3":"status-publish","4":"has-post-thumbnail","6":"product_cat-talleres-artesania-mexicana","8":"first","9":"instock","10":"virtual","11":"purchasable","12":"product-type-simple"},"yoast_head":"<!-- This site is optimized with the Yoast SEO plugin v27.4 - https:\/\/yoast.com\/product\/yoast-seo-wordpress\/ -->\n<title>Pinta tu lupita | S\u00c1BADO 25.04.2026 - Enraizarte<\/title>\n<meta name=\"description\" content=\"Pintaremos y decoraremos un molde de una mu\u00f1eca de cartoner\u00eda tradicional, elaborada por un taller familiar de Celaya, Guanajuato.\" \/>\n<meta name=\"robots\" content=\"index, follow, max-snippet:-1, max-image-preview:large, max-video-preview:-1\" \/>\n<link rel=\"canonical\" href=\"https:\/\/enraizarte.es\/en\/product\/pinta-tu-lupita-sabado-25-04-2026\/\" \/>\n<meta property=\"og:locale\" content=\"en_GB\" \/>\n<meta property=\"og:type\" content=\"article\" \/>\n<meta property=\"og:title\" content=\"Pinta tu lupita | S\u00c1BADO 25.04.2026 - Enraizarte\" \/>\n<meta property=\"og:description\" content=\"Pintaremos y decoraremos un molde de una mu\u00f1eca de cartoner\u00eda tradicional, elaborada por un taller familiar de Celaya, Guanajuato.\" \/>\n<meta property=\"og:url\" content=\"https:\/\/enraizarte.es\/en\/product\/pinta-tu-lupita-sabado-25-04-2026\/\" \/>\n<meta property=\"og:site_name\" content=\"Enraizarte\" \/>\n<meta property=\"article:publisher\" content=\"https:\/\/www.facebook.com\/enraizartemex\" \/>\n<meta property=\"article:modified_time\" content=\"2026-04-06T16:10:57+00:00\" \/>\n<meta property=\"og:image\" content=\"https:\/\/enraizarte.es\/wp-content\/uploads\/Img-pinta-tu-lupita.webp\" \/>\n\t<meta property=\"og:image:width\" content=\"1500\" \/>\n\t<meta property=\"og:image:height\" content=\"2000\" \/>\n\t<meta property=\"og:image:type\" content=\"image\/webp\" \/>\n<meta name=\"twitter:card\" content=\"summary_large_image\" \/>\n<meta name=\"twitter:label1\" content=\"Estimated reading time\" \/>\n\t<meta name=\"twitter:data1\" content=\"1 minute\" \/>\n<script type=\"application\/ld+json\" class=\"yoast-schema-graph\">{\"@context\":\"https:\\\/\\\/schema.org\",\"@graph\":[{\"@type\":\"WebPage\",\"@id\":\"https:\\\/\\\/enraizarte.es\\\/producto\\\/pinta-tu-lupita-sabado-25-04-2026\\\/\",\"url\":\"https:\\\/\\\/enraizarte.es\\\/producto\\\/pinta-tu-lupita-sabado-25-04-2026\\\/\",\"name\":\"Pinta tu lupita | S\u00c1BADO 25.04.2026 - Enraizarte\",\"isPartOf\":{\"@id\":\"https:\\\/\\\/enraizarte.es\\\/#website\"},\"primaryImageOfPage\":{\"@id\":\"https:\\\/\\\/enraizarte.es\\\/producto\\\/pinta-tu-lupita-sabado-25-04-2026\\\/#primaryimage\"},\"image\":{\"@id\":\"https:\\\/\\\/enraizarte.es\\\/producto\\\/pinta-tu-lupita-sabado-25-04-2026\\\/#primaryimage\"},\"thumbnailUrl\":\"https:\\\/\\\/enraizarte.es\\\/wp-content\\\/uploads\\\/Img-pinta-tu-lupita.webp\",\"datePublished\":\"2026-03-24T13:55:20+00:00\",\"dateModified\":\"2026-04-06T16:10:57+00:00\",\"description\":\"Pintaremos y decoraremos un molde de una mu\u00f1eca de cartoner\u00eda tradicional, elaborada por un taller familiar de Celaya, Guanajuato.\",\"breadcrumb\":{\"@id\":\"https:\\\/\\\/enraizarte.es\\\/producto\\\/pinta-tu-lupita-sabado-25-04-2026\\\/#breadcrumb\"},\"inLanguage\":\"en-GB\",\"potentialAction\":[{\"@type\":\"ReadAction\",\"target\":[\"https:\\\/\\\/enraizarte.es\\\/producto\\\/pinta-tu-lupita-sabado-25-04-2026\\\/\"]}]},{\"@type\":\"ImageObject\",\"inLanguage\":\"en-GB\",\"@id\":\"https:\\\/\\\/enraizarte.es\\\/producto\\\/pinta-tu-lupita-sabado-25-04-2026\\\/#primaryimage\",\"url\":\"https:\\\/\\\/enraizarte.es\\\/wp-content\\\/uploads\\\/Img-pinta-tu-lupita.webp\",\"contentUrl\":\"https:\\\/\\\/enraizarte.es\\\/wp-content\\\/uploads\\\/Img-pinta-tu-lupita.webp\",\"width\":1500,\"height\":2000},{\"@type\":\"BreadcrumbList\",\"@id\":\"https:\\\/\\\/enraizarte.es\\\/producto\\\/pinta-tu-lupita-sabado-25-04-2026\\\/#breadcrumb\",\"itemListElement\":[{\"@type\":\"ListItem\",\"position\":1,\"name\":\"Portada\",\"item\":\"https:\\\/\\\/enraizarte.es\\\/\"},{\"@type\":\"ListItem\",\"position\":2,\"name\":\"Tienda\",\"item\":\"https:\\\/\\\/enraizarte.es\\\/tienda\\\/\"},{\"@type\":\"ListItem\",\"position\":3,\"name\":\"Pinta tu lupita | S\u00c1BADO 25.04.2026\"}]},{\"@type\":\"WebSite\",\"@id\":\"https:\\\/\\\/enraizarte.es\\\/#website\",\"url\":\"https:\\\/\\\/enraizarte.es\\\/\",\"name\":\"Enraizarte\",\"description\":\"Artesan\u00eda mexicana, talleres de artesan\u00eda y regalos originales\",\"publisher\":{\"@id\":\"https:\\\/\\\/enraizarte.es\\\/#organization\"},\"potentialAction\":[{\"@type\":\"SearchAction\",\"target\":{\"@type\":\"EntryPoint\",\"urlTemplate\":\"https:\\\/\\\/enraizarte.es\\\/?s={search_term_string}\"},\"query-input\":{\"@type\":\"PropertyValueSpecification\",\"valueRequired\":true,\"valueName\":\"search_term_string\"}}],\"inLanguage\":\"en-GB\"},{\"@type\":\"Organization\",\"@id\":\"https:\\\/\\\/enraizarte.es\\\/#organization\",\"name\":\"Enraizarte Tienda de artesan\u00eda mexicana en Madrir\",\"url\":\"https:\\\/\\\/enraizarte.es\\\/\",\"logo\":{\"@type\":\"ImageObject\",\"inLanguage\":\"en-GB\",\"@id\":\"https:\\\/\\\/enraizarte.es\\\/#\\\/schema\\\/logo\\\/image\\\/\",\"url\":\"https:\\\/\\\/enraizarte.es\\\/wp-content\\\/uploads\\\/enraizarte-artesania-mexicana.svg\",\"contentUrl\":\"https:\\\/\\\/enraizarte.es\\\/wp-content\\\/uploads\\\/enraizarte-artesania-mexicana.svg\",\"width\":406,\"height\":111,\"caption\":\"Enraizarte Tienda de artesan\u00eda mexicana en Madrir\"},\"image\":{\"@id\":\"https:\\\/\\\/enraizarte.es\\\/#\\\/schema\\\/logo\\\/image\\\/\"},\"sameAs\":[\"https:\\\/\\\/www.facebook.com\\\/enraizartemex\",\"https:\\\/\\\/www.instagram.com\\\/enraizartemex\\\/\"]}]}<\/script>\n<!-- \/ Yoast SEO plugin. -->","yoast_head_json":{"title":"Pinta tu lupita | S\u00c1BADO 25.04.2026 - Enraizarte","description":"We will paint and decorate a mold of a traditional papier-m\u00e2ch\u00e9 doll, made by a family workshop in Celaya, Guanajuato.","robots":{"index":"index","follow":"follow","max-snippet":"max-snippet:-1","max-image-preview":"max-image-preview:large","max-video-preview":"max-video-preview:-1"},"canonical":"https:\/\/enraizarte.es\/en\/product\/pinta-tu-lupita-sabado-25-04-2026\/","og_locale":"en_GB","og_type":"article","og_title":"Pinta tu lupita | S\u00c1BADO 25.04.2026 - Enraizarte","og_description":"Pintaremos y decoraremos un molde de una mu\u00f1eca de cartoner\u00eda tradicional, elaborada por un taller familiar de Celaya, Guanajuato.","og_url":"https:\/\/enraizarte.es\/en\/product\/pinta-tu-lupita-sabado-25-04-2026\/","og_site_name":"Enraizarte","article_publisher":"https:\/\/www.facebook.com\/enraizartemex","article_modified_time":"2026-04-06T16:10:57+00:00","og_image":[{"width":1500,"height":2000,"url":"https:\/\/enraizarte.es\/wp-content\/uploads\/Img-pinta-tu-lupita.webp","type":"image\/webp"}],"twitter_card":"summary_large_image","twitter_misc":{"Estimated reading time":"1 minute"},"schema":{"@context":"https:\/\/schema.org","@graph":[{"@type":"WebPage","@id":"https:\/\/enraizarte.es\/producto\/pinta-tu-lupita-sabado-25-04-2026\/","url":"https:\/\/enraizarte.es\/producto\/pinta-tu-lupita-sabado-25-04-2026\/","name":"Pinta tu lupita | S\u00c1BADO 25.04.2026 - Enraizarte","isPartOf":{"@id":"https:\/\/enraizarte.es\/#website"},"primaryImageOfPage":{"@id":"https:\/\/enraizarte.es\/producto\/pinta-tu-lupita-sabado-25-04-2026\/#primaryimage"},"image":{"@id":"https:\/\/enraizarte.es\/producto\/pinta-tu-lupita-sabado-25-04-2026\/#primaryimage"},"thumbnailUrl":"https:\/\/enraizarte.es\/wp-content\/uploads\/Img-pinta-tu-lupita.webp","datePublished":"2026-03-24T13:55:20+00:00","dateModified":"2026-04-06T16:10:57+00:00","description":"We will paint and decorate a mold of a traditional papier-m\u00e2ch\u00e9 doll, made by a family workshop in Celaya, Guanajuato.","breadcrumb":{"@id":"https:\/\/enraizarte.es\/producto\/pinta-tu-lupita-sabado-25-04-2026\/#breadcrumb"},"inLanguage":"en-GB","potentialAction":[{"@type":"ReadAction","target":["https:\/\/enraizarte.es\/producto\/pinta-tu-lupita-sabado-25-04-2026\/"]}]},{"@type":"ImageObject","inLanguage":"en-GB","@id":"https:\/\/enraizarte.es\/producto\/pinta-tu-lupita-sabado-25-04-2026\/#primaryimage","url":"https:\/\/enraizarte.es\/wp-content\/uploads\/Img-pinta-tu-lupita.webp","contentUrl":"https:\/\/enraizarte.es\/wp-content\/uploads\/Img-pinta-tu-lupita.webp","width":1500,"height":2000},{"@type":"BreadcrumbList","@id":"https:\/\/enraizarte.es\/producto\/pinta-tu-lupita-sabado-25-04-2026\/#breadcrumb","itemListElement":[{"@type":"ListItem","position":1,"name":"Portada","item":"https:\/\/enraizarte.es\/"},{"@type":"ListItem","position":2,"name":"Tienda","item":"https:\/\/enraizarte.es\/tienda\/"},{"@type":"ListItem","position":3,"name":"Pinta tu lupita | S\u00c1BADO 25.04.2026"}]},{"@type":"WebSite","@id":"https:\/\/enraizarte.es\/#website","url":"https:\/\/enraizarte.es\/","name":"Enraizarte","description":"Mexican crafts, craft workshops and original gifts","publisher":{"@id":"https:\/\/enraizarte.es\/#organization"},"potentialAction":[{"@type":"SearchAction","target":{"@type":"EntryPoint","urlTemplate":"https:\/\/enraizarte.es\/?s={search_term_string}"},"query-input":{"@type":"PropertyValueSpecification","valueRequired":true,"valueName":"search_term_string"}}],"inLanguage":"en-GB"},{"@type":"Organization","@id":"https:\/\/enraizarte.es\/#organization","name":"Enraizarte Mexican crafts store in Madrid","url":"https:\/\/enraizarte.es\/","logo":{"@type":"ImageObject","inLanguage":"en-GB","@id":"https:\/\/enraizarte.es\/#\/schema\/logo\/image\/","url":"https:\/\/enraizarte.es\/wp-content\/uploads\/enraizarte-artesania-mexicana.svg","contentUrl":"https:\/\/enraizarte.es\/wp-content\/uploads\/enraizarte-artesania-mexicana.svg","width":406,"height":111,"caption":"Enraizarte Tienda de artesan\u00eda mexicana en Madrir"},"image":{"@id":"https:\/\/enraizarte.es\/#\/schema\/logo\/image\/"},"sameAs":["https:\/\/www.facebook.com\/enraizartemex","https:\/\/www.instagram.com\/enraizartemex\/"]}]}},"_links":{"self":[{"href":"https:\/\/enraizarte.es\/en\/wp-json\/wp\/v2\/product\/6108","targetHints":{"allow":["GET"]}}],"collection":[{"href":"https:\/\/enraizarte.es\/en\/wp-json\/wp\/v2\/product"}],"about":[{"href":"https:\/\/enraizarte.es\/en\/wp-json\/wp\/v2\/types\/product"}],"replies":[{"embeddable":true,"href":"https:\/\/enraizarte.es\/en\/wp-json\/wp\/v2\/comments?post=6108"}],"wp:featuredmedia":[{"embeddable":true,"href":"https:\/\/enraizarte.es\/en\/wp-json\/wp\/v2\/media\/6123"}],"wp:attachment":[{"href":"https:\/\/enraizarte.es\/en\/wp-json\/wp\/v2\/media?parent=6108"}],"wp:term":[{"taxonomy":"product_brand","embeddable":true,"href":"https:\/\/enraizarte.es\/en\/wp-json\/wp\/v2\/product_brand?post=6108"},{"taxonomy":"product_cat","embeddable":true,"href":"https:\/\/enraizarte.es\/en\/wp-json\/wp\/v2\/product_cat?post=6108"},{"taxonomy":"product_tag","embeddable":true,"href":"https:\/\/enraizarte.es\/en\/wp-json\/wp\/v2\/product_tag?post=6108"}],"curies":[{"name":"wp","href":"https:\/\/api.w.org\/{rel}","templated":true}]}}